{"id":5865,"date":"2021-04-15T17:10:29","date_gmt":"2021-04-15T15:10:29","guid":{"rendered":"https:\/\/www.campingduvieuxmoulin.fr\/services\/"},"modified":"2024-06-12T15:36:53","modified_gmt":"2024-06-12T13:36:53","slug":"dienstleistungen","status":"publish","type":"page","link":"https:\/\/www.campingduvieuxmoulin.fr\/de\/dienstleistungen\/","title":{"rendered":"DIENSTLEISTUNGEN"},"content":{"rendered":"<div class=\"text-image-new style1 image-left\"><div class=\"text-image-new-colonne\"><H2 class=\"text-image-new-titre\">Das Restaurant des Campingplatzes in Vensac<\/H2><div class=\"text-image-new-content\"><p>Ein direkter Zugang zum Bar-Restaurant Le Vieux Moulin erm\u00f6glicht es Ihnen, leckere Gerichte f\u00fcr Ihren Hunger vor Ort zu finden.<\/p>\n<\/div><\/div><div class=\"text-image-new-colonne\"><img decoding=\"async\" src=\"https:\/\/www.campingduvieuxmoulin.fr\/wp-content\/uploads\/2024\/03\/restaurant-camping-vensac.jpg\" alt=\"Restaurant Campingplatz vensac\" class=\"text-image-new-thumb\" \/><\/div><\/div>\n\n<div class=\"text-image-new style1 image-right\"><div class=\"text-image-new-colonne\"><H2 class=\"text-image-new-titre\">Dienstleistungen, die f\u00fcr alle Camper zug\u00e4nglich sind<\/H2><div class=\"text-image-new-content\"><ul>\n<li>Ein voll ausgestatteter, sehr ger\u00e4umiger kollektiver Sanit\u00e4rbereich (auch f\u00fcr Personen mit eingeschr\u00e4nkter Mobilit\u00e4t): warme Duschen, Waschbecken, individuelle Toiletten und Kindertoiletten sind vorhanden.<\/li>\n<li>Au\u00dferdem finden Sie drei Grills.<\/li>\n<li>Eine Waschmaschine und ein Trockner mit M\u00fcnzeinwurf sind in der Waschk\u00fcche des Sanit\u00e4rgeb\u00e4udes zug\u00e4nglich.<\/li>\n<li>WIFI auf dem gesamten Campingplatz (kostenpflichtig)<\/li>\n<\/ul>\n<\/div><a class=\"bouton\" href=\"\/wp-content\/uploads\/2023\/01\/Grille-de-prix-portail-web-francais-multilingue.pdf\" target=\"_blank\" rel=\"noopener\">Die Preise f\u00fcr Wifi<\/a><\/div><div class=\"text-image-new-colonne\"><img decoding=\"async\" src=\"https:\/\/www.campingduvieuxmoulin.fr\/wp-content\/uploads\/2024\/03\/services-camping-vensac.jpg\" alt=\"dienstleistungen camping vensac\" class=\"text-image-new-thumb\" \/><\/div><\/div>","protected":false},"excerpt":{"rendered":"","protected":false},"author":1,"featured_media":7695,"parent":0,"menu_order":0,"comment_status":"closed","ping_status":"closed","template":"","meta":{"_acf_changed":false,"footnotes":""},"class_list":["post-5865","page","type-page","status-publish","has-post-thumbnail","hentry"],"acf":[],"yoast_head":"<!-- This site is optimized with the Yoast SEO plugin v27.3 - https:\/\/yoast.com\/product\/yoast-seo-wordpress\/ -->\n<title>Campingplatz mit Service und Verpflegung im M\u00e9doc, Gironde<\/title>\n<meta name=\"description\" content=\"Entdecken Sie die Serviceleistungen unseres 2-Sterne-Campingplatzes im M\u00e9doc, in Vensac in der Gironde. Serviceleistungen, um sich w\u00e4hrend Ihres Campingaufenthalts um Sie zu k\u00fcmmern!\" \/>\n<meta name=\"robots\" content=\"index, follow, max-snippet:-1, max-image-preview:large, max-video-preview:-1\" \/>\n<link rel=\"canonical\" href=\"https:\/\/www.campingduvieuxmoulin.fr\/de\/dienstleistungen\/\" \/>\n<meta property=\"og:locale\" content=\"de_DE\" \/>\n<meta property=\"og:type\" content=\"article\" \/>\n<meta property=\"og:title\" content=\"Campingplatz mit Service und Verpflegung im M\u00e9doc, Gironde\" \/>\n<meta property=\"og:description\" content=\"Entdecken Sie die Serviceleistungen unseres 2-Sterne-Campingplatzes im M\u00e9doc, in Vensac in der Gironde. Serviceleistungen, um sich w\u00e4hrend Ihres Campingaufenthalts um Sie zu k\u00fcmmern!\" \/>\n<meta property=\"og:url\" content=\"https:\/\/www.campingduvieuxmoulin.fr\/de\/dienstleistungen\/\" \/>\n<meta property=\"og:site_name\" content=\"Camping du Vieux Moulin\" \/>\n<meta property=\"article:modified_time\" content=\"2024-06-12T13:36:53+00:00\" \/>\n<meta property=\"og:image\" content=\"https:\/\/www.campingduvieuxmoulin.fr\/wp-content\/uploads\/2023\/01\/SERVICES-1-scaled.jpg\" \/>\n\t<meta property=\"og:image:width\" content=\"2560\" \/>\n\t<meta property=\"og:image:height\" content=\"1297\" \/>\n\t<meta property=\"og:image:type\" content=\"image\/jpeg\" \/>\n<meta name=\"twitter:card\" content=\"summary_large_image\" \/>\n<script type=\"application\/ld+json\" class=\"yoast-schema-graph\">{\"@context\":\"https:\\\/\\\/schema.org\",\"@graph\":[{\"@type\":\"WebPage\",\"@id\":\"https:\\\/\\\/www.campingduvieuxmoulin.fr\\\/de\\\/dienstleistungen\\\/\",\"url\":\"https:\\\/\\\/www.campingduvieuxmoulin.fr\\\/de\\\/dienstleistungen\\\/\",\"name\":\"Campingplatz mit Service und Verpflegung im M\u00e9doc, Gironde\",\"isPartOf\":{\"@id\":\"https:\\\/\\\/www.campingduvieuxmoulin.fr\\\/de\\\/#website\"},\"primaryImageOfPage\":{\"@id\":\"https:\\\/\\\/www.campingduvieuxmoulin.fr\\\/de\\\/dienstleistungen\\\/#primaryimage\"},\"image\":{\"@id\":\"https:\\\/\\\/www.campingduvieuxmoulin.fr\\\/de\\\/dienstleistungen\\\/#primaryimage\"},\"thumbnailUrl\":\"https:\\\/\\\/www.campingduvieuxmoulin.fr\\\/wp-content\\\/uploads\\\/2026\\\/01\\\/VieuxMoulin_NoirBrillant_2025-005.jpg\",\"datePublished\":\"2021-04-15T15:10:29+00:00\",\"dateModified\":\"2024-06-12T13:36:53+00:00\",\"description\":\"Entdecken Sie die Serviceleistungen unseres 2-Sterne-Campingplatzes im M\u00e9doc, in Vensac in der Gironde. Serviceleistungen, um sich w\u00e4hrend Ihres Campingaufenthalts um Sie zu k\u00fcmmern!\",\"breadcrumb\":{\"@id\":\"https:\\\/\\\/www.campingduvieuxmoulin.fr\\\/de\\\/dienstleistungen\\\/#breadcrumb\"},\"inLanguage\":\"de\",\"potentialAction\":[{\"@type\":\"ReadAction\",\"target\":[\"https:\\\/\\\/www.campingduvieuxmoulin.fr\\\/de\\\/dienstleistungen\\\/\"]}]},{\"@type\":\"ImageObject\",\"inLanguage\":\"de\",\"@id\":\"https:\\\/\\\/www.campingduvieuxmoulin.fr\\\/de\\\/dienstleistungen\\\/#primaryimage\",\"url\":\"https:\\\/\\\/www.campingduvieuxmoulin.fr\\\/wp-content\\\/uploads\\\/2026\\\/01\\\/VieuxMoulin_NoirBrillant_2025-005.jpg\",\"contentUrl\":\"https:\\\/\\\/www.campingduvieuxmoulin.fr\\\/wp-content\\\/uploads\\\/2026\\\/01\\\/VieuxMoulin_NoirBrillant_2025-005.jpg\",\"width\":2048,\"height\":1365,\"caption\":\"Restauration \\\/ P\u00e9tanque\"},{\"@type\":\"BreadcrumbList\",\"@id\":\"https:\\\/\\\/www.campingduvieuxmoulin.fr\\\/de\\\/dienstleistungen\\\/#breadcrumb\",\"itemListElement\":[{\"@type\":\"ListItem\",\"position\":1,\"name\":\"Camping Gironde\",\"item\":\"https:\\\/\\\/www.campingduvieuxmoulin.fr\\\/de\\\/\"},{\"@type\":\"ListItem\",\"position\":2,\"name\":\"Campingplatz mit Dienstleistungen in Vensac\"}]},{\"@type\":\"WebSite\",\"@id\":\"https:\\\/\\\/www.campingduvieuxmoulin.fr\\\/de\\\/#website\",\"url\":\"https:\\\/\\\/www.campingduvieuxmoulin.fr\\\/de\\\/\",\"name\":\"Camping du Vieux Moulin\",\"description\":\"\",\"potentialAction\":[{\"@type\":\"SearchAction\",\"target\":{\"@type\":\"EntryPoint\",\"urlTemplate\":\"https:\\\/\\\/www.campingduvieuxmoulin.fr\\\/de\\\/?s={search_term_string}\"},\"query-input\":{\"@type\":\"PropertyValueSpecification\",\"valueRequired\":true,\"valueName\":\"search_term_string\"}}],\"inLanguage\":\"de\"}]}<\/script>\n<!-- \/ Yoast SEO plugin. -->","yoast_head_json":{"title":"Campingplatz mit Service und Verpflegung im M\u00e9doc, Gironde","description":"Entdecken Sie die Serviceleistungen unseres 2-Sterne-Campingplatzes im M\u00e9doc, in Vensac in der Gironde. Serviceleistungen, um sich w\u00e4hrend Ihres Campingaufenthalts um Sie zu k\u00fcmmern!","robots":{"index":"index","follow":"follow","max-snippet":"max-snippet:-1","max-image-preview":"max-image-preview:large","max-video-preview":"max-video-preview:-1"},"canonical":"https:\/\/www.campingduvieuxmoulin.fr\/de\/dienstleistungen\/","og_locale":"de_DE","og_type":"article","og_title":"Campingplatz mit Service und Verpflegung im M\u00e9doc, Gironde","og_description":"Entdecken Sie die Serviceleistungen unseres 2-Sterne-Campingplatzes im M\u00e9doc, in Vensac in der Gironde. Serviceleistungen, um sich w\u00e4hrend Ihres Campingaufenthalts um Sie zu k\u00fcmmern!","og_url":"https:\/\/www.campingduvieuxmoulin.fr\/de\/dienstleistungen\/","og_site_name":"Camping du Vieux Moulin","article_modified_time":"2024-06-12T13:36:53+00:00","og_image":[{"width":2560,"height":1297,"url":"https:\/\/www.campingduvieuxmoulin.fr\/wp-content\/uploads\/2023\/01\/SERVICES-1-scaled.jpg","type":"image\/jpeg"}],"twitter_card":"summary_large_image","schema":{"@context":"https:\/\/schema.org","@graph":[{"@type":"WebPage","@id":"https:\/\/www.campingduvieuxmoulin.fr\/de\/dienstleistungen\/","url":"https:\/\/www.campingduvieuxmoulin.fr\/de\/dienstleistungen\/","name":"Campingplatz mit Service und Verpflegung im M\u00e9doc, Gironde","isPartOf":{"@id":"https:\/\/www.campingduvieuxmoulin.fr\/de\/#website"},"primaryImageOfPage":{"@id":"https:\/\/www.campingduvieuxmoulin.fr\/de\/dienstleistungen\/#primaryimage"},"image":{"@id":"https:\/\/www.campingduvieuxmoulin.fr\/de\/dienstleistungen\/#primaryimage"},"thumbnailUrl":"https:\/\/www.campingduvieuxmoulin.fr\/wp-content\/uploads\/2026\/01\/VieuxMoulin_NoirBrillant_2025-005.jpg","datePublished":"2021-04-15T15:10:29+00:00","dateModified":"2024-06-12T13:36:53+00:00","description":"Entdecken Sie die Serviceleistungen unseres 2-Sterne-Campingplatzes im M\u00e9doc, in Vensac in der Gironde. Serviceleistungen, um sich w\u00e4hrend Ihres Campingaufenthalts um Sie zu k\u00fcmmern!","breadcrumb":{"@id":"https:\/\/www.campingduvieuxmoulin.fr\/de\/dienstleistungen\/#breadcrumb"},"inLanguage":"de","potentialAction":[{"@type":"ReadAction","target":["https:\/\/www.campingduvieuxmoulin.fr\/de\/dienstleistungen\/"]}]},{"@type":"ImageObject","inLanguage":"de","@id":"https:\/\/www.campingduvieuxmoulin.fr\/de\/dienstleistungen\/#primaryimage","url":"https:\/\/www.campingduvieuxmoulin.fr\/wp-content\/uploads\/2026\/01\/VieuxMoulin_NoirBrillant_2025-005.jpg","contentUrl":"https:\/\/www.campingduvieuxmoulin.fr\/wp-content\/uploads\/2026\/01\/VieuxMoulin_NoirBrillant_2025-005.jpg","width":2048,"height":1365,"caption":"Restauration \/ P\u00e9tanque"},{"@type":"BreadcrumbList","@id":"https:\/\/www.campingduvieuxmoulin.fr\/de\/dienstleistungen\/#breadcrumb","itemListElement":[{"@type":"ListItem","position":1,"name":"Camping Gironde","item":"https:\/\/www.campingduvieuxmoulin.fr\/de\/"},{"@type":"ListItem","position":2,"name":"Campingplatz mit Dienstleistungen in Vensac"}]},{"@type":"WebSite","@id":"https:\/\/www.campingduvieuxmoulin.fr\/de\/#website","url":"https:\/\/www.campingduvieuxmoulin.fr\/de\/","name":"Camping du Vieux Moulin","description":"","potentialAction":[{"@type":"SearchAction","target":{"@type":"EntryPoint","urlTemplate":"https:\/\/www.campingduvieuxmoulin.fr\/de\/?s={search_term_string}"},"query-input":{"@type":"PropertyValueSpecification","valueRequired":true,"valueName":"search_term_string"}}],"inLanguage":"de"}]}},"_links":{"self":[{"href":"https:\/\/www.campingduvieuxmoulin.fr\/de\/wp-json\/wp\/v2\/pages\/5865","targetHints":{"allow":["GET"]}}],"collection":[{"href":"https:\/\/www.campingduvieuxmoulin.fr\/de\/wp-json\/wp\/v2\/pages"}],"about":[{"href":"https:\/\/www.campingduvieuxmoulin.fr\/de\/wp-json\/wp\/v2\/types\/page"}],"author":[{"embeddable":true,"href":"https:\/\/www.campingduvieuxmoulin.fr\/de\/wp-json\/wp\/v2\/users\/1"}],"replies":[{"embeddable":true,"href":"https:\/\/www.campingduvieuxmoulin.fr\/de\/wp-json\/wp\/v2\/comments?post=5865"}],"version-history":[{"count":2,"href":"https:\/\/www.campingduvieuxmoulin.fr\/de\/wp-json\/wp\/v2\/pages\/5865\/revisions"}],"predecessor-version":[{"id":5872,"href":"https:\/\/www.campingduvieuxmoulin.fr\/de\/wp-json\/wp\/v2\/pages\/5865\/revisions\/5872"}],"wp:featuredmedia":[{"embeddable":true,"href":"https:\/\/www.campingduvieuxmoulin.fr\/de\/wp-json\/wp\/v2\/media\/7695"}],"wp:attachment":[{"href":"https:\/\/www.campingduvieuxmoulin.fr\/de\/wp-json\/wp\/v2\/media?parent=5865"}],"curies":[{"name":"wp","href":"https:\/\/api.w.org\/{rel}","templated":true}]}}