{"id":5993,"date":"2021-07-21T13:42:38","date_gmt":"2021-07-21T11:42:38","guid":{"rendered":"https:\/\/www.campingduvieuxmoulin.fr\/location-mobil-home-soulac-2\/"},"modified":"2024-06-13T09:42:27","modified_gmt":"2024-06-13T07:42:27","slug":"vermietung-mobilheim-soulac","status":"publish","type":"page","link":"https:\/\/www.campingduvieuxmoulin.fr\/de\/vermietung-mobilheim-soulac\/","title":{"rendered":"Vermietung von Mobilheimen in Soulac"},"content":{"rendered":"<div class=\"bloc-texte full\"><div class=\"texte left\"><p>Im Dorf Vensac im S\u00fcdwesten Frankreichs (Nouvelle-Aquitaine) erwartet Sie der 3-Sterne-Campingplatz Le Vieux Moulin in der N\u00e4he von Soulac, der Sie in einer gr\u00fcnen Umgebung empf\u00e4ngt. Im Rahmen Ihres Campingaufenthalts in der Gironde stellt es Urlaubern mehrere Mobilheimreihen zur Miete in Vensac zur Verf\u00fcgung. Diese Unterkunftsl\u00f6sung mit gutem Preis-Leistungs-Verh\u00e4ltnis erfreut sich bei den Kunden unseres Campingplatzes gro\u00dfer Beliebtheit und bietet einen komfortablen Aufenthalt mit allen praktischen integrierten Einrichtungen. Egal, ob Sie ein Paar oder eine Familie mit Kindern sind, die Vermietung eines Mobilheims in der N\u00e4he von Soulac ist eine interessante Option f\u00fcr einen Campingaufenthalt in der Gironde am Strand, in einem Gebiet, das bald \u00fcber eine nat\u00fcrliche Lagune und einen Badebereich mit Hallenbad verf\u00fcgen wird. Wenn Sie Informationen \u00fcber unsere Unterk\u00fcnfte oder unsere ausgezeichneten Dienstleistungen ben\u00f6tigen, z\u00f6gern Sie nicht, unseren Campingplatz zu kontaktieren!<\/p>\n<\/div><\/div>\n\n<div class=\"hebergement-home\"><div class=\"glider-contain glider-contain-hebergements\"><div class=\"hebergements glider\" id=\"glider-hebergements\"><a class=\"hebergement hebergement--init hebergement--style-1 hebergement_link \"id=\"5790\" href=\"https:\/\/www.campingduvieuxmoulin.fr\/de\/hebergements\/zelt-lodge-2-ch\/\"><div class=\"hebergement_image img-overlay\"><img decoding=\"async\" src=\"https:\/\/www.campingduvieuxmoulin.fr\/wp-content\/uploads\/2023\/11\/1685913755322-1-700x525.jpg\" alt=\"\" class=\"heberg_image\" srcset=\"https:\/\/www.campingduvieuxmoulin.fr\/wp-content\/uploads\/2023\/11\/1685913755322-1-scaled.jpg 1706w, https:\/\/www.campingduvieuxmoulin.fr\/wp-content\/uploads\/2023\/11\/1685913755322-1-200x300.jpg 200w, https:\/\/www.campingduvieuxmoulin.fr\/wp-content\/uploads\/2023\/11\/1685913755322-1-682x1024.jpg 682w, https:\/\/www.campingduvieuxmoulin.fr\/wp-content\/uploads\/2023\/11\/1685913755322-1-768x1153.jpg 768w, https:\/\/www.campingduvieuxmoulin.fr\/wp-content\/uploads\/2023\/11\/1685913755322-1-1023x1536.jpg 1023w, https:\/\/www.campingduvieuxmoulin.fr\/wp-content\/uploads\/2023\/11\/1685913755322-1-1365x2048.jpg 1365w, https:\/\/www.campingduvieuxmoulin.fr\/wp-content\/uploads\/2023\/11\/1685913755322-1-67x100.jpg 67w\"\/><\/div><div class=\"hebergement_content\"><div class=\"hebergement_titre hebergement_titre decoration\">Lodgezelt mit 2 Schlafzimmern<\/div><div class=\"hebergement_infos\"><div class=\"hebergement_info\"><img decoding=\"async\" src=\"https:\/\/www.campingduvieuxmoulin.fr\/wp-content\/themes\/Nature%26Residence\/images\/capacite.png\" class=\"no-lazy\" alt=\"capacit\u00e9 Lodgezelt mit 2 Schlafzimmern\" \/>5 pers<\/div><div class=\"hebergement_info\"><img decoding=\"async\" src=\"https:\/\/www.campingduvieuxmoulin.fr\/wp-content\/themes\/Nature%26Residence\/images\/chambres.png\" class=\"no-lazy\" alt=\"chambres Lodgezelt mit 2 Schlafzimmern\" \/>2 Schlafzimmer<\/div><\/div><\/div><\/a><a class=\"hebergement hebergement--init hebergement--style-1 hebergement_link \"id=\"5787\" href=\"https:\/\/www.campingduvieuxmoulin.fr\/de\/hebergements\/mobilheim-xxl-4-schlafzimmer\/\"><div class=\"hebergement_image img-overlay\"><img decoding=\"async\" src=\"https:\/\/www.campingduvieuxmoulin.fr\/wp-content\/uploads\/2024\/06\/XXL2-R-R-BD-700x525.jpg\" alt=\"\" class=\"heberg_image\" srcset=\"https:\/\/www.campingduvieuxmoulin.fr\/wp-content\/uploads\/2024\/06\/XXL2-R-R-BD.jpg 2048w, https:\/\/www.campingduvieuxmoulin.fr\/wp-content\/uploads\/2024\/06\/XXL2-R-R-BD-300x200.jpg 300w, https:\/\/www.campingduvieuxmoulin.fr\/wp-content\/uploads\/2024\/06\/XXL2-R-R-BD-1024x683.jpg 1024w, https:\/\/www.campingduvieuxmoulin.fr\/wp-content\/uploads\/2024\/06\/XXL2-R-R-BD-768x512.jpg 768w, https:\/\/www.campingduvieuxmoulin.fr\/wp-content\/uploads\/2024\/06\/XXL2-R-R-BD-1536x1024.jpg 1536w, https:\/\/www.campingduvieuxmoulin.fr\/wp-content\/uploads\/2024\/06\/XXL2-R-R-BD-100x67.jpg 100w\"\/><\/div><div class=\"hebergement_content\"><div class=\"hebergement_titre hebergement_titre decoration\">XXL-Mobilheim 4 Schlafzimmer<\/div><div class=\"hebergement_infos\"><div class=\"hebergement_info\"><img decoding=\"async\" src=\"https:\/\/www.campingduvieuxmoulin.fr\/wp-content\/themes\/Nature%26Residence\/images\/superficie.png\" class=\"no-lazy\" alt=\"superficie XXL-Mobilheim 4 Schlafzimmer\" \/>37m2<\/div><div class=\"hebergement_info\"><img decoding=\"async\" src=\"https:\/\/www.campingduvieuxmoulin.fr\/wp-content\/themes\/Nature%26Residence\/images\/capacite.png\" class=\"no-lazy\" alt=\"capacit\u00e9 XXL-Mobilheim 4 Schlafzimmer\" \/>8 pers<\/div><div class=\"hebergement_info\"><img decoding=\"async\" src=\"https:\/\/www.campingduvieuxmoulin.fr\/wp-content\/themes\/Nature%26Residence\/images\/chambres.png\" class=\"no-lazy\" alt=\"chambres XXL-Mobilheim 4 Schlafzimmer\" \/>4 Schlafzimmer<\/div><\/div><\/div><\/a><a class=\"hebergement hebergement--init hebergement--style-1 hebergement_link \"id=\"5782\" href=\"https:\/\/www.campingduvieuxmoulin.fr\/de\/hebergements\/mobilheim-6-8-personen\/\"><div class=\"hebergement_image img-overlay\"><img decoding=\"async\" src=\"https:\/\/www.campingduvieuxmoulin.fr\/wp-content\/uploads\/2021\/04\/DJI_20240918164920_0986_D-R-BD-700x525.jpg\" alt=\"\" class=\"heberg_image\" srcset=\"https:\/\/www.campingduvieuxmoulin.fr\/wp-content\/uploads\/2021\/04\/DJI_20240918164920_0986_D-R-BD.jpg 2048w, https:\/\/www.campingduvieuxmoulin.fr\/wp-content\/uploads\/2021\/04\/DJI_20240918164920_0986_D-R-BD-300x200.jpg 300w, https:\/\/www.campingduvieuxmoulin.fr\/wp-content\/uploads\/2021\/04\/DJI_20240918164920_0986_D-R-BD-1024x683.jpg 1024w, https:\/\/www.campingduvieuxmoulin.fr\/wp-content\/uploads\/2021\/04\/DJI_20240918164920_0986_D-R-BD-768x512.jpg 768w, https:\/\/www.campingduvieuxmoulin.fr\/wp-content\/uploads\/2021\/04\/DJI_20240918164920_0986_D-R-BD-1536x1024.jpg 1536w, https:\/\/www.campingduvieuxmoulin.fr\/wp-content\/uploads\/2021\/04\/DJI_20240918164920_0986_D-R-BD-100x67.jpg 100w\"\/><\/div><div class=\"hebergement_content\"><div class=\"hebergement_titre hebergement_titre decoration\">Komfort-Mobilheim mit 3 Schlafzimmern<\/div><div class=\"hebergement_infos\"><div class=\"hebergement_info\"><img decoding=\"async\" src=\"https:\/\/www.campingduvieuxmoulin.fr\/wp-content\/themes\/Nature%26Residence\/images\/superficie.png\" class=\"no-lazy\" alt=\"superficie Komfort-Mobilheim mit 3 Schlafzimmern\" \/>32m2<\/div><div class=\"hebergement_info\"><img decoding=\"async\" src=\"https:\/\/www.campingduvieuxmoulin.fr\/wp-content\/themes\/Nature%26Residence\/images\/capacite.png\" class=\"no-lazy\" alt=\"capacit\u00e9 Komfort-Mobilheim mit 3 Schlafzimmern\" \/>6\/8 pers<\/div><div class=\"hebergement_info\"><img decoding=\"async\" src=\"https:\/\/www.campingduvieuxmoulin.fr\/wp-content\/themes\/Nature%26Residence\/images\/chambres.png\" class=\"no-lazy\" alt=\"chambres Komfort-Mobilheim mit 3 Schlafzimmern\" \/>3 Schlafzimmer<\/div><\/div><\/div><\/a><a class=\"hebergement hebergement--init hebergement--style-1 hebergement_link \"id=\"5778\" href=\"https:\/\/www.campingduvieuxmoulin.fr\/de\/hebergements\/mobilheim-4-5-personen\/\"><div class=\"hebergement_image img-overlay\"><img decoding=\"async\" src=\"https:\/\/www.campingduvieuxmoulin.fr\/wp-content\/uploads\/2021\/04\/MH-L02-R1-R-BD-700x525.jpg\" alt=\"\" class=\"heberg_image\" srcset=\"https:\/\/www.campingduvieuxmoulin.fr\/wp-content\/uploads\/2021\/04\/MH-L02-R1-R-BD.jpg 2048w, https:\/\/www.campingduvieuxmoulin.fr\/wp-content\/uploads\/2021\/04\/MH-L02-R1-R-BD-300x200.jpg 300w, https:\/\/www.campingduvieuxmoulin.fr\/wp-content\/uploads\/2021\/04\/MH-L02-R1-R-BD-1024x683.jpg 1024w, https:\/\/www.campingduvieuxmoulin.fr\/wp-content\/uploads\/2021\/04\/MH-L02-R1-R-BD-768x512.jpg 768w, https:\/\/www.campingduvieuxmoulin.fr\/wp-content\/uploads\/2021\/04\/MH-L02-R1-R-BD-1536x1024.jpg 1536w, https:\/\/www.campingduvieuxmoulin.fr\/wp-content\/uploads\/2021\/04\/MH-L02-R1-R-BD-100x67.jpg 100w\"\/><\/div><div class=\"hebergement_content\"><div class=\"hebergement_titre hebergement_titre decoration\">Komfort-Mobilheim mit 2 Schlafzimmern<\/div><div class=\"hebergement_infos\"><div class=\"hebergement_info\"><img decoding=\"async\" src=\"https:\/\/www.campingduvieuxmoulin.fr\/wp-content\/themes\/Nature%26Residence\/images\/superficie.png\" class=\"no-lazy\" alt=\"superficie Komfort-Mobilheim mit 2 Schlafzimmern\" \/>22m2<\/div><div class=\"hebergement_info\"><img decoding=\"async\" src=\"https:\/\/www.campingduvieuxmoulin.fr\/wp-content\/themes\/Nature%26Residence\/images\/capacite.png\" class=\"no-lazy\" alt=\"capacit\u00e9 Komfort-Mobilheim mit 2 Schlafzimmern\" \/>4 \u00e0 5 pers<\/div><div class=\"hebergement_info\"><img decoding=\"async\" src=\"https:\/\/www.campingduvieuxmoulin.fr\/wp-content\/themes\/Nature%26Residence\/images\/chambres.png\" class=\"no-lazy\" alt=\"chambres Komfort-Mobilheim mit 2 Schlafzimmern\" \/>2 Schlafzimmer<\/div><\/div><\/div><\/a><a class=\"hebergement hebergement--init hebergement--style-1 hebergement_link \"id=\"5774\" href=\"https:\/\/www.campingduvieuxmoulin.fr\/de\/hebergements\/mobilheim-4-personen\/\"><div class=\"hebergement_image img-overlay\"><img decoding=\"async\" src=\"https:\/\/www.campingduvieuxmoulin.fr\/wp-content\/uploads\/2021\/01\/MH-L16-R-BD-700x525.jpg\" alt=\"\" class=\"heberg_image\" srcset=\"https:\/\/www.campingduvieuxmoulin.fr\/wp-content\/uploads\/2021\/01\/MH-L16-R-BD.jpg 2048w, https:\/\/www.campingduvieuxmoulin.fr\/wp-content\/uploads\/2021\/01\/MH-L16-R-BD-300x200.jpg 300w, https:\/\/www.campingduvieuxmoulin.fr\/wp-content\/uploads\/2021\/01\/MH-L16-R-BD-1024x683.jpg 1024w, https:\/\/www.campingduvieuxmoulin.fr\/wp-content\/uploads\/2021\/01\/MH-L16-R-BD-768x512.jpg 768w, https:\/\/www.campingduvieuxmoulin.fr\/wp-content\/uploads\/2021\/01\/MH-L16-R-BD-1536x1024.jpg 1536w, https:\/\/www.campingduvieuxmoulin.fr\/wp-content\/uploads\/2021\/01\/MH-L16-R-BD-100x67.jpg 100w\"\/><\/div><div class=\"hebergement_content\"><div class=\"hebergement_titre hebergement_titre decoration\">ECO-Mobilheim mit 2 Schlafzimmern<\/div><div class=\"hebergement_infos\"><div class=\"hebergement_info\"><img decoding=\"async\" src=\"https:\/\/www.campingduvieuxmoulin.fr\/wp-content\/themes\/Nature%26Residence\/images\/superficie.png\" class=\"no-lazy\" alt=\"superficie ECO-Mobilheim mit 2 Schlafzimmern\" \/>24m2<\/div><div class=\"hebergement_info\"><img decoding=\"async\" src=\"https:\/\/www.campingduvieuxmoulin.fr\/wp-content\/themes\/Nature%26Residence\/images\/capacite.png\" class=\"no-lazy\" alt=\"capacit\u00e9 ECO-Mobilheim mit 2 Schlafzimmern\" \/>4 pers<\/div><div class=\"hebergement_info\"><img decoding=\"async\" src=\"https:\/\/www.campingduvieuxmoulin.fr\/wp-content\/themes\/Nature%26Residence\/images\/chambres.png\" class=\"no-lazy\" alt=\"chambres ECO-Mobilheim mit 2 Schlafzimmern\" \/>2 Schlafzimmer<\/div><\/div><\/div><\/a><\/div><button aria-label=\"Previous\" class=\"glider-prev glider-prev-hebergements\"><\/button><button aria-label=\"Next\" class=\"glider-next glider-next-hebergements\"><\/button><\/div><\/div>\n\n<div class=\"text-image-new style1 image-right background-marron\"><div class=\"text-image-new-colonne\"><H2 class=\"text-image-new-titre\">Buchen Sie ein Mobilheim f\u00fcr 2 Personen in der N\u00e4he von Soulac<\/H2><div class=\"text-image-new-content\"><p>Duos, die zum Campen in die Gegend kommen, k\u00f6nnen dank der Mobilheimmiete f\u00fcr ein paar N\u00e4chte zu g\u00fcnstigen Preisen in der N\u00e4he von Soulac in Strandn\u00e4he g\u00fcnstiger \u00fcbernachten. Auf dem st\u00e4dtischen Campingplatz Vieux Moulin gibt es zwei Arten von Mobilheimen, die f\u00fcr Paare geeignet sind, eines in der klassischen Version und das andere in der \u00d6ko-Version f\u00fcr einen \u00f6kologischen Campingplatz mit Zugang zum Schwimmbad. Tats\u00e4chlich bietet Ihnen die Umgebung des Ortes eine angenehme Atmosph\u00e4re, die die Natur v\u00f6llig respektiert, weshalb der bewaldete Park, der den Ort ausmacht, ihn zu einem idealen Ort f\u00fcr ein paar N\u00e4chte Camping macht. Nur wenige Schritte von Soulac in Nouvelle-Aquitaine entfernt k\u00f6nnen Sie Ihre Koffer in einem ger\u00e4umigen Mobilheim mit gro\u00dfer Balkonterrasse abgeben. Im Grunde handelt es sich um Mobilheime f\u00fcr 4 Personen mit 3 Zimmern, darunter 2 Schlafzimmern, die sich jedoch mit ihrem Doppelzimmer mit gro\u00dfem Bett f\u00fcr erholsame N\u00e4chte auch f\u00fcr zwei Personen eignen.<\/p>\n<\/div><p class=\"lire-plus\">Mehr lesen<\/p><div class=\"text-image-new-content-more hide\"><p>Grunds\u00e4tzlich ist Ihr Mobilheim f\u00fcr 2 Personen in der N\u00e4he von Soulac gro\u00df genug, ohne dass die Gefahr besteht, dass es beengt wird. Verbringen Sie Ihren Urlaub mit Ihrer Familie, Ihren Kindern oder Freunden auf einem der besten Campingpl\u00e4tze in Vensac, in der N\u00e4he von Soulac und Royan, und bilden Sie sich Ihre eigene Meinung \u00fcber die Gironde! F\u00fcr weitere Informationen zu den Dienstleistungen eines unserer Campingpl\u00e4tze, wie z. B. der Vermietung von Mobilheimen in der N\u00e4he von Soulac-sur-Mer, kontaktieren Sie uns oder konsultieren Sie unsere Kundenbewertungen! Gerne geben wir Ihnen weitere Informationen zu unseren Unterk\u00fcnften, unseren ausgezeichneten Dienstleistungen (Restaurant, Schwimmbad usw.) sowie zu Aktivit\u00e4ten oder Sehensw\u00fcrdigkeiten in der Umgebung (Vendays-Montalivet, Saint-Vivien-de-M\u00e9doc)!<\/p>\n<\/div><p class=\"lire-moins hide\">Lese weniger<\/p><\/div><div class=\"text-image-new-colonne\"><img decoding=\"async\" src=\"https:\/\/www.campingduvieuxmoulin.fr\/wp-content\/uploads\/2024\/03\/tente-lodge-2-personnes.jpg\" alt=\"Mobilheimvermietung f\u00fcr 2 Personen Soulac\" class=\"text-image-new-thumb\" \/><\/div><\/div>\n\n<div class=\"text-image-new style1 image-left\"><div class=\"text-image-new-colonne\"><H2 class=\"text-image-new-titre\">Vermietung von Familienmobilheimen in der N\u00e4he von Soulac<\/H2><div class=\"text-image-new-content\"><p>Hinweis f\u00fcr Fans von Campingferien f\u00fcr Familien mit Kindern. Wenn Sie an der K\u00fcste der Gironde in der Stadt Soulac-sur-Mer in Strandn\u00e4he im S\u00fcden Frankreichs neue Energie tanken m\u00f6chten, ist die Vermietung von Familienmobilheimen in der N\u00e4he von Soulac genau das Richtige f\u00fcr Sie. Das Vieux Moulin wiederum ist das nahegelegene Ferienzentrum, das Mobilheime f\u00fcr Gruppen in der N\u00e4he von Soulac in Neu-Aquitanien vermietet. F\u00fcr Stammg\u00e4ste ist das Mobilheim f\u00fcr 6\/8 Personen ein 32 m2 gro\u00dfes Mobilheim mit einer 24 m2 gro\u00dfen \u00fcberdachten Terrasse mit Gartenm\u00f6beln. Es gibt 4 Zimmer, darunter 3 Schlafzimmer, einen Wohnbereich mit K\u00fcche und ein Badezimmer.<\/p>\n<p>Ferienunterk\u00fcnfte mit allem, was Sie f\u00fcr einen angenehmen Aufenthalt in der Gironde ben\u00f6tigen, mitten im Zentrum von Nouvelle-Aquitaine und in der N\u00e4he der sch\u00f6nsten Str\u00e4nde der Region. Neben komfortablen Unterk\u00fcnften bietet Ihnen unser Campingplatz erstklassige Dienstleistungen (Wasserbereich mit Schwimmbad und Restaurant mit k\u00f6stlichen Speisen). F\u00fcr weitere Informationen zur Lage eines unserer Campingpl\u00e4tze kontaktieren Sie uns oder konsultieren Sie unsere Kundenbewertungen! Wir freuen uns darauf, Sie in unserem Strandanwesen begr\u00fc\u00dfen zu d\u00fcrfen, um die Sommersaison zu genie\u00dfen!<\/p>\n<\/div><\/div><div class=\"text-image-new-colonne\"><img decoding=\"async\" src=\"https:\/\/www.campingduvieuxmoulin.fr\/wp-content\/uploads\/2021\/06\/MH_2CH_4pers.jpg\" alt=\"Vermietung von Mobilheimen f\u00fcr Familien in Soulac\" class=\"text-image-new-thumb\" \/><\/div><\/div>","protected":false},"excerpt":{"rendered":"","protected":false},"author":2,"featured_media":4095,"parent":0,"menu_order":0,"comment_status":"closed","ping_status":"closed","template":"","meta":{"_acf_changed":false,"footnotes":""},"class_list":["post-5993","page","type-page","status-publish","has-post-thumbnail","hentry"],"acf":[],"yoast_head":"<!-- This site is optimized with the Yoast SEO plugin v27.4 - https:\/\/yoast.com\/product\/yoast-seo-wordpress\/ -->\n<title>Mobilheimvermietung Soulac-sur-Mer | Buchen Sie Ihren Campingurlaub<\/title>\n<meta name=\"description\" content=\"Entdecken Sie alle verf\u00fcgbaren Mobilheime f\u00fcr Ihren n\u00e4chsten Urlaub und Campingaufenthalt in Soulac-sur-Mer.\" \/>\n<meta name=\"robots\" content=\"index, follow, max-snippet:-1, max-image-preview:large, max-video-preview:-1\" \/>\n<link rel=\"canonical\" href=\"https:\/\/www.campingduvieuxmoulin.fr\/de\/vermietung-mobilheim-soulac\/\" \/>\n<meta property=\"og:locale\" content=\"de_DE\" \/>\n<meta property=\"og:type\" content=\"article\" \/>\n<meta property=\"og:title\" content=\"Mobilheimvermietung Soulac-sur-Mer | Buchen Sie Ihren Campingurlaub\" \/>\n<meta property=\"og:description\" content=\"Entdecken Sie alle verf\u00fcgbaren Mobilheime f\u00fcr Ihren n\u00e4chsten Urlaub und Campingaufenthalt in Soulac-sur-Mer.\" \/>\n<meta property=\"og:url\" content=\"https:\/\/www.campingduvieuxmoulin.fr\/de\/vermietung-mobilheim-soulac\/\" \/>\n<meta property=\"og:site_name\" content=\"Camping du Vieux Moulin\" \/>\n<meta property=\"article:modified_time\" content=\"2024-06-13T07:42:27+00:00\" \/>\n<meta property=\"og:image\" content=\"https:\/\/www.campingduvieuxmoulin.fr\/wp-content\/uploads\/2021\/07\/soulac-sur-mer.jpg\" \/>\n\t<meta property=\"og:image:width\" content=\"1200\" \/>\n\t<meta property=\"og:image:height\" content=\"700\" \/>\n\t<meta property=\"og:image:type\" content=\"image\/jpeg\" \/>\n<meta name=\"twitter:card\" content=\"summary_large_image\" \/>\n<script type=\"application\/ld+json\" class=\"yoast-schema-graph\">{\"@context\":\"https:\\\/\\\/schema.org\",\"@graph\":[{\"@type\":\"WebPage\",\"@id\":\"https:\\\/\\\/www.campingduvieuxmoulin.fr\\\/de\\\/vermietung-mobilheim-soulac\\\/\",\"url\":\"https:\\\/\\\/www.campingduvieuxmoulin.fr\\\/de\\\/vermietung-mobilheim-soulac\\\/\",\"name\":\"Mobilheimvermietung Soulac-sur-Mer | Buchen Sie Ihren Campingurlaub\",\"isPartOf\":{\"@id\":\"https:\\\/\\\/www.campingduvieuxmoulin.fr\\\/de\\\/#website\"},\"primaryImageOfPage\":{\"@id\":\"https:\\\/\\\/www.campingduvieuxmoulin.fr\\\/de\\\/vermietung-mobilheim-soulac\\\/#primaryimage\"},\"image\":{\"@id\":\"https:\\\/\\\/www.campingduvieuxmoulin.fr\\\/de\\\/vermietung-mobilheim-soulac\\\/#primaryimage\"},\"thumbnailUrl\":\"https:\\\/\\\/www.campingduvieuxmoulin.fr\\\/wp-content\\\/uploads\\\/2021\\\/07\\\/soulac-sur-mer.jpg\",\"datePublished\":\"2021-07-21T11:42:38+00:00\",\"dateModified\":\"2024-06-13T07:42:27+00:00\",\"description\":\"Entdecken Sie alle verf\u00fcgbaren Mobilheime f\u00fcr Ihren n\u00e4chsten Urlaub und Campingaufenthalt in Soulac-sur-Mer.\",\"breadcrumb\":{\"@id\":\"https:\\\/\\\/www.campingduvieuxmoulin.fr\\\/de\\\/vermietung-mobilheim-soulac\\\/#breadcrumb\"},\"inLanguage\":\"de\",\"potentialAction\":[{\"@type\":\"ReadAction\",\"target\":[\"https:\\\/\\\/www.campingduvieuxmoulin.fr\\\/de\\\/vermietung-mobilheim-soulac\\\/\"]}]},{\"@type\":\"ImageObject\",\"inLanguage\":\"de\",\"@id\":\"https:\\\/\\\/www.campingduvieuxmoulin.fr\\\/de\\\/vermietung-mobilheim-soulac\\\/#primaryimage\",\"url\":\"https:\\\/\\\/www.campingduvieuxmoulin.fr\\\/wp-content\\\/uploads\\\/2021\\\/07\\\/soulac-sur-mer.jpg\",\"contentUrl\":\"https:\\\/\\\/www.campingduvieuxmoulin.fr\\\/wp-content\\\/uploads\\\/2021\\\/07\\\/soulac-sur-mer.jpg\",\"width\":\"1200\",\"height\":\"700\"},{\"@type\":\"BreadcrumbList\",\"@id\":\"https:\\\/\\\/www.campingduvieuxmoulin.fr\\\/de\\\/vermietung-mobilheim-soulac\\\/#breadcrumb\",\"itemListElement\":[{\"@type\":\"ListItem\",\"position\":1,\"name\":\"Camping Gironde\",\"item\":\"https:\\\/\\\/www.campingduvieuxmoulin.fr\\\/de\\\/\"},{\"@type\":\"ListItem\",\"position\":2,\"name\":\"Mobilheimvermietung in der N\u00e4he von Soulac-sur-Mer\"}]},{\"@type\":\"WebSite\",\"@id\":\"https:\\\/\\\/www.campingduvieuxmoulin.fr\\\/de\\\/#website\",\"url\":\"https:\\\/\\\/www.campingduvieuxmoulin.fr\\\/de\\\/\",\"name\":\"Camping du Vieux Moulin\",\"description\":\"\",\"potentialAction\":[{\"@type\":\"SearchAction\",\"target\":{\"@type\":\"EntryPoint\",\"urlTemplate\":\"https:\\\/\\\/www.campingduvieuxmoulin.fr\\\/de\\\/?s={search_term_string}\"},\"query-input\":{\"@type\":\"PropertyValueSpecification\",\"valueRequired\":true,\"valueName\":\"search_term_string\"}}],\"inLanguage\":\"de\"}]}<\/script>\n<!-- \/ Yoast SEO plugin. -->","yoast_head_json":{"title":"Mobilheimvermietung Soulac-sur-Mer | Buchen Sie Ihren Campingurlaub","description":"Entdecken Sie alle verf\u00fcgbaren Mobilheime f\u00fcr Ihren n\u00e4chsten Urlaub und Campingaufenthalt in Soulac-sur-Mer.","robots":{"index":"index","follow":"follow","max-snippet":"max-snippet:-1","max-image-preview":"max-image-preview:large","max-video-preview":"max-video-preview:-1"},"canonical":"https:\/\/www.campingduvieuxmoulin.fr\/de\/vermietung-mobilheim-soulac\/","og_locale":"de_DE","og_type":"article","og_title":"Mobilheimvermietung Soulac-sur-Mer | Buchen Sie Ihren Campingurlaub","og_description":"Entdecken Sie alle verf\u00fcgbaren Mobilheime f\u00fcr Ihren n\u00e4chsten Urlaub und Campingaufenthalt in Soulac-sur-Mer.","og_url":"https:\/\/www.campingduvieuxmoulin.fr\/de\/vermietung-mobilheim-soulac\/","og_site_name":"Camping du Vieux Moulin","article_modified_time":"2024-06-13T07:42:27+00:00","og_image":[{"width":1200,"height":700,"url":"https:\/\/www.campingduvieuxmoulin.fr\/wp-content\/uploads\/2021\/07\/soulac-sur-mer.jpg","type":"image\/jpeg"}],"twitter_card":"summary_large_image","schema":{"@context":"https:\/\/schema.org","@graph":[{"@type":"WebPage","@id":"https:\/\/www.campingduvieuxmoulin.fr\/de\/vermietung-mobilheim-soulac\/","url":"https:\/\/www.campingduvieuxmoulin.fr\/de\/vermietung-mobilheim-soulac\/","name":"Mobilheimvermietung Soulac-sur-Mer | Buchen Sie Ihren Campingurlaub","isPartOf":{"@id":"https:\/\/www.campingduvieuxmoulin.fr\/de\/#website"},"primaryImageOfPage":{"@id":"https:\/\/www.campingduvieuxmoulin.fr\/de\/vermietung-mobilheim-soulac\/#primaryimage"},"image":{"@id":"https:\/\/www.campingduvieuxmoulin.fr\/de\/vermietung-mobilheim-soulac\/#primaryimage"},"thumbnailUrl":"https:\/\/www.campingduvieuxmoulin.fr\/wp-content\/uploads\/2021\/07\/soulac-sur-mer.jpg","datePublished":"2021-07-21T11:42:38+00:00","dateModified":"2024-06-13T07:42:27+00:00","description":"Entdecken Sie alle verf\u00fcgbaren Mobilheime f\u00fcr Ihren n\u00e4chsten Urlaub und Campingaufenthalt in Soulac-sur-Mer.","breadcrumb":{"@id":"https:\/\/www.campingduvieuxmoulin.fr\/de\/vermietung-mobilheim-soulac\/#breadcrumb"},"inLanguage":"de","potentialAction":[{"@type":"ReadAction","target":["https:\/\/www.campingduvieuxmoulin.fr\/de\/vermietung-mobilheim-soulac\/"]}]},{"@type":"ImageObject","inLanguage":"de","@id":"https:\/\/www.campingduvieuxmoulin.fr\/de\/vermietung-mobilheim-soulac\/#primaryimage","url":"https:\/\/www.campingduvieuxmoulin.fr\/wp-content\/uploads\/2021\/07\/soulac-sur-mer.jpg","contentUrl":"https:\/\/www.campingduvieuxmoulin.fr\/wp-content\/uploads\/2021\/07\/soulac-sur-mer.jpg","width":"1200","height":"700"},{"@type":"BreadcrumbList","@id":"https:\/\/www.campingduvieuxmoulin.fr\/de\/vermietung-mobilheim-soulac\/#breadcrumb","itemListElement":[{"@type":"ListItem","position":1,"name":"Camping Gironde","item":"https:\/\/www.campingduvieuxmoulin.fr\/de\/"},{"@type":"ListItem","position":2,"name":"Mobilheimvermietung in der N\u00e4he von Soulac-sur-Mer"}]},{"@type":"WebSite","@id":"https:\/\/www.campingduvieuxmoulin.fr\/de\/#website","url":"https:\/\/www.campingduvieuxmoulin.fr\/de\/","name":"Camping du Vieux Moulin","description":"","potentialAction":[{"@type":"SearchAction","target":{"@type":"EntryPoint","urlTemplate":"https:\/\/www.campingduvieuxmoulin.fr\/de\/?s={search_term_string}"},"query-input":{"@type":"PropertyValueSpecification","valueRequired":true,"valueName":"search_term_string"}}],"inLanguage":"de"}]}},"_links":{"self":[{"href":"https:\/\/www.campingduvieuxmoulin.fr\/de\/wp-json\/wp\/v2\/pages\/5993","targetHints":{"allow":["GET"]}}],"collection":[{"href":"https:\/\/www.campingduvieuxmoulin.fr\/de\/wp-json\/wp\/v2\/pages"}],"about":[{"href":"https:\/\/www.campingduvieuxmoulin.fr\/de\/wp-json\/wp\/v2\/types\/page"}],"author":[{"embeddable":true,"href":"https:\/\/www.campingduvieuxmoulin.fr\/de\/wp-json\/wp\/v2\/users\/2"}],"replies":[{"embeddable":true,"href":"https:\/\/www.campingduvieuxmoulin.fr\/de\/wp-json\/wp\/v2\/comments?post=5993"}],"version-history":[{"count":2,"href":"https:\/\/www.campingduvieuxmoulin.fr\/de\/wp-json\/wp\/v2\/pages\/5993\/revisions"}],"predecessor-version":[{"id":6003,"href":"https:\/\/www.campingduvieuxmoulin.fr\/de\/wp-json\/wp\/v2\/pages\/5993\/revisions\/6003"}],"wp:featuredmedia":[{"embeddable":true,"href":"https:\/\/www.campingduvieuxmoulin.fr\/de\/wp-json\/wp\/v2\/media\/4095"}],"wp:attachment":[{"href":"https:\/\/www.campingduvieuxmoulin.fr\/de\/wp-json\/wp\/v2\/media?parent=5993"}],"curies":[{"name":"wp","href":"https:\/\/api.w.org\/{rel}","templated":true}]}}