{"id":6014,"date":"2021-07-21T13:42:23","date_gmt":"2021-07-21T11:42:23","guid":{"rendered":"https:\/\/www.campingduvieuxmoulin.fr\/location-mobil-home-montalivet\/"},"modified":"2024-06-13T09:56:33","modified_gmt":"2024-06-13T07:56:33","slug":"vermietung-mobilheim-montalivet","status":"publish","type":"page","link":"https:\/\/www.campingduvieuxmoulin.fr\/de\/vermietung-mobilheim-montalivet\/","title":{"rendered":"Mobilheimvermietung Montalivet"},"content":{"rendered":"<div class=\"bloc-texte full\"><div class=\"texte left\"><p>W\u00e4hrend Ihrer Reise im D\u00e9partement Gironde pr\u00e4sentiert sich der Campingplatz Vieux Moulin in Vensac in Strandn\u00e4he, ganz in der N\u00e4he von Vendays-Montalivet, als idealer Familienurlaubsort mit Kindern. Dieser mit 2 Sternen ausgezeichnete Campingplatz in Nouvelle-Aquitaine verf\u00fcgt \u00fcber einen Badebereich in der N\u00e4he Ihres Mobilheims in der N\u00e4he von Montalivet. Genug, um in diesem kleinen K\u00fcstenort im S\u00fcdwesten Frankreichs neben dem Baden im Meer auch einen Urlaub am Wasser zu genie\u00dfen. Hier finden Sie die Unterkunftsm\u00f6glichkeiten mit Terrasse und Gartenm\u00f6beln f\u00fcr den Aufenthalt in einem Mobilheim in Vensac.<\/p>\n<\/div><\/div>\n\n<div class=\"hebergement-home\"><div class=\"glider-contain glider-contain-hebergements\"><div class=\"hebergements glider\" id=\"glider-hebergements\"><a class=\"hebergement hebergement--init hebergement--style-1 hebergement_link \"id=\"5790\" href=\"https:\/\/www.campingduvieuxmoulin.fr\/de\/hebergements\/zelt-lodge-2-ch\/\"><div class=\"hebergement_image img-overlay\"><img decoding=\"async\" src=\"https:\/\/www.campingduvieuxmoulin.fr\/wp-content\/uploads\/2023\/11\/1685913755322-1-700x525.jpg\" alt=\"\" class=\"heberg_image\" srcset=\"https:\/\/www.campingduvieuxmoulin.fr\/wp-content\/uploads\/2023\/11\/1685913755322-1-scaled.jpg 1706w, https:\/\/www.campingduvieuxmoulin.fr\/wp-content\/uploads\/2023\/11\/1685913755322-1-200x300.jpg 200w, https:\/\/www.campingduvieuxmoulin.fr\/wp-content\/uploads\/2023\/11\/1685913755322-1-682x1024.jpg 682w, https:\/\/www.campingduvieuxmoulin.fr\/wp-content\/uploads\/2023\/11\/1685913755322-1-768x1153.jpg 768w, https:\/\/www.campingduvieuxmoulin.fr\/wp-content\/uploads\/2023\/11\/1685913755322-1-1023x1536.jpg 1023w, https:\/\/www.campingduvieuxmoulin.fr\/wp-content\/uploads\/2023\/11\/1685913755322-1-1365x2048.jpg 1365w, https:\/\/www.campingduvieuxmoulin.fr\/wp-content\/uploads\/2023\/11\/1685913755322-1-67x100.jpg 67w\"\/><\/div><div class=\"hebergement_content\"><div class=\"hebergement_titre hebergement_titre decoration\">Lodgezelt mit 2 Schlafzimmern<\/div><div class=\"hebergement_infos\"><div class=\"hebergement_info\"><img decoding=\"async\" src=\"https:\/\/www.campingduvieuxmoulin.fr\/wp-content\/themes\/Nature%26Residence\/images\/capacite.png\" class=\"no-lazy\" alt=\"capacit\u00e9 Lodgezelt mit 2 Schlafzimmern\" \/>5 pers<\/div><div class=\"hebergement_info\"><img decoding=\"async\" src=\"https:\/\/www.campingduvieuxmoulin.fr\/wp-content\/themes\/Nature%26Residence\/images\/chambres.png\" class=\"no-lazy\" alt=\"chambres Lodgezelt mit 2 Schlafzimmern\" \/>2 Schlafzimmer<\/div><\/div><\/div><\/a><a class=\"hebergement hebergement--init hebergement--style-1 hebergement_link \"id=\"5787\" href=\"https:\/\/www.campingduvieuxmoulin.fr\/de\/hebergements\/mobilheim-xxl-4-schlafzimmer\/\"><div class=\"hebergement_image img-overlay\"><img decoding=\"async\" src=\"https:\/\/www.campingduvieuxmoulin.fr\/wp-content\/uploads\/2024\/06\/XXL2-R-R-BD-700x525.jpg\" alt=\"\" class=\"heberg_image\" srcset=\"https:\/\/www.campingduvieuxmoulin.fr\/wp-content\/uploads\/2024\/06\/XXL2-R-R-BD.jpg 2048w, https:\/\/www.campingduvieuxmoulin.fr\/wp-content\/uploads\/2024\/06\/XXL2-R-R-BD-300x200.jpg 300w, https:\/\/www.campingduvieuxmoulin.fr\/wp-content\/uploads\/2024\/06\/XXL2-R-R-BD-1024x683.jpg 1024w, https:\/\/www.campingduvieuxmoulin.fr\/wp-content\/uploads\/2024\/06\/XXL2-R-R-BD-768x512.jpg 768w, https:\/\/www.campingduvieuxmoulin.fr\/wp-content\/uploads\/2024\/06\/XXL2-R-R-BD-1536x1024.jpg 1536w, https:\/\/www.campingduvieuxmoulin.fr\/wp-content\/uploads\/2024\/06\/XXL2-R-R-BD-100x67.jpg 100w\"\/><\/div><div class=\"hebergement_content\"><div class=\"hebergement_titre hebergement_titre decoration\">XXL-Mobilheim 4 Schlafzimmer<\/div><div class=\"hebergement_infos\"><div class=\"hebergement_info\"><img decoding=\"async\" src=\"https:\/\/www.campingduvieuxmoulin.fr\/wp-content\/themes\/Nature%26Residence\/images\/superficie.png\" class=\"no-lazy\" alt=\"superficie XXL-Mobilheim 4 Schlafzimmer\" \/>37m2<\/div><div class=\"hebergement_info\"><img decoding=\"async\" src=\"https:\/\/www.campingduvieuxmoulin.fr\/wp-content\/themes\/Nature%26Residence\/images\/capacite.png\" class=\"no-lazy\" alt=\"capacit\u00e9 XXL-Mobilheim 4 Schlafzimmer\" \/>8 pers<\/div><div class=\"hebergement_info\"><img decoding=\"async\" src=\"https:\/\/www.campingduvieuxmoulin.fr\/wp-content\/themes\/Nature%26Residence\/images\/chambres.png\" class=\"no-lazy\" alt=\"chambres XXL-Mobilheim 4 Schlafzimmer\" \/>4 Schlafzimmer<\/div><\/div><\/div><\/a><a class=\"hebergement hebergement--init hebergement--style-1 hebergement_link \"id=\"5782\" href=\"https:\/\/www.campingduvieuxmoulin.fr\/de\/hebergements\/mobilheim-6-8-personen\/\"><div class=\"hebergement_image img-overlay\"><img decoding=\"async\" src=\"https:\/\/www.campingduvieuxmoulin.fr\/wp-content\/uploads\/2021\/04\/DJI_20240918164920_0986_D-R-BD-700x525.jpg\" alt=\"\" class=\"heberg_image\" srcset=\"https:\/\/www.campingduvieuxmoulin.fr\/wp-content\/uploads\/2021\/04\/DJI_20240918164920_0986_D-R-BD.jpg 2048w, https:\/\/www.campingduvieuxmoulin.fr\/wp-content\/uploads\/2021\/04\/DJI_20240918164920_0986_D-R-BD-300x200.jpg 300w, https:\/\/www.campingduvieuxmoulin.fr\/wp-content\/uploads\/2021\/04\/DJI_20240918164920_0986_D-R-BD-1024x683.jpg 1024w, https:\/\/www.campingduvieuxmoulin.fr\/wp-content\/uploads\/2021\/04\/DJI_20240918164920_0986_D-R-BD-768x512.jpg 768w, https:\/\/www.campingduvieuxmoulin.fr\/wp-content\/uploads\/2021\/04\/DJI_20240918164920_0986_D-R-BD-1536x1024.jpg 1536w, https:\/\/www.campingduvieuxmoulin.fr\/wp-content\/uploads\/2021\/04\/DJI_20240918164920_0986_D-R-BD-100x67.jpg 100w\"\/><\/div><div class=\"hebergement_content\"><div class=\"hebergement_titre hebergement_titre decoration\">Komfort-Mobilheim mit 3 Schlafzimmern<\/div><div class=\"hebergement_infos\"><div class=\"hebergement_info\"><img decoding=\"async\" src=\"https:\/\/www.campingduvieuxmoulin.fr\/wp-content\/themes\/Nature%26Residence\/images\/superficie.png\" class=\"no-lazy\" alt=\"superficie Komfort-Mobilheim mit 3 Schlafzimmern\" \/>32m2<\/div><div class=\"hebergement_info\"><img decoding=\"async\" src=\"https:\/\/www.campingduvieuxmoulin.fr\/wp-content\/themes\/Nature%26Residence\/images\/capacite.png\" class=\"no-lazy\" alt=\"capacit\u00e9 Komfort-Mobilheim mit 3 Schlafzimmern\" \/>6\/8 pers<\/div><div class=\"hebergement_info\"><img decoding=\"async\" src=\"https:\/\/www.campingduvieuxmoulin.fr\/wp-content\/themes\/Nature%26Residence\/images\/chambres.png\" class=\"no-lazy\" alt=\"chambres Komfort-Mobilheim mit 3 Schlafzimmern\" \/>3 Schlafzimmer<\/div><\/div><\/div><\/a><a class=\"hebergement hebergement--init hebergement--style-1 hebergement_link \"id=\"5778\" href=\"https:\/\/www.campingduvieuxmoulin.fr\/de\/hebergements\/mobilheim-4-5-personen\/\"><div class=\"hebergement_image img-overlay\"><img decoding=\"async\" src=\"https:\/\/www.campingduvieuxmoulin.fr\/wp-content\/uploads\/2021\/04\/MH-L02-R1-R-BD-700x525.jpg\" alt=\"\" class=\"heberg_image\" srcset=\"https:\/\/www.campingduvieuxmoulin.fr\/wp-content\/uploads\/2021\/04\/MH-L02-R1-R-BD.jpg 2048w, https:\/\/www.campingduvieuxmoulin.fr\/wp-content\/uploads\/2021\/04\/MH-L02-R1-R-BD-300x200.jpg 300w, https:\/\/www.campingduvieuxmoulin.fr\/wp-content\/uploads\/2021\/04\/MH-L02-R1-R-BD-1024x683.jpg 1024w, https:\/\/www.campingduvieuxmoulin.fr\/wp-content\/uploads\/2021\/04\/MH-L02-R1-R-BD-768x512.jpg 768w, https:\/\/www.campingduvieuxmoulin.fr\/wp-content\/uploads\/2021\/04\/MH-L02-R1-R-BD-1536x1024.jpg 1536w, https:\/\/www.campingduvieuxmoulin.fr\/wp-content\/uploads\/2021\/04\/MH-L02-R1-R-BD-100x67.jpg 100w\"\/><\/div><div class=\"hebergement_content\"><div class=\"hebergement_titre hebergement_titre decoration\">Komfort-Mobilheim mit 2 Schlafzimmern<\/div><div class=\"hebergement_infos\"><div class=\"hebergement_info\"><img decoding=\"async\" src=\"https:\/\/www.campingduvieuxmoulin.fr\/wp-content\/themes\/Nature%26Residence\/images\/superficie.png\" class=\"no-lazy\" alt=\"superficie Komfort-Mobilheim mit 2 Schlafzimmern\" \/>22m2<\/div><div class=\"hebergement_info\"><img decoding=\"async\" src=\"https:\/\/www.campingduvieuxmoulin.fr\/wp-content\/themes\/Nature%26Residence\/images\/capacite.png\" class=\"no-lazy\" alt=\"capacit\u00e9 Komfort-Mobilheim mit 2 Schlafzimmern\" \/>4 \u00e0 5 pers<\/div><div class=\"hebergement_info\"><img decoding=\"async\" src=\"https:\/\/www.campingduvieuxmoulin.fr\/wp-content\/themes\/Nature%26Residence\/images\/chambres.png\" class=\"no-lazy\" alt=\"chambres Komfort-Mobilheim mit 2 Schlafzimmern\" \/>2 Schlafzimmer<\/div><\/div><\/div><\/a><a class=\"hebergement hebergement--init hebergement--style-1 hebergement_link \"id=\"5774\" href=\"https:\/\/www.campingduvieuxmoulin.fr\/de\/hebergements\/mobilheim-4-personen\/\"><div class=\"hebergement_image img-overlay\"><img decoding=\"async\" src=\"https:\/\/www.campingduvieuxmoulin.fr\/wp-content\/uploads\/2021\/01\/MH-L16-R-BD-700x525.jpg\" alt=\"\" class=\"heberg_image\" srcset=\"https:\/\/www.campingduvieuxmoulin.fr\/wp-content\/uploads\/2021\/01\/MH-L16-R-BD.jpg 2048w, https:\/\/www.campingduvieuxmoulin.fr\/wp-content\/uploads\/2021\/01\/MH-L16-R-BD-300x200.jpg 300w, https:\/\/www.campingduvieuxmoulin.fr\/wp-content\/uploads\/2021\/01\/MH-L16-R-BD-1024x683.jpg 1024w, https:\/\/www.campingduvieuxmoulin.fr\/wp-content\/uploads\/2021\/01\/MH-L16-R-BD-768x512.jpg 768w, https:\/\/www.campingduvieuxmoulin.fr\/wp-content\/uploads\/2021\/01\/MH-L16-R-BD-1536x1024.jpg 1536w, https:\/\/www.campingduvieuxmoulin.fr\/wp-content\/uploads\/2021\/01\/MH-L16-R-BD-100x67.jpg 100w\"\/><\/div><div class=\"hebergement_content\"><div class=\"hebergement_titre hebergement_titre decoration\">ECO-Mobilheim mit 2 Schlafzimmern<\/div><div class=\"hebergement_infos\"><div class=\"hebergement_info\"><img decoding=\"async\" src=\"https:\/\/www.campingduvieuxmoulin.fr\/wp-content\/themes\/Nature%26Residence\/images\/superficie.png\" class=\"no-lazy\" alt=\"superficie ECO-Mobilheim mit 2 Schlafzimmern\" \/>24m2<\/div><div class=\"hebergement_info\"><img decoding=\"async\" src=\"https:\/\/www.campingduvieuxmoulin.fr\/wp-content\/themes\/Nature%26Residence\/images\/capacite.png\" class=\"no-lazy\" alt=\"capacit\u00e9 ECO-Mobilheim mit 2 Schlafzimmern\" \/>4 pers<\/div><div class=\"hebergement_info\"><img decoding=\"async\" src=\"https:\/\/www.campingduvieuxmoulin.fr\/wp-content\/themes\/Nature%26Residence\/images\/chambres.png\" class=\"no-lazy\" alt=\"chambres ECO-Mobilheim mit 2 Schlafzimmern\" \/>2 Schlafzimmer<\/div><\/div><\/div><\/a><\/div><button aria-label=\"Previous\" class=\"glider-prev glider-prev-hebergements\"><\/button><button aria-label=\"Next\" class=\"glider-next glider-next-hebergements\"><\/button><\/div><\/div>\n\n<div class=\"text-image-new style1 image-right background-marron\"><div class=\"text-image-new-colonne\"><H2 class=\"text-image-new-titre\">Buchen Sie ein Mobilheim f\u00fcr 2 Personen in der N\u00e4he von Montalivet<\/H2><div class=\"text-image-new-content\"><p>F\u00fcr diejenigen, die als Paar zum Entspannen an die Atlantikk\u00fcste in der Gironde kommen, ist die Vermietung eines Mobilheims f\u00fcr 2 Personen in der N\u00e4he von Montalivet eine empfehlenswerte Unterkunftsl\u00f6sung. Auf dem Campingplatz Vieux Moulin steht Ihnen das \u00d6ko-Mobilheim mit Terrasse und Gartenm\u00f6beln zur Verf\u00fcgung, das ausreichend Platz f\u00fcr ein Paar bietet. Atmen Sie w\u00e4hrend Ihres Aufenthalts in Nouvelle-Aquitaine die frische Luft des M\u00e9doc ein, indem Sie eine Mahlzeit oder einen Aperitif auf der gro\u00dfen, 20 m\u00b2 gro\u00dfen \u00fcberdachten Terrasse genie\u00dfen. Auf der Plattform stehen Gartenm\u00f6bel zum Entspannen an sonnigen Tagen im Schatten. Im Doppelzimmer erm\u00f6glicht ein gro\u00dfes Bett Verliebten einen romantischen Moment zu teilen und erholsame N\u00e4chte zu verbringen, bevor sie die umliegenden St\u00e4dte besuchen: Vendays-Montalivet, Soulac-sur-Mer, Saint-Vivien-de-M\u00e9doc oder Bordeaux.<\/p>\n<\/div><\/div><div class=\"text-image-new-colonne\"><img decoding=\"async\" src=\"https:\/\/www.campingduvieuxmoulin.fr\/wp-content\/uploads\/2024\/03\/tente-lodge-2-personnes.jpg\" alt=\"Mobilheimvermietung f\u00fcr 2 Personen Montalivet\" class=\"text-image-new-thumb\" \/><\/div><\/div>\n\n<div class=\"text-image-new style1 image-left\"><div class=\"text-image-new-colonne\"><H2 class=\"text-image-new-titre\">Vermietung von Familienmobilheimen in der N\u00e4he von Montalivet<\/H2><div class=\"text-image-new-content\"><p>Neben den sch\u00f6nen Str\u00e4nden hat Montalivet auch den Vorteil, dass es in der N\u00e4he der Weinberge des M\u00e9doc liegt. G\u00f6nnen Sie sich als Familie die M\u00f6glichkeit, diese ber\u00fchmte Region mit der Vermietung von Familienmobilheimen in der N\u00e4he von Montalivet zu entdecken. Der Campingplatz Vieux Moulin verf\u00fcgt \u00fcber gr\u00f6\u00dfere Mobilheime, die darauf ausgelegt sind, mehr Urlauber unterzubringen, die Neu-Aquitanien und seine Wunder genie\u00dfen m\u00f6chten. F\u00fcr eine kleine Familie mit 4 Personen gibt es zwei Modelle mit dieser Kapazit\u00e4t.<\/p>\n<p>Allerdings ist das Mobilheim f\u00fcr 6\/8 Personen mit 32 m2 eher f\u00fcr St\u00e4mme geeignet. Wenn Sie sich f\u00fcr die Vermietung eines Gruppenmobilheims in der N\u00e4he von Montalivet entscheiden, besteht es aus 3 Schlafzimmern, darunter 1 Doppelzimmer und 2 Schlafzimmern mit zwei Einzelbetten. Ansonsten bietet die umwandelbare Sitzbank im Wohnbereich zus\u00e4tzlichen Schlafplatz. Unser Campingplatz mit Mobilheimvermietung in der N\u00e4he von Montalivet bietet Ihnen bald Zugang zu einem Hallenbad und einer einzigartigen Naturlagune! Wenn Sie weitere Informationen zu unseren Unterk\u00fcnften w\u00fcnschen (Preise f\u00fcr mehrere N\u00e4chte, Stornierungsbedingungen, verf\u00fcgbare Sterneleistungen, Unterhaltung usw.), kontaktieren Sie jetzt unseren Campingplatz in Strandn\u00e4he!<\/p>\n<\/div><\/div><div class=\"text-image-new-colonne\"><img decoding=\"async\" src=\"https:\/\/www.campingduvieuxmoulin.fr\/wp-content\/uploads\/2021\/06\/MH_2CH_4pers.jpg\" alt=\"Familienmobilheimvermietung Montalivet\" class=\"text-image-new-thumb\" \/><\/div><\/div>\n\n<div class=\"text-image-new style1 image-right background-marron\"><div class=\"text-image-new-colonne\"><H2 class=\"text-image-new-titre\">Reservierung auf einem Campingplatz in der Gironde mit erstklassigem Service und Unterhaltung<\/H2><div class=\"text-image-new-content\"><p>Camping le Vieux-Moulin hei\u00dft Sie herzlich auf seinem Gel\u00e4nde willkommen, damit Sie in der N\u00e4he von Montalivet ein Mobilheim mit Terrasse und allem Komfort mieten k\u00f6nnen: gem\u00fctliche Zimmer, Einbauk\u00fcche und ausgestattetes Badezimmer. Aber wir h\u00f6ren hier nicht auf! Wir machen Ihren Urlaub unvergesslich dank erstklassigem Service und zahlreichen Aktivit\u00e4ten w\u00e4hrend der Sommersaison, und das alles zu einem g\u00fcnstigen Mietpreis! Spielplatz, Sportplatz und Hallenbad sorgen f\u00fcr einen unterhaltsamen Aufenthalt mit Ihren Kindern oder langj\u00e4hrigen Freunden. Auf Ihrem Campingplatz in der Gironde gibt es auch ein Restaurant, um Ihren Gaumen voll und ganz zu verw\u00f6hnen! Sie werden es lieben, den Strand nur wenige Schritte vom Campingplatz entfernt zu entdecken, aber auch das Stadtzentrum von Vendays-Montalivet oder Soulac-sur-Mer. Und wenn Ihr Aufenthalt vorbei ist? Wir z\u00e4hlen auf Ihre Meinung zum Campingplatz und seinen Einrichtungen!<\/p>\n<\/div><\/div><div class=\"text-image-new-colonne\"><img decoding=\"async\" src=\"https:\/\/www.campingduvieuxmoulin.fr\/wp-content\/uploads\/2024\/03\/achat-mobil-home-soulac.jpg\" alt=\"Familienmobilheimvermietung Montalivet\" class=\"text-image-new-thumb\" \/><\/div><\/div>\n\n<div class=\"bloc-texte full\"><div class=\"texte left\"><p>Sind Sie bereit, w\u00e4hrend Ihres Urlaubs in der Gironde in der Region Nouvelle-Aquitaine erholsame N\u00e4chte auf einem preisg\u00fcnstigen Campingplatz zu verbringen? Auf unserem Campingplatz Le Vieux-Moulin passiert es! Entdecken Sie eine Sterne-Unterkunft mit Mobilheimvermietung in der N\u00e4he von Montalivet f\u00fcr einen unvergesslichen Urlaub mit Ihren Kindern oder Freunden in S\u00fcdfrankreich. Nutzen Sie unseren Campingplatz am Meer mit komfortablen Unterk\u00fcnften f\u00fcr einen Strandspaziergang und entdecken Sie die nahegelegenen St\u00e4dte oder Sehensw\u00fcrdigkeiten: Vendays-Montalivet, Soulac-sur-Mer und den Hourtin-See! Sind Sie bereit, Ihren Aufenthalt auf einem der besten Campingpl\u00e4tze der Region zu beginnen?<\/p>\n<\/div><\/div>","protected":false},"excerpt":{"rendered":"","protected":false},"author":2,"featured_media":4091,"parent":0,"menu_order":0,"comment_status":"closed","ping_status":"closed","template":"","meta":{"_acf_changed":false,"footnotes":""},"class_list":["post-6014","page","type-page","status-publish","has-post-thumbnail","hentry"],"acf":[],"yoast_head":"<!-- This site is optimized with the Yoast SEO plugin v26.9 - https:\/\/yoast.com\/product\/yoast-seo-wordpress\/ -->\n<title>Vermietung von Mobilheimen in Montalivet | Mobilheime zu vermieten in der N\u00e4he von Montalivet<\/title>\n<meta name=\"description\" content=\"Entdecken Sie unseren 2-Sterne-Campingplatz Le Vieux Moulin im M\u00e9doc, 10 Minuten von Vendays Montalivet entfernt.\" \/>\n<meta name=\"robots\" content=\"index, follow, max-snippet:-1, max-image-preview:large, max-video-preview:-1\" \/>\n<link rel=\"canonical\" href=\"https:\/\/www.campingduvieuxmoulin.fr\/de\/vermietung-mobilheim-montalivet\/\" \/>\n<meta property=\"og:locale\" content=\"de_DE\" \/>\n<meta property=\"og:type\" content=\"article\" \/>\n<meta property=\"og:title\" content=\"Vermietung von Mobilheimen in Montalivet | Mobilheime zu vermieten in der N\u00e4he von Montalivet\" \/>\n<meta property=\"og:description\" content=\"Entdecken Sie unseren 2-Sterne-Campingplatz Le Vieux Moulin im M\u00e9doc, 10 Minuten von Vendays Montalivet entfernt.\" \/>\n<meta property=\"og:url\" content=\"https:\/\/www.campingduvieuxmoulin.fr\/de\/vermietung-mobilheim-montalivet\/\" \/>\n<meta property=\"og:site_name\" content=\"Camping du Vieux Moulin\" \/>\n<meta property=\"article:modified_time\" content=\"2024-06-13T07:56:33+00:00\" \/>\n<meta property=\"og:image\" content=\"https:\/\/www.campingduvieuxmoulin.fr\/wp-content\/uploads\/2021\/07\/montalivet.jpg\" \/>\n\t<meta property=\"og:image:width\" content=\"1200\" \/>\n\t<meta property=\"og:image:height\" content=\"700\" \/>\n\t<meta property=\"og:image:type\" content=\"image\/jpeg\" \/>\n<meta name=\"twitter:card\" content=\"summary_large_image\" \/>\n<script type=\"application\/ld+json\" class=\"yoast-schema-graph\">{\"@context\":\"https:\/\/schema.org\",\"@graph\":[{\"@type\":\"WebPage\",\"@id\":\"https:\/\/www.campingduvieuxmoulin.fr\/de\/vermietung-mobilheim-montalivet\/\",\"url\":\"https:\/\/www.campingduvieuxmoulin.fr\/de\/vermietung-mobilheim-montalivet\/\",\"name\":\"Vermietung von Mobilheimen in Montalivet | Mobilheime zu vermieten in der N\u00e4he von Montalivet\",\"isPartOf\":{\"@id\":\"https:\/\/www.campingduvieuxmoulin.fr\/de\/#website\"},\"primaryImageOfPage\":{\"@id\":\"https:\/\/www.campingduvieuxmoulin.fr\/de\/vermietung-mobilheim-montalivet\/#primaryimage\"},\"image\":{\"@id\":\"https:\/\/www.campingduvieuxmoulin.fr\/de\/vermietung-mobilheim-montalivet\/#primaryimage\"},\"thumbnailUrl\":\"https:\/\/www.campingduvieuxmoulin.fr\/wp-content\/uploads\/2021\/07\/montalivet.jpg\",\"datePublished\":\"2021-07-21T11:42:23+00:00\",\"dateModified\":\"2024-06-13T07:56:33+00:00\",\"description\":\"Entdecken Sie unseren 2-Sterne-Campingplatz Le Vieux Moulin im M\u00e9doc, 10 Minuten von Vendays Montalivet entfernt.\",\"breadcrumb\":{\"@id\":\"https:\/\/www.campingduvieuxmoulin.fr\/de\/vermietung-mobilheim-montalivet\/#breadcrumb\"},\"inLanguage\":\"de\",\"potentialAction\":[{\"@type\":\"ReadAction\",\"target\":[\"https:\/\/www.campingduvieuxmoulin.fr\/de\/vermietung-mobilheim-montalivet\/\"]}]},{\"@type\":\"ImageObject\",\"inLanguage\":\"de\",\"@id\":\"https:\/\/www.campingduvieuxmoulin.fr\/de\/vermietung-mobilheim-montalivet\/#primaryimage\",\"url\":\"https:\/\/www.campingduvieuxmoulin.fr\/wp-content\/uploads\/2021\/07\/montalivet.jpg\",\"contentUrl\":\"https:\/\/www.campingduvieuxmoulin.fr\/wp-content\/uploads\/2021\/07\/montalivet.jpg\",\"width\":1200,\"height\":700,\"caption\":\"achat mobil home montalivet\"},{\"@type\":\"BreadcrumbList\",\"@id\":\"https:\/\/www.campingduvieuxmoulin.fr\/de\/vermietung-mobilheim-montalivet\/#breadcrumb\",\"itemListElement\":[{\"@type\":\"ListItem\",\"position\":1,\"name\":\"Camping Gironde\",\"item\":\"https:\/\/www.campingduvieuxmoulin.fr\/de\/\"},{\"@type\":\"ListItem\",\"position\":2,\"name\":\"Vermietung von Mobilheimen in der N\u00e4he von Montalivet\"}]},{\"@type\":\"WebSite\",\"@id\":\"https:\/\/www.campingduvieuxmoulin.fr\/de\/#website\",\"url\":\"https:\/\/www.campingduvieuxmoulin.fr\/de\/\",\"name\":\"Camping du Vieux Moulin\",\"description\":\"\",\"potentialAction\":[{\"@type\":\"SearchAction\",\"target\":{\"@type\":\"EntryPoint\",\"urlTemplate\":\"https:\/\/www.campingduvieuxmoulin.fr\/de\/?s={search_term_string}\"},\"query-input\":{\"@type\":\"PropertyValueSpecification\",\"valueRequired\":true,\"valueName\":\"search_term_string\"}}],\"inLanguage\":\"de\"}]}<\/script>\n<!-- \/ Yoast SEO plugin. -->","yoast_head_json":{"title":"Vermietung von Mobilheimen in Montalivet | Mobilheime zu vermieten in der N\u00e4he von Montalivet","description":"Entdecken Sie unseren 2-Sterne-Campingplatz Le Vieux Moulin im M\u00e9doc, 10 Minuten von Vendays Montalivet entfernt.","robots":{"index":"index","follow":"follow","max-snippet":"max-snippet:-1","max-image-preview":"max-image-preview:large","max-video-preview":"max-video-preview:-1"},"canonical":"https:\/\/www.campingduvieuxmoulin.fr\/de\/vermietung-mobilheim-montalivet\/","og_locale":"de_DE","og_type":"article","og_title":"Vermietung von Mobilheimen in Montalivet | Mobilheime zu vermieten in der N\u00e4he von Montalivet","og_description":"Entdecken Sie unseren 2-Sterne-Campingplatz Le Vieux Moulin im M\u00e9doc, 10 Minuten von Vendays Montalivet entfernt.","og_url":"https:\/\/www.campingduvieuxmoulin.fr\/de\/vermietung-mobilheim-montalivet\/","og_site_name":"Camping du Vieux Moulin","article_modified_time":"2024-06-13T07:56:33+00:00","og_image":[{"width":1200,"height":700,"url":"https:\/\/www.campingduvieuxmoulin.fr\/wp-content\/uploads\/2021\/07\/montalivet.jpg","type":"image\/jpeg"}],"twitter_card":"summary_large_image","schema":{"@context":"https:\/\/schema.org","@graph":[{"@type":"WebPage","@id":"https:\/\/www.campingduvieuxmoulin.fr\/de\/vermietung-mobilheim-montalivet\/","url":"https:\/\/www.campingduvieuxmoulin.fr\/de\/vermietung-mobilheim-montalivet\/","name":"Vermietung von Mobilheimen in Montalivet | Mobilheime zu vermieten in der N\u00e4he von Montalivet","isPartOf":{"@id":"https:\/\/www.campingduvieuxmoulin.fr\/de\/#website"},"primaryImageOfPage":{"@id":"https:\/\/www.campingduvieuxmoulin.fr\/de\/vermietung-mobilheim-montalivet\/#primaryimage"},"image":{"@id":"https:\/\/www.campingduvieuxmoulin.fr\/de\/vermietung-mobilheim-montalivet\/#primaryimage"},"thumbnailUrl":"https:\/\/www.campingduvieuxmoulin.fr\/wp-content\/uploads\/2021\/07\/montalivet.jpg","datePublished":"2021-07-21T11:42:23+00:00","dateModified":"2024-06-13T07:56:33+00:00","description":"Entdecken Sie unseren 2-Sterne-Campingplatz Le Vieux Moulin im M\u00e9doc, 10 Minuten von Vendays Montalivet entfernt.","breadcrumb":{"@id":"https:\/\/www.campingduvieuxmoulin.fr\/de\/vermietung-mobilheim-montalivet\/#breadcrumb"},"inLanguage":"de","potentialAction":[{"@type":"ReadAction","target":["https:\/\/www.campingduvieuxmoulin.fr\/de\/vermietung-mobilheim-montalivet\/"]}]},{"@type":"ImageObject","inLanguage":"de","@id":"https:\/\/www.campingduvieuxmoulin.fr\/de\/vermietung-mobilheim-montalivet\/#primaryimage","url":"https:\/\/www.campingduvieuxmoulin.fr\/wp-content\/uploads\/2021\/07\/montalivet.jpg","contentUrl":"https:\/\/www.campingduvieuxmoulin.fr\/wp-content\/uploads\/2021\/07\/montalivet.jpg","width":1200,"height":700,"caption":"achat mobil home montalivet"},{"@type":"BreadcrumbList","@id":"https:\/\/www.campingduvieuxmoulin.fr\/de\/vermietung-mobilheim-montalivet\/#breadcrumb","itemListElement":[{"@type":"ListItem","position":1,"name":"Camping Gironde","item":"https:\/\/www.campingduvieuxmoulin.fr\/de\/"},{"@type":"ListItem","position":2,"name":"Vermietung von Mobilheimen in der N\u00e4he von Montalivet"}]},{"@type":"WebSite","@id":"https:\/\/www.campingduvieuxmoulin.fr\/de\/#website","url":"https:\/\/www.campingduvieuxmoulin.fr\/de\/","name":"Camping du Vieux Moulin","description":"","potentialAction":[{"@type":"SearchAction","target":{"@type":"EntryPoint","urlTemplate":"https:\/\/www.campingduvieuxmoulin.fr\/de\/?s={search_term_string}"},"query-input":{"@type":"PropertyValueSpecification","valueRequired":true,"valueName":"search_term_string"}}],"inLanguage":"de"}]}},"_links":{"self":[{"href":"https:\/\/www.campingduvieuxmoulin.fr\/de\/wp-json\/wp\/v2\/pages\/6014","targetHints":{"allow":["GET"]}}],"collection":[{"href":"https:\/\/www.campingduvieuxmoulin.fr\/de\/wp-json\/wp\/v2\/pages"}],"about":[{"href":"https:\/\/www.campingduvieuxmoulin.fr\/de\/wp-json\/wp\/v2\/types\/page"}],"author":[{"embeddable":true,"href":"https:\/\/www.campingduvieuxmoulin.fr\/de\/wp-json\/wp\/v2\/users\/2"}],"replies":[{"embeddable":true,"href":"https:\/\/www.campingduvieuxmoulin.fr\/de\/wp-json\/wp\/v2\/comments?post=6014"}],"version-history":[{"count":2,"href":"https:\/\/www.campingduvieuxmoulin.fr\/de\/wp-json\/wp\/v2\/pages\/6014\/revisions"}],"predecessor-version":[{"id":6024,"href":"https:\/\/www.campingduvieuxmoulin.fr\/de\/wp-json\/wp\/v2\/pages\/6014\/revisions\/6024"}],"wp:featuredmedia":[{"embeddable":true,"href":"https:\/\/www.campingduvieuxmoulin.fr\/de\/wp-json\/wp\/v2\/media\/4091"}],"wp:attachment":[{"href":"https:\/\/www.campingduvieuxmoulin.fr\/de\/wp-json\/wp\/v2\/media?parent=6014"}],"curies":[{"name":"wp","href":"https:\/\/api.w.org\/{rel}","templated":true}]}}