{"id":6147,"date":"2023-07-07T14:24:52","date_gmt":"2023-07-07T12:24:52","guid":{"rendered":"https:\/\/www.campingduvieuxmoulin.fr\/piscine\/"},"modified":"2024-06-13T13:25:11","modified_gmt":"2024-06-13T11:25:11","slug":"schwimmbad","status":"publish","type":"page","link":"https:\/\/www.campingduvieuxmoulin.fr\/de\/schwimmbad\/","title":{"rendered":"Camping Gironde mit Schwimmbad"},"content":{"rendered":"<div class=\"bloc-texte full\"><div class=\"texte center\"><p>M\u00f6chten Sie die besten Campingpl\u00e4tze f\u00fcr Ihren Urlaub in Nouvelle-Aquitaine, einer h\u00fcbschen Region im S\u00fcden Frankreichs, finden? Entdecken Sie Vieux-Moulin, Campingplatz in der Gironde mit Schwimmbad. F\u00fcr einen komfortablen Aufenthalt bietet unser Campingplatz die Vermietung von Mobilheimen mit gem\u00fctlichen Zimmern an, die erholsame N\u00e4chte garantieren, aber auch erstklassige Dienstleistungen und Aktivit\u00e4ten, um die ganze Familie zu besch\u00e4ftigen. Entdecken Sie unseren Wasserbereich und seine beiden wesentlichen Elemente: ein beheiztes Hallenbad und ein Naturschwimmbecken, eine echte Lagune, die die Landschaft bereichert.<\/p>\n<\/div><\/div>\n\n<div class=\"text-image-new style1 image-left\"><div class=\"text-image-new-colonne\"><H2 class=\"text-image-new-titre\">Campingurlaub f\u00fcr Erwachsene und Kinder: ein Badebereich mit \u00fcberdachtem und beheiztem Schwimmbad<\/H2><div class=\"text-image-new-content\"><p>Vieux-Moulin l\u00e4dt Sie zu einem Aufenthalt mit Familie oder Freunden auf seinem Campingplatz in der Gironde mit Schwimmbad ein. Um mit Ihren Kindern Wasseraktivit\u00e4ten und Spiele zu genie\u00dfen, entdecken Sie unseren Wasserbereich mit Innenpool. Dieses Hallenbad ist beheizt, so dass Tauchbegeisterte nicht l\u00e4nger z\u00f6gern m\u00fcssen, den Sprung ins Becken zu wagen. Sie m\u00fcssen nicht ans Meer fahren, um den ganzen Stamm zu besch\u00e4ftigen \u2013 das Schwimmen erwartet Sie direkt auf unserem Campingplatz im Herzen von Neu-Aquitanien. Dar\u00fcber hinaus profitieren Sie von einer idealen geografischen Lage, um die besten Sehensw\u00fcrdigkeiten der Region zu entdecken \u2013 von der Bucht von Arcachon bis zum M\u00e9doc oder L\u00e8ge-Cap-Ferret!<\/p>\n<\/div><\/div><div class=\"text-image-new-colonne\"><img decoding=\"async\" src=\"https:\/\/www.campingduvieuxmoulin.fr\/wp-content\/uploads\/2024\/03\/camping-piscine-nouvelle-aquitaine.jpg\" alt=\"Campingplatz Schwimmbad New Aquitaine\" class=\"text-image-new-thumb\" \/><\/div><\/div>\n\n<div class=\"text-image-new style1 image-right background-marron\"><div class=\"text-image-new-colonne\"><H2 class=\"text-image-new-titre\">Ein Aufenthalt in einer nat\u00fcrlichen Umgebung in Neu-Aquitanien: ein au\u00dfergew\u00f6hnliches Schwimmbad f\u00fcr einen unvergesslichen Urlaub \u2013 die Lagune<\/H2><div class=\"text-image-new-content\"><p>Das ist neu f\u00fcr 2023! Da wir Ihnen auf Vieux-Moulin, einem Campingplatz in der Gironde mit Schwimmbad, einen einzigartigen Urlaub bieten m\u00f6chten, verbessern wir st\u00e4ndig unsere Ausstattung und Infrastruktur. Nutzen Sie neben einem angenehmen Mobilheim mit m\u00f6blierten Zimmern und Terrasse auch unser Lagunenschwimmbad, das Ihnen das Gef\u00fchl vermittelt, mitten in der Natur zu schwimmen. Dank der thermischen Tr\u00e4gheit bleibt dieses Becken auf einer idealen Temperatur. Dar\u00fcber hinaus erm\u00f6glicht das sanfte Gef\u00e4lle den Kindern, mit den F\u00fc\u00dfen langsam ins Wasser zu gelangen. Le Vieux-Moulin, ein Campingplatz in der Gironde mit Schwimmbad, bietet Ihnen das Erlebnis des Meeres zu Hause! Sie m\u00fcssen nicht zum Strand laufen, um sich in einer nat\u00fcrlichen und entspannenden Landschaft wiederzufinden \u2013 unser Lagunenschwimmbad ist die perfekte Illusion! Alle 10 Minuten werden die Whirlpools ausgel\u00f6st und sorgen f\u00fcr Entspannung und Wohlbefinden.<\/p>\n<\/div><\/div><div class=\"text-image-new-colonne\"><img decoding=\"async\" src=\"https:\/\/www.campingduvieuxmoulin.fr\/wp-content\/uploads\/2024\/03\/piscine-camping-nouvelle-aquitaine.jpg\" alt=\"Schwimmbad-Campingplatz New Aquitaine\" class=\"text-image-new-thumb\" \/><\/div><\/div>\n\n<div class=\"text-image-new style1 image-left\"><div class=\"text-image-new-colonne\"><H2 class=\"text-image-new-titre\">\u00dcbernachten Sie in Neu-Aquitanien auf einem Campingplatz mit Schwimmbad: Entdecken Sie die Gironde und ihre Wunder<\/H2><div class=\"text-image-new-content\"><p>Genie\u00dfen Sie einen Familienurlaub in Neu-Aquitanien auf unserem Campingplatz in der Gironde mit Schwimmbad. Mieten Sie ein Mobilheim mit komfortablen Zimmern und erstklassigem Service auf den besten Campingpl\u00e4tzen der Region und entdecken Sie unseren Badebereich mit beheiztem Hallenbad und Lagunenschwimmbad. Wir laden Sie ein, durch die unumg\u00e4nglichen Ecken rund um unseren Campingplatz zu schlendern:<\/p>\n<ul>\n<li>Arcachon-Becken \u2013 Lagune in den Landes de Gascogne in der Gironde in der N\u00e4he von L\u00e8ge-Cap-Ferret.<\/li>\n<li>Vendays-Montalivet \u2013 Gemeinde in Nouvelle-Aquitaine (Gironde), weiter n\u00f6rdlich als Arcachon gelegen.<\/li>\n<li>Soulac-sur-Mer \u2013 Stadt in der Gironde, in der N\u00e4he von Vendays-Montalivet<\/li>\n<li>M\u00e9doc \u2013 Naturregion Gironde<\/li>\n<\/ul>\n<\/div><p class=\"lire-plus\">Mehr lesen<\/p><div class=\"text-image-new-content-more hide\"><p>F\u00fcr einen Familienurlaub mit Kindern oder Freunden k\u00f6nnen Sie sich auf den Campingplatz Vieux-Moulin in der Gironde mit Schwimmbad verlassen. Unser Campingplatz empf\u00e4ngt Sie mit einem komfortablen Mobilheim, Zimmern mit Terrasse und einem Wasserbereich mit 2 Schwimmb\u00e4dern \u2013 eines \u00fcberdacht und beheizt, das zweite ist ein Lagunenschwimmbad f\u00fcr einen noch realistischeren Effekt! Ideal zum Spielen mit Ihren Liebsten! Und zum Schwimmen m\u00fcssen Sie nicht an den Strand gehen! Vom Campingplatz aus ist alles machbar! Nutzen Sie au\u00dferdem die Lage unseres Campingplatzes in der Gironde, um die Aktivit\u00e4ten und St\u00e4dte dieses Teils S\u00fcdfrankreichs zu entdecken \u2013 von der Bucht von Arcachon bis Soulac-sur-Mer oder dem M\u00e9doc \u00f6ffnet Ihnen Neu-Aquitanien seine Arme!<\/p>\n<\/div><p class=\"lire-moins hide\">Lese weniger<\/p><\/div><div class=\"text-image-new-colonne\"><img decoding=\"async\" src=\"https:\/\/www.campingduvieuxmoulin.fr\/wp-content\/uploads\/2024\/03\/sejour-camping-piscine-nouvelle-aquitaine.jpg\" alt=\"Campingaufenthalt Schwimmbad New Aquitaine\" class=\"text-image-new-thumb\" \/><\/div><\/div>","protected":false},"excerpt":{"rendered":"","protected":false},"author":1,"featured_media":7621,"parent":0,"menu_order":0,"comment_status":"closed","ping_status":"closed","template":"","meta":{"_acf_changed":false,"footnotes":""},"class_list":["post-6147","page","type-page","status-publish","has-post-thumbnail","hentry"],"acf":[],"yoast_head":"<!-- This site is optimized with the Yoast SEO plugin v27.4 - https:\/\/yoast.com\/product\/yoast-seo-wordpress\/ -->\n<title>Campingplatz in der Gironde mit Hallenbad und t\u00fcrkisfarbener Lagune<\/title>\n<meta name=\"description\" content=\"Entdecken Sie unseren Campingplatz mit einem Au\u00dfenpool, der Lagune und ihrer himmlischen Atmosph\u00e4re sowie einem Innenpool.\" \/>\n<meta name=\"robots\" content=\"index, follow, max-snippet:-1, max-image-preview:large, max-video-preview:-1\" \/>\n<link rel=\"canonical\" href=\"https:\/\/www.campingduvieuxmoulin.fr\/de\/schwimmbad\/\" \/>\n<meta property=\"og:locale\" content=\"de_DE\" \/>\n<meta property=\"og:type\" content=\"article\" \/>\n<meta property=\"og:title\" content=\"Campingplatz in der Gironde mit Hallenbad und t\u00fcrkisfarbener Lagune\" \/>\n<meta property=\"og:description\" content=\"Entdecken Sie unseren Campingplatz mit einem Au\u00dfenpool, der Lagune und ihrer himmlischen Atmosph\u00e4re sowie einem Innenpool.\" \/>\n<meta property=\"og:url\" content=\"https:\/\/www.campingduvieuxmoulin.fr\/de\/schwimmbad\/\" \/>\n<meta property=\"og:site_name\" content=\"Camping du Vieux Moulin\" \/>\n<meta property=\"article:modified_time\" content=\"2024-06-13T11:25:11+00:00\" \/>\n<meta property=\"og:image\" content=\"https:\/\/www.campingduvieuxmoulin.fr\/wp-content\/uploads\/2024\/07\/parc-aquatique-camping-vieux-moulin-1.jpg\" \/>\n\t<meta property=\"og:image:width\" content=\"1900\" \/>\n\t<meta property=\"og:image:height\" content=\"700\" \/>\n\t<meta property=\"og:image:type\" content=\"image\/jpeg\" \/>\n<meta name=\"twitter:card\" content=\"summary_large_image\" \/>\n<script type=\"application\/ld+json\" class=\"yoast-schema-graph\">{\"@context\":\"https:\\\/\\\/schema.org\",\"@graph\":[{\"@type\":\"WebPage\",\"@id\":\"https:\\\/\\\/www.campingduvieuxmoulin.fr\\\/de\\\/schwimmbad\\\/\",\"url\":\"https:\\\/\\\/www.campingduvieuxmoulin.fr\\\/de\\\/schwimmbad\\\/\",\"name\":\"Campingplatz in der Gironde mit Hallenbad und t\u00fcrkisfarbener Lagune\",\"isPartOf\":{\"@id\":\"https:\\\/\\\/www.campingduvieuxmoulin.fr\\\/de\\\/#website\"},\"primaryImageOfPage\":{\"@id\":\"https:\\\/\\\/www.campingduvieuxmoulin.fr\\\/de\\\/schwimmbad\\\/#primaryimage\"},\"image\":{\"@id\":\"https:\\\/\\\/www.campingduvieuxmoulin.fr\\\/de\\\/schwimmbad\\\/#primaryimage\"},\"thumbnailUrl\":\"https:\\\/\\\/www.campingduvieuxmoulin.fr\\\/wp-content\\\/uploads\\\/2026\\\/01\\\/VieuxMoulin_NoirBrillant_2025-074.jpg\",\"datePublished\":\"2023-07-07T12:24:52+00:00\",\"dateModified\":\"2024-06-13T11:25:11+00:00\",\"description\":\"Entdecken Sie unseren Campingplatz mit einem Au\u00dfenpool, der Lagune und ihrer himmlischen Atmosph\u00e4re sowie einem Innenpool.\",\"breadcrumb\":{\"@id\":\"https:\\\/\\\/www.campingduvieuxmoulin.fr\\\/de\\\/schwimmbad\\\/#breadcrumb\"},\"inLanguage\":\"de\",\"potentialAction\":[{\"@type\":\"ReadAction\",\"target\":[\"https:\\\/\\\/www.campingduvieuxmoulin.fr\\\/de\\\/schwimmbad\\\/\"]}]},{\"@type\":\"ImageObject\",\"inLanguage\":\"de\",\"@id\":\"https:\\\/\\\/www.campingduvieuxmoulin.fr\\\/de\\\/schwimmbad\\\/#primaryimage\",\"url\":\"https:\\\/\\\/www.campingduvieuxmoulin.fr\\\/wp-content\\\/uploads\\\/2026\\\/01\\\/VieuxMoulin_NoirBrillant_2025-074.jpg\",\"contentUrl\":\"https:\\\/\\\/www.campingduvieuxmoulin.fr\\\/wp-content\\\/uploads\\\/2026\\\/01\\\/VieuxMoulin_NoirBrillant_2025-074.jpg\",\"width\":2048,\"height\":1534,\"caption\":\"Drone\"},{\"@type\":\"BreadcrumbList\",\"@id\":\"https:\\\/\\\/www.campingduvieuxmoulin.fr\\\/de\\\/schwimmbad\\\/#breadcrumb\",\"itemListElement\":[{\"@type\":\"ListItem\",\"position\":1,\"name\":\"Camping Gironde\",\"item\":\"https:\\\/\\\/www.campingduvieuxmoulin.fr\\\/de\\\/\"},{\"@type\":\"ListItem\",\"position\":2,\"name\":\"Campingplatz in Gironde mit Schwimmbad\"}]},{\"@type\":\"WebSite\",\"@id\":\"https:\\\/\\\/www.campingduvieuxmoulin.fr\\\/de\\\/#website\",\"url\":\"https:\\\/\\\/www.campingduvieuxmoulin.fr\\\/de\\\/\",\"name\":\"Camping du Vieux Moulin\",\"description\":\"\",\"potentialAction\":[{\"@type\":\"SearchAction\",\"target\":{\"@type\":\"EntryPoint\",\"urlTemplate\":\"https:\\\/\\\/www.campingduvieuxmoulin.fr\\\/de\\\/?s={search_term_string}\"},\"query-input\":{\"@type\":\"PropertyValueSpecification\",\"valueRequired\":true,\"valueName\":\"search_term_string\"}}],\"inLanguage\":\"de\"}]}<\/script>\n<!-- \/ Yoast SEO plugin. -->","yoast_head_json":{"title":"Campingplatz in der Gironde mit Hallenbad und t\u00fcrkisfarbener Lagune","description":"Entdecken Sie unseren Campingplatz mit einem Au\u00dfenpool, der Lagune und ihrer himmlischen Atmosph\u00e4re sowie einem Innenpool.","robots":{"index":"index","follow":"follow","max-snippet":"max-snippet:-1","max-image-preview":"max-image-preview:large","max-video-preview":"max-video-preview:-1"},"canonical":"https:\/\/www.campingduvieuxmoulin.fr\/de\/schwimmbad\/","og_locale":"de_DE","og_type":"article","og_title":"Campingplatz in der Gironde mit Hallenbad und t\u00fcrkisfarbener Lagune","og_description":"Entdecken Sie unseren Campingplatz mit einem Au\u00dfenpool, der Lagune und ihrer himmlischen Atmosph\u00e4re sowie einem Innenpool.","og_url":"https:\/\/www.campingduvieuxmoulin.fr\/de\/schwimmbad\/","og_site_name":"Camping du Vieux Moulin","article_modified_time":"2024-06-13T11:25:11+00:00","og_image":[{"width":1900,"height":700,"url":"https:\/\/www.campingduvieuxmoulin.fr\/wp-content\/uploads\/2024\/07\/parc-aquatique-camping-vieux-moulin-1.jpg","type":"image\/jpeg"}],"twitter_card":"summary_large_image","schema":{"@context":"https:\/\/schema.org","@graph":[{"@type":"WebPage","@id":"https:\/\/www.campingduvieuxmoulin.fr\/de\/schwimmbad\/","url":"https:\/\/www.campingduvieuxmoulin.fr\/de\/schwimmbad\/","name":"Campingplatz in der Gironde mit Hallenbad und t\u00fcrkisfarbener Lagune","isPartOf":{"@id":"https:\/\/www.campingduvieuxmoulin.fr\/de\/#website"},"primaryImageOfPage":{"@id":"https:\/\/www.campingduvieuxmoulin.fr\/de\/schwimmbad\/#primaryimage"},"image":{"@id":"https:\/\/www.campingduvieuxmoulin.fr\/de\/schwimmbad\/#primaryimage"},"thumbnailUrl":"https:\/\/www.campingduvieuxmoulin.fr\/wp-content\/uploads\/2026\/01\/VieuxMoulin_NoirBrillant_2025-074.jpg","datePublished":"2023-07-07T12:24:52+00:00","dateModified":"2024-06-13T11:25:11+00:00","description":"Entdecken Sie unseren Campingplatz mit einem Au\u00dfenpool, der Lagune und ihrer himmlischen Atmosph\u00e4re sowie einem Innenpool.","breadcrumb":{"@id":"https:\/\/www.campingduvieuxmoulin.fr\/de\/schwimmbad\/#breadcrumb"},"inLanguage":"de","potentialAction":[{"@type":"ReadAction","target":["https:\/\/www.campingduvieuxmoulin.fr\/de\/schwimmbad\/"]}]},{"@type":"ImageObject","inLanguage":"de","@id":"https:\/\/www.campingduvieuxmoulin.fr\/de\/schwimmbad\/#primaryimage","url":"https:\/\/www.campingduvieuxmoulin.fr\/wp-content\/uploads\/2026\/01\/VieuxMoulin_NoirBrillant_2025-074.jpg","contentUrl":"https:\/\/www.campingduvieuxmoulin.fr\/wp-content\/uploads\/2026\/01\/VieuxMoulin_NoirBrillant_2025-074.jpg","width":2048,"height":1534,"caption":"Drone"},{"@type":"BreadcrumbList","@id":"https:\/\/www.campingduvieuxmoulin.fr\/de\/schwimmbad\/#breadcrumb","itemListElement":[{"@type":"ListItem","position":1,"name":"Camping Gironde","item":"https:\/\/www.campingduvieuxmoulin.fr\/de\/"},{"@type":"ListItem","position":2,"name":"Campingplatz in Gironde mit Schwimmbad"}]},{"@type":"WebSite","@id":"https:\/\/www.campingduvieuxmoulin.fr\/de\/#website","url":"https:\/\/www.campingduvieuxmoulin.fr\/de\/","name":"Camping du Vieux Moulin","description":"","potentialAction":[{"@type":"SearchAction","target":{"@type":"EntryPoint","urlTemplate":"https:\/\/www.campingduvieuxmoulin.fr\/de\/?s={search_term_string}"},"query-input":{"@type":"PropertyValueSpecification","valueRequired":true,"valueName":"search_term_string"}}],"inLanguage":"de"}]}},"_links":{"self":[{"href":"https:\/\/www.campingduvieuxmoulin.fr\/de\/wp-json\/wp\/v2\/pages\/6147","targetHints":{"allow":["GET"]}}],"collection":[{"href":"https:\/\/www.campingduvieuxmoulin.fr\/de\/wp-json\/wp\/v2\/pages"}],"about":[{"href":"https:\/\/www.campingduvieuxmoulin.fr\/de\/wp-json\/wp\/v2\/types\/page"}],"author":[{"embeddable":true,"href":"https:\/\/www.campingduvieuxmoulin.fr\/de\/wp-json\/wp\/v2\/users\/1"}],"replies":[{"embeddable":true,"href":"https:\/\/www.campingduvieuxmoulin.fr\/de\/wp-json\/wp\/v2\/comments?post=6147"}],"version-history":[{"count":2,"href":"https:\/\/www.campingduvieuxmoulin.fr\/de\/wp-json\/wp\/v2\/pages\/6147\/revisions"}],"predecessor-version":[{"id":6157,"href":"https:\/\/www.campingduvieuxmoulin.fr\/de\/wp-json\/wp\/v2\/pages\/6147\/revisions\/6157"}],"wp:featuredmedia":[{"embeddable":true,"href":"https:\/\/www.campingduvieuxmoulin.fr\/de\/wp-json\/wp\/v2\/media\/7621"}],"wp:attachment":[{"href":"https:\/\/www.campingduvieuxmoulin.fr\/de\/wp-json\/wp\/v2\/media?parent=6147"}],"curies":[{"name":"wp","href":"https:\/\/api.w.org\/{rel}","templated":true}]}}