{"id":6163,"date":"2021-04-15T17:10:29","date_gmt":"2021-04-15T15:10:29","guid":{"rendered":"https:\/\/www.campingduvieuxmoulin.fr\/activites\/"},"modified":"2024-06-13T13:35:50","modified_gmt":"2024-06-13T11:35:50","slug":"aktivitaeten","status":"publish","type":"page","link":"https:\/\/www.campingduvieuxmoulin.fr\/de\/aktivitaeten\/","title":{"rendered":"AKTIVIT\u00c4TEN"},"content":{"rendered":"<div class=\"text-image-new style1 image-left\"><div class=\"text-image-new-colonne\"><H2 class=\"text-image-new-titre\">Neu f\u00fcr 2023<\/H2><div class=\"text-image-new-content\"><p>F\u00fcr die Saison 2023 gibt es auf dem Campingplatz Vieux-Moulin in Vensac in der Gironde mehrere Neuheiten zu entdecken. Entdecken Sie jetzt zwei herrliche Swimmingpools, von denen einer wie eine Lagune aussieht. Ganz in der N\u00e4he des Schwimmbades stehen au\u00dferdem ein neuer Bereich mit Kinderaktivit\u00e4ten und ein Beachvolleyballfeld zur Verf\u00fcgung.<\/p>\n<\/div><\/div><div class=\"text-image-new-colonne\"><img decoding=\"async\" src=\"https:\/\/www.campingduvieuxmoulin.fr\/wp-content\/uploads\/2023\/07\/IMG-20230623-WA0008-W.jpg\" alt=\"lagon camping vieux moulin\" class=\"text-image-new-thumb\" \/><\/div><\/div>\n\n<div class=\"text-image-new style1 image-right background-marron\"><div class=\"text-image-new-colonne\"><H2 class=\"text-image-new-titre\">Ein au\u00dfergew\u00f6hnliches Schwimmbad: die Lagune<\/H2><div class=\"text-image-new-content\"><div class=\"texte left\">\n<div class=\"texte-image-content\">\n<p>Entdecken Sie unter den Neuheiten f\u00fcr 2023 die herrliche Lagune mit t\u00fcrkisfarbenem Wasser unseres Campingplatzes. Genie\u00dfen Sie dieses himmlische Schwimmbad mit seinem sanften Gef\u00e4lle und der idyllischen Lage.<\/p>\n<\/div>\n<\/div>\n<\/div><\/div><div class=\"text-image-new-colonne\"><img decoding=\"async\" src=\"https:\/\/www.campingduvieuxmoulin.fr\/wp-content\/uploads\/2023\/07\/IMG-20230623-WA0001-W.jpg\" alt=\"Campingplatz mit Lagune Gironde\" class=\"text-image-new-thumb\" \/><\/div><\/div>\n\n<div class=\"text-image-new style1 image-left\"><div class=\"text-image-new-colonne\"><H2 class=\"text-image-new-titre\">Entdecken Sie das Hallenbad<\/H2><div class=\"text-image-new-content\"><div class=\"texte left\">\n<div class=\"texte-image-content\">\n<p>Das zweite, beheizte Schwimmbad kann nun je nach Wetterlage \u00fcberdacht oder ge\u00f6ffnet werden. Eine echte Bereicherung f\u00fcr den Badespa\u00df auch an regnerischen Tagen.<\/p>\n<\/div>\n<\/div>\n<\/div><\/div><div class=\"text-image-new-colonne\"><img decoding=\"async\" src=\"https:\/\/www.campingduvieuxmoulin.fr\/wp-content\/uploads\/2023\/07\/IMG-20230623-WA0006-W-e1689064952407.jpg\" alt=\"Campingplatz mit Schwimmbad Gironde\" class=\"text-image-new-thumb\" \/><\/div><\/div>\n\n<div class=\"titre-block\"><h2 class=\"titre center\">Viele Aktivit\u00e4ten f\u00fcr Jung und Alt<\/h2><\/div>\n\n<div class=\"images-gallery scroll-x-mobile\"><div class=\"col-image\"><div class=\"image image-1\"><img decoding=\"async\" src=\"https:\/\/www.campingduvieuxmoulin.fr\/wp-content\/uploads\/2023\/01\/ACTIVITES-caroussel-1-1-scaled.jpg\" alt=\"\" \/><\/div><\/div><div class=\"col-image\"><div class=\"image image-2\"><img decoding=\"async\" src=\"https:\/\/www.campingduvieuxmoulin.fr\/wp-content\/uploads\/2023\/01\/ACTIVITES-caroussel-1-2.jpg\" alt=\"\" \/><\/div><div class=\"image image-3\"><img decoding=\"async\" src=\"https:\/\/www.campingduvieuxmoulin.fr\/wp-content\/uploads\/2023\/01\/ACTIVITES-caroussel-1-3.jpg\" alt=\"\" \/><\/div><div class=\"image image-4\"><img decoding=\"async\" src=\"https:\/\/www.campingduvieuxmoulin.fr\/wp-content\/uploads\/2023\/01\/A-VOIR-A-FAIRE-5-1-scaled.jpg\" alt=\"\" \/><\/div><\/div><div class=\"col-image\"><div class=\"image image-5\"><img decoding=\"async\" src=\"https:\/\/www.campingduvieuxmoulin.fr\/wp-content\/uploads\/2023\/01\/ACTIVITES-caroussel-1-5-scaled.jpg\" alt=\"\" \/><\/div><\/div><\/div>\n\n<div class=\"text-image-new style1 image-right\"><div class=\"text-image-new-colonne\"><H2 class=\"text-image-new-titre\">N\u00fctzliche Informationen<\/H2><div class=\"text-image-new-content\"><p>Die Schwimmb\u00e4der sind von 10 bis 19 Uhr ge\u00f6ffnet.<\/p>\n<ul>\n<li>Das beheizte Hallenbad steht Ihnen vom 1. April bis 31. Oktober zur Verf\u00fcgung.<\/li>\n<li>Die Lagune ist von Mitte Juni bis Mitte September ge\u00f6ffnet<\/li>\n<li>In Schwimmb\u00e4dern besteht Badehosenpflicht.<\/li>\n<\/ul>\n<p>Das Schwimmen unterliegt keiner Aufsicht und Kinder m\u00fcssen unter der Aufsicht ihrer Eltern bleiben.<\/p>\n<\/div><\/div><div class=\"text-image-new-colonne\"><img decoding=\"async\" src=\"https:\/\/www.campingduvieuxmoulin.fr\/wp-content\/uploads\/2023\/08\/IMG_E4472-piscine-vm-2.jpg\" alt=\"Campingplatz mit Schwimmbad Montalivet\" class=\"text-image-new-thumb\" \/><\/div><\/div>\n\n<div class=\"images-gallery scroll-x-mobile\"><div class=\"col-image\"><div class=\"image image-1\"><img decoding=\"async\" src=\"https:\/\/www.campingduvieuxmoulin.fr\/wp-content\/uploads\/2023\/01\/ACTIVITES-caroussel1-1-scaled.jpg\" alt=\"\" \/><\/div><\/div><div class=\"col-image\"><div class=\"image image-2\"><img decoding=\"async\" src=\"https:\/\/www.campingduvieuxmoulin.fr\/wp-content\/uploads\/2023\/01\/ACTIVITES-caroussel2-1.jpg\" alt=\"\" \/><\/div><div class=\"image image-3\"><img decoding=\"async\" src=\"https:\/\/www.campingduvieuxmoulin.fr\/wp-content\/uploads\/2023\/01\/ACTIVITES-caroussel3-1.jpg\" alt=\"\" \/><\/div><div class=\"image image-4\"><img decoding=\"async\" src=\"https:\/\/www.campingduvieuxmoulin.fr\/wp-content\/uploads\/2023\/01\/ACTIVITES-caroussel4-1.jpg\" alt=\"\" \/><\/div><\/div><div class=\"col-image\"><div class=\"image image-5\"><img decoding=\"async\" src=\"https:\/\/www.campingduvieuxmoulin.fr\/wp-content\/uploads\/2023\/01\/ACTIVITES-caroussel5-1-scaled.jpg\" alt=\"\" \/><\/div><\/div><\/div>","protected":false},"excerpt":{"rendered":"","protected":false},"author":1,"featured_media":4887,"parent":0,"menu_order":0,"comment_status":"closed","ping_status":"closed","template":"","meta":{"_acf_changed":false,"footnotes":""},"class_list":["post-6163","page","type-page","status-publish","has-post-thumbnail","hentry"],"acf":[],"yoast_head":"<!-- This site is optimized with the Yoast SEO plugin v27.4 - https:\/\/yoast.com\/product\/yoast-seo-wordpress\/ -->\n<title>Campingplatz mit Aktivit\u00e4ten und Freizeit im M\u00e9doc, Gironde<\/title>\n<meta name=\"description\" content=\"Entdecken Sie die Aktivit\u00e4ten auf dem Campingplatz in Vensac in der Gironde f\u00fcr Ihren Urlaub mit Familie oder Freunden im M\u00e9doc!\" \/>\n<meta name=\"robots\" content=\"index, follow, max-snippet:-1, max-image-preview:large, max-video-preview:-1\" \/>\n<link rel=\"canonical\" href=\"https:\/\/www.campingduvieuxmoulin.fr\/de\/aktivitaeten\/\" \/>\n<meta property=\"og:locale\" content=\"de_DE\" \/>\n<meta property=\"og:type\" content=\"article\" \/>\n<meta property=\"og:title\" content=\"Campingplatz mit Aktivit\u00e4ten und Freizeit im M\u00e9doc, Gironde\" \/>\n<meta property=\"og:description\" content=\"Entdecken Sie die Aktivit\u00e4ten auf dem Campingplatz in Vensac in der Gironde f\u00fcr Ihren Urlaub mit Familie oder Freunden im M\u00e9doc!\" \/>\n<meta property=\"og:url\" content=\"https:\/\/www.campingduvieuxmoulin.fr\/de\/aktivitaeten\/\" \/>\n<meta property=\"og:site_name\" content=\"Camping du Vieux Moulin\" \/>\n<meta property=\"article:modified_time\" content=\"2024-06-13T11:35:50+00:00\" \/>\n<meta property=\"og:image\" content=\"https:\/\/www.campingduvieuxmoulin.fr\/wp-content\/uploads\/2023\/05\/camping-medoc.jpg\" \/>\n\t<meta property=\"og:image:width\" content=\"1900\" \/>\n\t<meta property=\"og:image:height\" content=\"700\" \/>\n\t<meta property=\"og:image:type\" content=\"image\/jpeg\" \/>\n<meta name=\"twitter:card\" content=\"summary_large_image\" \/>\n<script type=\"application\/ld+json\" class=\"yoast-schema-graph\">{\"@context\":\"https:\\\/\\\/schema.org\",\"@graph\":[{\"@type\":\"WebPage\",\"@id\":\"https:\\\/\\\/www.campingduvieuxmoulin.fr\\\/de\\\/aktivitaeten\\\/\",\"url\":\"https:\\\/\\\/www.campingduvieuxmoulin.fr\\\/de\\\/aktivitaeten\\\/\",\"name\":\"Campingplatz mit Aktivit\u00e4ten und Freizeit im M\u00e9doc, Gironde\",\"isPartOf\":{\"@id\":\"https:\\\/\\\/www.campingduvieuxmoulin.fr\\\/de\\\/#website\"},\"primaryImageOfPage\":{\"@id\":\"https:\\\/\\\/www.campingduvieuxmoulin.fr\\\/de\\\/aktivitaeten\\\/#primaryimage\"},\"image\":{\"@id\":\"https:\\\/\\\/www.campingduvieuxmoulin.fr\\\/de\\\/aktivitaeten\\\/#primaryimage\"},\"thumbnailUrl\":\"https:\\\/\\\/www.campingduvieuxmoulin.fr\\\/wp-content\\\/uploads\\\/2023\\\/05\\\/camping-medoc.jpg\",\"datePublished\":\"2021-04-15T15:10:29+00:00\",\"dateModified\":\"2024-06-13T11:35:50+00:00\",\"description\":\"Entdecken Sie die Aktivit\u00e4ten auf dem Campingplatz in Vensac in der Gironde f\u00fcr Ihren Urlaub mit Familie oder Freunden im M\u00e9doc!\",\"breadcrumb\":{\"@id\":\"https:\\\/\\\/www.campingduvieuxmoulin.fr\\\/de\\\/aktivitaeten\\\/#breadcrumb\"},\"inLanguage\":\"de\",\"potentialAction\":[{\"@type\":\"ReadAction\",\"target\":[\"https:\\\/\\\/www.campingduvieuxmoulin.fr\\\/de\\\/aktivitaeten\\\/\"]}]},{\"@type\":\"ImageObject\",\"inLanguage\":\"de\",\"@id\":\"https:\\\/\\\/www.campingduvieuxmoulin.fr\\\/de\\\/aktivitaeten\\\/#primaryimage\",\"url\":\"https:\\\/\\\/www.campingduvieuxmoulin.fr\\\/wp-content\\\/uploads\\\/2023\\\/05\\\/camping-medoc.jpg\",\"contentUrl\":\"https:\\\/\\\/www.campingduvieuxmoulin.fr\\\/wp-content\\\/uploads\\\/2023\\\/05\\\/camping-medoc.jpg\",\"width\":1900,\"height\":700},{\"@type\":\"BreadcrumbList\",\"@id\":\"https:\\\/\\\/www.campingduvieuxmoulin.fr\\\/de\\\/aktivitaeten\\\/#breadcrumb\",\"itemListElement\":[{\"@type\":\"ListItem\",\"position\":1,\"name\":\"Camping Gironde\",\"item\":\"https:\\\/\\\/www.campingduvieuxmoulin.fr\\\/de\\\/\"},{\"@type\":\"ListItem\",\"position\":2,\"name\":\"Campingplatz mit Aktivit\u00e4ten in Vensac\"}]},{\"@type\":\"WebSite\",\"@id\":\"https:\\\/\\\/www.campingduvieuxmoulin.fr\\\/de\\\/#website\",\"url\":\"https:\\\/\\\/www.campingduvieuxmoulin.fr\\\/de\\\/\",\"name\":\"Camping du Vieux Moulin\",\"description\":\"\",\"potentialAction\":[{\"@type\":\"SearchAction\",\"target\":{\"@type\":\"EntryPoint\",\"urlTemplate\":\"https:\\\/\\\/www.campingduvieuxmoulin.fr\\\/de\\\/?s={search_term_string}\"},\"query-input\":{\"@type\":\"PropertyValueSpecification\",\"valueRequired\":true,\"valueName\":\"search_term_string\"}}],\"inLanguage\":\"de\"}]}<\/script>\n<!-- \/ Yoast SEO plugin. -->","yoast_head_json":{"title":"Campingplatz mit Aktivit\u00e4ten und Freizeit im M\u00e9doc, Gironde","description":"Entdecken Sie die Aktivit\u00e4ten auf dem Campingplatz in Vensac in der Gironde f\u00fcr Ihren Urlaub mit Familie oder Freunden im M\u00e9doc!","robots":{"index":"index","follow":"follow","max-snippet":"max-snippet:-1","max-image-preview":"max-image-preview:large","max-video-preview":"max-video-preview:-1"},"canonical":"https:\/\/www.campingduvieuxmoulin.fr\/de\/aktivitaeten\/","og_locale":"de_DE","og_type":"article","og_title":"Campingplatz mit Aktivit\u00e4ten und Freizeit im M\u00e9doc, Gironde","og_description":"Entdecken Sie die Aktivit\u00e4ten auf dem Campingplatz in Vensac in der Gironde f\u00fcr Ihren Urlaub mit Familie oder Freunden im M\u00e9doc!","og_url":"https:\/\/www.campingduvieuxmoulin.fr\/de\/aktivitaeten\/","og_site_name":"Camping du Vieux Moulin","article_modified_time":"2024-06-13T11:35:50+00:00","og_image":[{"width":1900,"height":700,"url":"https:\/\/www.campingduvieuxmoulin.fr\/wp-content\/uploads\/2023\/05\/camping-medoc.jpg","type":"image\/jpeg"}],"twitter_card":"summary_large_image","schema":{"@context":"https:\/\/schema.org","@graph":[{"@type":"WebPage","@id":"https:\/\/www.campingduvieuxmoulin.fr\/de\/aktivitaeten\/","url":"https:\/\/www.campingduvieuxmoulin.fr\/de\/aktivitaeten\/","name":"Campingplatz mit Aktivit\u00e4ten und Freizeit im M\u00e9doc, Gironde","isPartOf":{"@id":"https:\/\/www.campingduvieuxmoulin.fr\/de\/#website"},"primaryImageOfPage":{"@id":"https:\/\/www.campingduvieuxmoulin.fr\/de\/aktivitaeten\/#primaryimage"},"image":{"@id":"https:\/\/www.campingduvieuxmoulin.fr\/de\/aktivitaeten\/#primaryimage"},"thumbnailUrl":"https:\/\/www.campingduvieuxmoulin.fr\/wp-content\/uploads\/2023\/05\/camping-medoc.jpg","datePublished":"2021-04-15T15:10:29+00:00","dateModified":"2024-06-13T11:35:50+00:00","description":"Entdecken Sie die Aktivit\u00e4ten auf dem Campingplatz in Vensac in der Gironde f\u00fcr Ihren Urlaub mit Familie oder Freunden im M\u00e9doc!","breadcrumb":{"@id":"https:\/\/www.campingduvieuxmoulin.fr\/de\/aktivitaeten\/#breadcrumb"},"inLanguage":"de","potentialAction":[{"@type":"ReadAction","target":["https:\/\/www.campingduvieuxmoulin.fr\/de\/aktivitaeten\/"]}]},{"@type":"ImageObject","inLanguage":"de","@id":"https:\/\/www.campingduvieuxmoulin.fr\/de\/aktivitaeten\/#primaryimage","url":"https:\/\/www.campingduvieuxmoulin.fr\/wp-content\/uploads\/2023\/05\/camping-medoc.jpg","contentUrl":"https:\/\/www.campingduvieuxmoulin.fr\/wp-content\/uploads\/2023\/05\/camping-medoc.jpg","width":1900,"height":700},{"@type":"BreadcrumbList","@id":"https:\/\/www.campingduvieuxmoulin.fr\/de\/aktivitaeten\/#breadcrumb","itemListElement":[{"@type":"ListItem","position":1,"name":"Camping Gironde","item":"https:\/\/www.campingduvieuxmoulin.fr\/de\/"},{"@type":"ListItem","position":2,"name":"Campingplatz mit Aktivit\u00e4ten in Vensac"}]},{"@type":"WebSite","@id":"https:\/\/www.campingduvieuxmoulin.fr\/de\/#website","url":"https:\/\/www.campingduvieuxmoulin.fr\/de\/","name":"Camping du Vieux Moulin","description":"","potentialAction":[{"@type":"SearchAction","target":{"@type":"EntryPoint","urlTemplate":"https:\/\/www.campingduvieuxmoulin.fr\/de\/?s={search_term_string}"},"query-input":{"@type":"PropertyValueSpecification","valueRequired":true,"valueName":"search_term_string"}}],"inLanguage":"de"}]}},"_links":{"self":[{"href":"https:\/\/www.campingduvieuxmoulin.fr\/de\/wp-json\/wp\/v2\/pages\/6163","targetHints":{"allow":["GET"]}}],"collection":[{"href":"https:\/\/www.campingduvieuxmoulin.fr\/de\/wp-json\/wp\/v2\/pages"}],"about":[{"href":"https:\/\/www.campingduvieuxmoulin.fr\/de\/wp-json\/wp\/v2\/types\/page"}],"author":[{"embeddable":true,"href":"https:\/\/www.campingduvieuxmoulin.fr\/de\/wp-json\/wp\/v2\/users\/1"}],"replies":[{"embeddable":true,"href":"https:\/\/www.campingduvieuxmoulin.fr\/de\/wp-json\/wp\/v2\/comments?post=6163"}],"version-history":[{"count":4,"href":"https:\/\/www.campingduvieuxmoulin.fr\/de\/wp-json\/wp\/v2\/pages\/6163\/revisions"}],"predecessor-version":[{"id":6174,"href":"https:\/\/www.campingduvieuxmoulin.fr\/de\/wp-json\/wp\/v2\/pages\/6163\/revisions\/6174"}],"wp:featuredmedia":[{"embeddable":true,"href":"https:\/\/www.campingduvieuxmoulin.fr\/de\/wp-json\/wp\/v2\/media\/4887"}],"wp:attachment":[{"href":"https:\/\/www.campingduvieuxmoulin.fr\/de\/wp-json\/wp\/v2\/media?parent=6163"}],"curies":[{"name":"wp","href":"https:\/\/api.w.org\/{rel}","templated":true}]}}