{"id":6242,"date":"2021-04-15T17:10:30","date_gmt":"2021-04-15T15:10:30","guid":{"rendered":"https:\/\/www.campingduvieuxmoulin.fr\/a-voir\/"},"modified":"2024-06-13T15:25:27","modified_gmt":"2024-06-13T13:25:27","slug":"haben","status":"publish","type":"page","link":"https:\/\/www.campingduvieuxmoulin.fr\/de\/haben\/","title":{"rendered":"ZU TUN HABEN"},"content":{"rendered":"<div class=\"bloc-texte full\"><div class=\"texte center\"><p>Eine gesch\u00fctzte Umgebung im Herzen eines gesch\u00fctzten regionalen Naturparks, ein Land zwischen Land und Meer, das f\u00fcr seine atemberaubenden Landschaften und seine Str\u00e4nde so weit das Auge reicht, seine wilden D\u00fcnen, seine riesigen Pinienw\u00e4lder, die von Rad- und Wanderwegen durchzogen sind, bekannt ist , seine Seen, die wie Binnenmeere aussehen &#8230; Das M\u00e9doc verstr\u00f6mt einen Duft der Authentizit\u00e4t, der von Sportlern, Naturliebhabern und Feinschmeckern gleicherma\u00dfen gesch\u00e4tzt wird.<\/p>\n<\/div><\/div>\n\n<div class=\"text-image-new style1 image-left\"><div class=\"text-image-new-colonne\"><H2 class=\"text-image-new-titre\">Besuchen Sie das Dorf Vensac<\/H2><div class=\"text-image-new-content\"><p>Das Dorf Vensac liegt nur wenige hundert Meter von unserem Campingplatz in der Gironde entfernt. Es gibt einen Minimarkt, in dem Sie alles N\u00f6tige kaufen k\u00f6nnen, und die Post, um Ihre Urlaubsverbindungen sicherzustellen, aber auch:<\/p>\n<ul>\n<li>ein Tierarzt,<\/li>\n<li>1 Restaurant,<\/li>\n<li>1 Praxis f\u00fcr Behandlung und \u00c4sthetik,<\/li>\n<li>1 Schminktisch,<\/li>\n<li>1 Physiotherapeut.<\/li>\n<\/ul>\n<p>Dieses Dorf ist auch f\u00fcr seine Windm\u00fchle bekannt<\/p>\n<\/div><\/div><div class=\"text-image-new-colonne\"><img decoding=\"async\" src=\"https:\/\/www.campingduvieuxmoulin.fr\/wp-content\/uploads\/2021\/04\/vensac.jpg\" alt=\"Dorf Vensac\" class=\"text-image-new-thumb\" \/><\/div><\/div>\n\n<div class=\"text-image-new style1 image-right background-marron\"><div class=\"text-image-new-colonne\"><H2 class=\"text-image-new-titre\">Besuchen Sie den Aromenmarkt (Juli\/August) in Vensac<\/H2><div class=\"text-image-new-content\"><p>Der March\u00e9 aux Saveurs ist w\u00e4hrend der Sommersaison im Juli und August ge\u00f6ffnet (Nachtmarkt jeden Donnerstagabend). Erledigen Sie Ihre Eink\u00e4ufe und probieren Sie vor Ort in einer freundlichen und musikalischen Atmosph\u00e4re!<\/p>\n<p>Schlie\u00dflich werden die Mounaques de Vensac diesen Sommer Jung und Alt begeistern!<\/p>\n<\/div><\/div><div class=\"text-image-new-colonne\"><img decoding=\"async\" src=\"https:\/\/www.campingduvieuxmoulin.fr\/wp-content\/uploads\/2021\/04\/marche-des-saveurs-soulac-medoc-atlantique-1600x900-1.jpg\" alt=\"\" class=\"text-image-new-thumb\" \/><\/div><\/div>\n\n<div class=\"text-image-new style1 image-left\"><div class=\"text-image-new-colonne\"><H2 class=\"text-image-new-titre\">Baumklettern im \u201eLa For\u00eat de L\u2019Aventure de Montalivet\u201c<\/H2><div class=\"text-image-new-content\"><p>Es liegt am Eingang des Dorfes Montalivet, 10 km vom Campingplatz entfernt. Eine ideale Outdoor-Aktivit\u00e4t. Entdecken Sie den Wald, indem Sie Affenbr\u00fccken, Strickleitern, Netze, Seilrutschen &#8230; \u00fcberqueren.<br \/>\nGenie\u00dfen Sie aber auch andere Spiele: Kartrennen, Sumo-Ringen, Minigolf, Bogenschie\u00dfen, Schatzsuche &#8230;<br \/>\nEin Abenteuerpark im Pinienwald des M\u00e9doc.<br \/>\nTel.: 05 56 09 07 88<br \/>\nWebsite: www.laforet-aventure.com<\/p>\n<\/div><\/div><div class=\"text-image-new-colonne\"><img decoding=\"async\" src=\"https:\/\/www.campingduvieuxmoulin.fr\/wp-content\/uploads\/2023\/01\/A-VOIR-A-FAIRE-5-1-scaled.jpg\" alt=\"\" class=\"text-image-new-thumb\" \/><\/div><\/div>\n\n<div class=\"text-image-new style1 image-right background-marron\"><div class=\"text-image-new-colonne\"><H2 class=\"text-image-new-titre\">Spazieren Sie an der Gironde-M\u00fcndung<\/H2><div class=\"text-image-new-content\"><p>Die Gironde-M\u00fcndung ist die gr\u00f6\u00dfte in Europa!<\/p>\n<p>Nutzen Sie diesen ruhigen und friedlichen Ort, um am Atlantischen Ozean frische Luft zu schnappen.Leuchtt\u00fcrme, farbenfrohe Pl\u00e4tze, M\u00e4rkte und gastronomisches Erbe mit Austern und Garnelen aus dem M\u00e9doc oder sogar Tavernen, kleine Fischerh\u00e4fen und S\u00fcmpfe \u2013 warten Sie nicht l\u00e4nger mit einem Ausflug dorthin.<\/p>\n<\/div><a class=\"bouton\" href=\"https:\/\/www.medoc-atlantique.com\/activites\/randos-et-balades\/balade-sur-lestuaire\/\" target=\"_blank\" rel=\"noopener\">Ich entdecke das Wesentliche der Flussm\u00fcndung<\/a><\/div><div class=\"text-image-new-colonne\"><img decoding=\"async\" src=\"https:\/\/www.campingduvieuxmoulin.fr\/wp-content\/uploads\/2023\/01\/A-VOIR-A-FAIRE-2-scaled.jpg\" alt=\"\" class=\"text-image-new-thumb\" \/><\/div><\/div>\n\n<div class=\"text-image-new style1 image-left\"><div class=\"text-image-new-colonne\"><H2 class=\"text-image-new-titre\">Radwege rund um den Campingplatz<\/H2><div class=\"text-image-new-content\"><p>600 km dedizierte Radwege, 435 km Radwege und Radwege in st\u00e4dtischen Gebieten, 2000 km markierte Wanderwege, die meisten davon offen f\u00fcr Mountainbiker &#8230; Gironde ist eines der f\u00fchrenden Radreiseziele in Frankreich.<br \/>\nDas Radwegenetz in der Gironde w\u00e4chst jedes Jahr.<\/p>\n<p>Heute f\u00fchren fast 600 km Wege (darunter 300 km Departementswege) Wanderer an die K\u00fcste, in die Metropolregion Bordeaux, durch Weinberge oder Naturgebiete. Sie wurden haupts\u00e4chlich auf ihrem eigenen Gel\u00e4nde errichtet und gew\u00e4hrleisten absolute Sicherheit.<\/p>\n<\/div><p class=\"lire-plus\">Mehr lesen<\/p><div class=\"text-image-new-content-more hide\"><p>Zwischen dem Fluss und der Atlantikk\u00fcste machen wir hier keine Scherze mit den guten Dingen: eine Gastronomie mit vielf\u00e4ltigen Raffinessen aus lokalen Produkten, international bekannte Weinbezeichnungen, ein hochwertiges architektonisches Erbe, eine von langen Sandstr\u00e4nden und W\u00e4ldern ges\u00e4umte K\u00fcste.<\/p>\n<p>Dies ist zweifellos der Grund, warum Gironde mit 500 km autofreien Wegen und fast ebenso vielen Entwicklungen in st\u00e4dtischen Gebieten zu den f\u00fchrenden Radreisezielen in Frankreich geh\u00f6rt. Die K\u00fcste ist mittlerweile vollst\u00e4ndig mit Radwegen von Pointe de Grave bis Arcachon bedeckt, die ein wesentlicher Bestandteil der Eurov\u00e9loroute 1 sind. Sch\u00f6ne \u00dcberraschungen gibt es auch im Inneren zu entdecken.<br \/>\nSie k\u00f6nnen die Radwegkarten der Gironde auf der Website des Tourismusausschusses des Departements einsehen.<\/p>\n<\/div><p class=\"lire-moins hide\">Lese weniger<\/p><\/div><div class=\"text-image-new-colonne\"><img decoding=\"async\" src=\"https:\/\/www.campingduvieuxmoulin.fr\/wp-content\/uploads\/2023\/01\/A-VOIR-A-FAIRE-8-1-scaled.jpg\" alt=\"\" class=\"text-image-new-thumb\" \/><\/div><\/div>\n\n<div class=\"text-image-new style1 image-right background-marron\"><div class=\"text-image-new-colonne\"><H2 class=\"text-image-new-titre\">Reiten im M\u00e9doc<\/H2><div class=\"text-image-new-content\"><p>Entdecken Sie zwischen der Gironde-M\u00fcndung und dem Atlantischen Ozean die Spitze des M\u00e9doc, seine Geschichte, seine Kuriosit\u00e4ten, seine Fauna und Flora in vielf\u00e4ltigen Farben, die der kleinen Camargue von Bordeaux w\u00fcrdig sind.<\/p>\n<p>Als Land voller Kontraste ist das M\u00e9doc faszinierend und bietet eine v\u00f6llige Abwechslung. Im Osten bewegen wir uns zwischen Deichen und Poldern, Entenf\u00e4ssern und Fischernetzen, sogenannten \u201eMatten\u201c-S\u00fcmpfen, kultiviertem Land, dessen Pegel niedriger ist als der des Meeres. Im Westen liegt die Meeresseite, die uns mehr als 40 km bietet Die Vielzahl an passierbaren Str\u00e4nden und die gepflegten Weinberge, die an den Fluss grenzen, machen das M\u00e9doc zu diesem Diamanten, der weltweit f\u00fcr seine gro\u00dfartigen Weine bekannt ist.<\/p>\n<p>Haras de Saint Vivien<br \/>\n12 Hafenstra\u00dfe<br \/>\n33590 Saint Vivien de M\u00e9doc<br \/>\nTelefon: 05 57 75 08 15 Mobil: 06 16 57 07 90<\/p>\n<\/div><\/div><div class=\"text-image-new-colonne\"><img decoding=\"async\" src=\"https:\/\/www.campingduvieuxmoulin.fr\/wp-content\/uploads\/2023\/01\/A-VOIR-A-FAIRE-4-scaled.jpg\" alt=\"\" class=\"text-image-new-thumb\" \/><\/div><\/div>\n\n<div class=\"text-image-new style1 image-left\"><div class=\"text-image-new-colonne\"><H2 class=\"text-image-new-titre\">Surfen, Wasserski, Kitesurfen: Probieren Sie Wassersport in der Gironde aus<\/H2><div class=\"text-image-new-content\"><p>Rutsch- und Abenteuerschule: Kitesurfunterricht, Wakeboarden (Wasserski), Folieren, Kite-Floating, Windsurfen, Katamaran, Surfen&#8230; f\u00fcr alle Niveaus. Junior-Kitesurf- und Wakeboard-Kurse. Verleih und Fahrten im Hawaii-Kanu und Stand-Up-Paddle-Board.<\/p>\n<p>Evolution 2 Lacanau Kite and Wake Center<br \/>\n41 avenue du Docteur Arnou Laujeac<br \/>\n33680 LACANAU<br \/>\nSolch. : +33 6 08 34 59 07<\/p>\n<\/div><\/div><div class=\"text-image-new-colonne\"><img decoding=\"async\" src=\"https:\/\/www.campingduvieuxmoulin.fr\/wp-content\/uploads\/2023\/01\/A-VOIR-A-FAIRE-7-2-scaled.jpg\" alt=\"\" class=\"text-image-new-thumb\" \/><\/div><\/div>\n\n<div class=\"text-image-new style1 image-right background-marron\"><div class=\"text-image-new-colonne\"><H2 class=\"text-image-new-titre\">Gehen Sie Strandsegeln und Speedsailing an den Str\u00e4nden der Gironde<\/H2><div class=\"text-image-new-content\"><p>An den riesigen Str\u00e4nden Aquitaniens l\u00e4dt dieser Club Sie ein, die Praxis des Strandsegelns und Speedsegelns zu entdecken.Strandsegeln ist ein f\u00fcr jedermann zug\u00e4nglicher Outdoor- und Fahrsport, der Ihre Reflexe sch\u00e4rft und alle Sinne anspricht.<\/p>\n<p>Cap Montalivet<br \/>\nRue de Soulac \u2013 Esplanade Nord<br \/>\n33930 VENDAYS-MONTALIVET<br \/>\nTelefon: 06 45 72 04 02<\/p>\n<\/div><\/div><div class=\"text-image-new-colonne\"><img decoding=\"async\" src=\"https:\/\/www.campingduvieuxmoulin.fr\/wp-content\/uploads\/2023\/01\/A-VOIR-A-FAIRE-6-scaled.jpg\" alt=\"\" class=\"text-image-new-thumb\" \/><\/div><\/div>\n\n<div class=\"liste-de-page-home\"><h2 class=\"liste-de-page-home-titre\">Entdecken Sie weitere Aktivit\u00e4ten in der Gironde<\/h2><ul class=\"liste-de-page-articles\"><li><a href=\"https:\/\/www.campingduvieuxmoulin.fr\/de\/nachricht\/straende-medoc\/\"><div class=\"cta-img\"><img decoding=\"async\" src=\"https:\/\/www.campingduvieuxmoulin.fr\/wp-content\/uploads\/2023\/09\/plages-medoc.jpg\" alt=\"\"><\/div><div class=\"cta-titre\">Str\u00e4nde des M\u00e9doc: Entdecken Sie die sch\u00f6nsten Str\u00e4nde mit feinem Sand f\u00fcr einen unvergesslichen Urlaub<\/div><\/a><\/li><li><a href=\"https:\/\/www.campingduvieuxmoulin.fr\/de\/nachricht\/fort-medoc\/\"><div class=\"cta-img\"><img decoding=\"async\" src=\"https:\/\/www.campingduvieuxmoulin.fr\/wp-content\/uploads\/2023\/09\/fort-medoc.jpg\" alt=\"\"><\/div><div class=\"cta-titre\">Fort M\u00e9doc, ein Kulturerbe, das Sie w\u00e4hrend eines Aufenthalts in der Gironde besuchen sollten<\/div><\/a><\/li><li><a href=\"https:\/\/www.campingduvieuxmoulin.fr\/de\/nachricht\/austern-medoc\/\"><div class=\"cta-img\"><img decoding=\"async\" src=\"https:\/\/www.campingduvieuxmoulin.fr\/wp-content\/uploads\/2023\/09\/huitres-medoc.jpg\" alt=\"\"><\/div><div class=\"cta-titre\">Entdecken Sie die Austern des M\u00e9doc<\/div><\/a><\/li><li><a href=\"https:\/\/www.campingduvieuxmoulin.fr\/de\/nachricht\/radweg-soulac-sur-mer\/\"><div class=\"cta-img\"><img decoding=\"async\" src=\"https:\/\/www.campingduvieuxmoulin.fr\/wp-content\/uploads\/2023\/09\/piste-cyclable-soulac-sur-mer.jpg\" alt=\"\"><\/div><div class=\"cta-titre\">Soulac-sur-Mer mit dem Fahrrad: Wege zum Entdecken<\/div><\/a><\/li><\/ul><\/div>","protected":false},"excerpt":{"rendered":"","protected":false},"author":1,"featured_media":4595,"parent":0,"menu_order":0,"comment_status":"closed","ping_status":"closed","template":"","meta":{"_acf_changed":false,"footnotes":""},"class_list":["post-6242","page","type-page","status-publish","has-post-thumbnail","hentry"],"acf":[],"yoast_head":"<!-- This site is optimized with the Yoast SEO plugin v27.4 - https:\/\/yoast.com\/product\/yoast-seo-wordpress\/ -->\n<title>Was gibt es w\u00e4hrend eines Campingurlaubs in der Gironde zu sehen und zu unternehmen?<\/title>\n<meta name=\"robots\" content=\"index, follow, max-snippet:-1, max-image-preview:large, max-video-preview:-1\" \/>\n<link rel=\"canonical\" href=\"https:\/\/www.campingduvieuxmoulin.fr\/de\/haben\/\" \/>\n<meta property=\"og:locale\" content=\"de_DE\" \/>\n<meta property=\"og:type\" content=\"article\" \/>\n<meta property=\"og:title\" content=\"Was gibt es w\u00e4hrend eines Campingurlaubs in der Gironde zu sehen und zu unternehmen?\" \/>\n<meta property=\"og:url\" content=\"https:\/\/www.campingduvieuxmoulin.fr\/de\/haben\/\" \/>\n<meta property=\"og:site_name\" content=\"Camping du Vieux Moulin\" \/>\n<meta property=\"article:modified_time\" content=\"2024-06-13T13:25:27+00:00\" \/>\n<meta property=\"og:image\" content=\"https:\/\/www.campingduvieuxmoulin.fr\/wp-content\/uploads\/2023\/01\/RESERVER-MON-MH-3-scaled.jpg\" \/>\n\t<meta property=\"og:image:width\" content=\"2560\" \/>\n\t<meta property=\"og:image:height\" content=\"1297\" \/>\n\t<meta property=\"og:image:type\" content=\"image\/jpeg\" \/>\n<meta name=\"twitter:card\" content=\"summary_large_image\" \/>\n<script type=\"application\/ld+json\" class=\"yoast-schema-graph\">{\"@context\":\"https:\\\/\\\/schema.org\",\"@graph\":[{\"@type\":\"WebPage\",\"@id\":\"https:\\\/\\\/www.campingduvieuxmoulin.fr\\\/de\\\/haben\\\/\",\"url\":\"https:\\\/\\\/www.campingduvieuxmoulin.fr\\\/de\\\/haben\\\/\",\"name\":\"Was gibt es w\u00e4hrend eines Campingurlaubs in der Gironde zu sehen und zu unternehmen?\",\"isPartOf\":{\"@id\":\"https:\\\/\\\/www.campingduvieuxmoulin.fr\\\/de\\\/#website\"},\"primaryImageOfPage\":{\"@id\":\"https:\\\/\\\/www.campingduvieuxmoulin.fr\\\/de\\\/haben\\\/#primaryimage\"},\"image\":{\"@id\":\"https:\\\/\\\/www.campingduvieuxmoulin.fr\\\/de\\\/haben\\\/#primaryimage\"},\"thumbnailUrl\":\"https:\\\/\\\/www.campingduvieuxmoulin.fr\\\/wp-content\\\/uploads\\\/2023\\\/01\\\/RESERVER-MON-MH-3-scaled.jpg\",\"datePublished\":\"2021-04-15T15:10:30+00:00\",\"dateModified\":\"2024-06-13T13:25:27+00:00\",\"breadcrumb\":{\"@id\":\"https:\\\/\\\/www.campingduvieuxmoulin.fr\\\/de\\\/haben\\\/#breadcrumb\"},\"inLanguage\":\"de\",\"potentialAction\":[{\"@type\":\"ReadAction\",\"target\":[\"https:\\\/\\\/www.campingduvieuxmoulin.fr\\\/de\\\/haben\\\/\"]}]},{\"@type\":\"ImageObject\",\"inLanguage\":\"de\",\"@id\":\"https:\\\/\\\/www.campingduvieuxmoulin.fr\\\/de\\\/haben\\\/#primaryimage\",\"url\":\"https:\\\/\\\/www.campingduvieuxmoulin.fr\\\/wp-content\\\/uploads\\\/2023\\\/01\\\/RESERVER-MON-MH-3-scaled.jpg\",\"contentUrl\":\"https:\\\/\\\/www.campingduvieuxmoulin.fr\\\/wp-content\\\/uploads\\\/2023\\\/01\\\/RESERVER-MON-MH-3-scaled.jpg\",\"width\":2560,\"height\":1297},{\"@type\":\"BreadcrumbList\",\"@id\":\"https:\\\/\\\/www.campingduvieuxmoulin.fr\\\/de\\\/haben\\\/#breadcrumb\",\"itemListElement\":[{\"@type\":\"ListItem\",\"position\":1,\"name\":\"Camping Gironde\",\"item\":\"https:\\\/\\\/www.campingduvieuxmoulin.fr\\\/de\\\/\"},{\"@type\":\"ListItem\",\"position\":2,\"name\":\"Tourismus in der Gironde\"}]},{\"@type\":\"WebSite\",\"@id\":\"https:\\\/\\\/www.campingduvieuxmoulin.fr\\\/de\\\/#website\",\"url\":\"https:\\\/\\\/www.campingduvieuxmoulin.fr\\\/de\\\/\",\"name\":\"Camping du Vieux Moulin\",\"description\":\"\",\"potentialAction\":[{\"@type\":\"SearchAction\",\"target\":{\"@type\":\"EntryPoint\",\"urlTemplate\":\"https:\\\/\\\/www.campingduvieuxmoulin.fr\\\/de\\\/?s={search_term_string}\"},\"query-input\":{\"@type\":\"PropertyValueSpecification\",\"valueRequired\":true,\"valueName\":\"search_term_string\"}}],\"inLanguage\":\"de\"}]}<\/script>\n<!-- \/ Yoast SEO plugin. -->","yoast_head_json":{"title":"Was gibt es w\u00e4hrend eines Campingurlaubs in der Gironde zu sehen und zu unternehmen?","robots":{"index":"index","follow":"follow","max-snippet":"max-snippet:-1","max-image-preview":"max-image-preview:large","max-video-preview":"max-video-preview:-1"},"canonical":"https:\/\/www.campingduvieuxmoulin.fr\/de\/haben\/","og_locale":"de_DE","og_type":"article","og_title":"Was gibt es w\u00e4hrend eines Campingurlaubs in der Gironde zu sehen und zu unternehmen?","og_url":"https:\/\/www.campingduvieuxmoulin.fr\/de\/haben\/","og_site_name":"Camping du Vieux Moulin","article_modified_time":"2024-06-13T13:25:27+00:00","og_image":[{"width":2560,"height":1297,"url":"https:\/\/www.campingduvieuxmoulin.fr\/wp-content\/uploads\/2023\/01\/RESERVER-MON-MH-3-scaled.jpg","type":"image\/jpeg"}],"twitter_card":"summary_large_image","schema":{"@context":"https:\/\/schema.org","@graph":[{"@type":"WebPage","@id":"https:\/\/www.campingduvieuxmoulin.fr\/de\/haben\/","url":"https:\/\/www.campingduvieuxmoulin.fr\/de\/haben\/","name":"Was gibt es w\u00e4hrend eines Campingurlaubs in der Gironde zu sehen und zu unternehmen?","isPartOf":{"@id":"https:\/\/www.campingduvieuxmoulin.fr\/de\/#website"},"primaryImageOfPage":{"@id":"https:\/\/www.campingduvieuxmoulin.fr\/de\/haben\/#primaryimage"},"image":{"@id":"https:\/\/www.campingduvieuxmoulin.fr\/de\/haben\/#primaryimage"},"thumbnailUrl":"https:\/\/www.campingduvieuxmoulin.fr\/wp-content\/uploads\/2023\/01\/RESERVER-MON-MH-3-scaled.jpg","datePublished":"2021-04-15T15:10:30+00:00","dateModified":"2024-06-13T13:25:27+00:00","breadcrumb":{"@id":"https:\/\/www.campingduvieuxmoulin.fr\/de\/haben\/#breadcrumb"},"inLanguage":"de","potentialAction":[{"@type":"ReadAction","target":["https:\/\/www.campingduvieuxmoulin.fr\/de\/haben\/"]}]},{"@type":"ImageObject","inLanguage":"de","@id":"https:\/\/www.campingduvieuxmoulin.fr\/de\/haben\/#primaryimage","url":"https:\/\/www.campingduvieuxmoulin.fr\/wp-content\/uploads\/2023\/01\/RESERVER-MON-MH-3-scaled.jpg","contentUrl":"https:\/\/www.campingduvieuxmoulin.fr\/wp-content\/uploads\/2023\/01\/RESERVER-MON-MH-3-scaled.jpg","width":2560,"height":1297},{"@type":"BreadcrumbList","@id":"https:\/\/www.campingduvieuxmoulin.fr\/de\/haben\/#breadcrumb","itemListElement":[{"@type":"ListItem","position":1,"name":"Camping Gironde","item":"https:\/\/www.campingduvieuxmoulin.fr\/de\/"},{"@type":"ListItem","position":2,"name":"Tourismus in der Gironde"}]},{"@type":"WebSite","@id":"https:\/\/www.campingduvieuxmoulin.fr\/de\/#website","url":"https:\/\/www.campingduvieuxmoulin.fr\/de\/","name":"Camping du Vieux Moulin","description":"","potentialAction":[{"@type":"SearchAction","target":{"@type":"EntryPoint","urlTemplate":"https:\/\/www.campingduvieuxmoulin.fr\/de\/?s={search_term_string}"},"query-input":{"@type":"PropertyValueSpecification","valueRequired":true,"valueName":"search_term_string"}}],"inLanguage":"de"}]}},"_links":{"self":[{"href":"https:\/\/www.campingduvieuxmoulin.fr\/de\/wp-json\/wp\/v2\/pages\/6242","targetHints":{"allow":["GET"]}}],"collection":[{"href":"https:\/\/www.campingduvieuxmoulin.fr\/de\/wp-json\/wp\/v2\/pages"}],"about":[{"href":"https:\/\/www.campingduvieuxmoulin.fr\/de\/wp-json\/wp\/v2\/types\/page"}],"author":[{"embeddable":true,"href":"https:\/\/www.campingduvieuxmoulin.fr\/de\/wp-json\/wp\/v2\/users\/1"}],"replies":[{"embeddable":true,"href":"https:\/\/www.campingduvieuxmoulin.fr\/de\/wp-json\/wp\/v2\/comments?post=6242"}],"version-history":[{"count":2,"href":"https:\/\/www.campingduvieuxmoulin.fr\/de\/wp-json\/wp\/v2\/pages\/6242\/revisions"}],"predecessor-version":[{"id":6249,"href":"https:\/\/www.campingduvieuxmoulin.fr\/de\/wp-json\/wp\/v2\/pages\/6242\/revisions\/6249"}],"wp:featuredmedia":[{"embeddable":true,"href":"https:\/\/www.campingduvieuxmoulin.fr\/de\/wp-json\/wp\/v2\/media\/4595"}],"wp:attachment":[{"href":"https:\/\/www.campingduvieuxmoulin.fr\/de\/wp-json\/wp\/v2\/media?parent=6242"}],"curies":[{"name":"wp","href":"https:\/\/api.w.org\/{rel}","templated":true}]}}