{"id":5850,"date":"2021-07-21T09:26:13","date_gmt":"2021-07-21T07:26:13","guid":{"rendered":"https:\/\/www.campingduvieuxmoulin.fr\/camping-soulac\/"},"modified":"2024-06-12T15:30:52","modified_gmt":"2024-06-12T13:30:52","slug":"camping-soulac","status":"publish","type":"page","link":"https:\/\/www.campingduvieuxmoulin.fr\/es\/camping-soulac\/","title":{"rendered":"Soulac"},"content":{"rendered":"<div class=\"bloc-texte full\"><div class=\"texte left\"><p>Soulac-sur-Mer, en el suroeste de Francia, es una famosa estaci\u00f3n balnearia de la costa atl\u00e1ntica, en la regi\u00f3n de Nouvelle-Aquitaine. Sus 7 km de playas de arena fina son ideales para relajarse y tomar el sol, o incluso hacer surf en el oc\u00e9ano Atl\u00e1ntico. El camping Vieux Moulin de Vensac le acoge en su camping 3 estrellas de Gironda, a dos pasos de Soulac, para una estancia tranquila bajo los pinos.<\/p>\n<\/div><\/div>\n\n<div class=\"hebergement-home\"><div class=\"glider-contain glider-contain-hebergements\"><div class=\"hebergements glider\" id=\"glider-hebergements\"><a class=\"hebergement hebergement--init hebergement--style-1 hebergement_link \"id=\"5791\" href=\"https:\/\/www.campingduvieuxmoulin.fr\/es\/hebergements\/tienda-lodge-2-ch\/\"><div class=\"hebergement_image img-overlay\"><img decoding=\"async\" src=\"https:\/\/www.campingduvieuxmoulin.fr\/wp-content\/uploads\/2023\/11\/1685913755322-1-700x525.jpg\" alt=\"\" class=\"heberg_image\" srcset=\"https:\/\/www.campingduvieuxmoulin.fr\/wp-content\/uploads\/2023\/11\/1685913755322-1-scaled.jpg 1706w, https:\/\/www.campingduvieuxmoulin.fr\/wp-content\/uploads\/2023\/11\/1685913755322-1-200x300.jpg 200w, https:\/\/www.campingduvieuxmoulin.fr\/wp-content\/uploads\/2023\/11\/1685913755322-1-682x1024.jpg 682w, https:\/\/www.campingduvieuxmoulin.fr\/wp-content\/uploads\/2023\/11\/1685913755322-1-768x1153.jpg 768w, https:\/\/www.campingduvieuxmoulin.fr\/wp-content\/uploads\/2023\/11\/1685913755322-1-1023x1536.jpg 1023w, https:\/\/www.campingduvieuxmoulin.fr\/wp-content\/uploads\/2023\/11\/1685913755322-1-1365x2048.jpg 1365w, https:\/\/www.campingduvieuxmoulin.fr\/wp-content\/uploads\/2023\/11\/1685913755322-1-67x100.jpg 67w\"\/><\/div><div class=\"hebergement_content\"><div class=\"hebergement_titre hebergement_titre decoration\">Tienda de campa\u00f1a de 2 dormitorios<\/div><div class=\"hebergement_infos\"><div class=\"hebergement_info\"><img decoding=\"async\" src=\"https:\/\/www.campingduvieuxmoulin.fr\/wp-content\/themes\/Nature%26Residence\/images\/capacite.png\" class=\"no-lazy\" alt=\"capacit\u00e9 Tienda de campa\u00f1a de 2 dormitorios\" \/>5 pers<\/div><div class=\"hebergement_info\"><img decoding=\"async\" src=\"https:\/\/www.campingduvieuxmoulin.fr\/wp-content\/themes\/Nature%26Residence\/images\/chambres.png\" class=\"no-lazy\" alt=\"chambres Tienda de campa\u00f1a de 2 dormitorios\" \/>2 dormitorios<\/div><\/div><\/div><\/a><a class=\"hebergement hebergement--init hebergement--style-1 hebergement_link \"id=\"5789\" href=\"https:\/\/www.campingduvieuxmoulin.fr\/es\/hebergements\/casa-movil-xxl-4-dormitorios\/\"><div class=\"hebergement_image img-overlay\"><img decoding=\"async\" src=\"https:\/\/www.campingduvieuxmoulin.fr\/wp-content\/uploads\/2024\/06\/XXL2-R-R-BD-700x525.jpg\" alt=\"\" class=\"heberg_image\" srcset=\"https:\/\/www.campingduvieuxmoulin.fr\/wp-content\/uploads\/2024\/06\/XXL2-R-R-BD.jpg 2048w, https:\/\/www.campingduvieuxmoulin.fr\/wp-content\/uploads\/2024\/06\/XXL2-R-R-BD-300x200.jpg 300w, https:\/\/www.campingduvieuxmoulin.fr\/wp-content\/uploads\/2024\/06\/XXL2-R-R-BD-1024x683.jpg 1024w, https:\/\/www.campingduvieuxmoulin.fr\/wp-content\/uploads\/2024\/06\/XXL2-R-R-BD-768x512.jpg 768w, https:\/\/www.campingduvieuxmoulin.fr\/wp-content\/uploads\/2024\/06\/XXL2-R-R-BD-1536x1024.jpg 1536w, https:\/\/www.campingduvieuxmoulin.fr\/wp-content\/uploads\/2024\/06\/XXL2-R-R-BD-100x67.jpg 100w\"\/><\/div><div class=\"hebergement_content\"><div class=\"hebergement_titre hebergement_titre decoration\">Casa m\u00f3vil XXL 4 habitaciones<\/div><div class=\"hebergement_infos\"><div class=\"hebergement_info\"><img decoding=\"async\" src=\"https:\/\/www.campingduvieuxmoulin.fr\/wp-content\/themes\/Nature%26Residence\/images\/superficie.png\" class=\"no-lazy\" alt=\"superficie Casa m\u00f3vil XXL 4 habitaciones\" \/>37m2<\/div><div class=\"hebergement_info\"><img decoding=\"async\" src=\"https:\/\/www.campingduvieuxmoulin.fr\/wp-content\/themes\/Nature%26Residence\/images\/capacite.png\" class=\"no-lazy\" alt=\"capacit\u00e9 Casa m\u00f3vil XXL 4 habitaciones\" \/>8 pers<\/div><div class=\"hebergement_info\"><img decoding=\"async\" src=\"https:\/\/www.campingduvieuxmoulin.fr\/wp-content\/themes\/Nature%26Residence\/images\/chambres.png\" class=\"no-lazy\" alt=\"chambres Casa m\u00f3vil XXL 4 habitaciones\" \/>4 dormitorios<\/div><\/div><\/div><\/a><a class=\"hebergement hebergement--init hebergement--style-1 hebergement_link \"id=\"5783\" href=\"https:\/\/www.campingduvieuxmoulin.fr\/es\/hebergements\/casa-movil-6-8-personas\/\"><div class=\"hebergement_image img-overlay\"><img decoding=\"async\" src=\"https:\/\/www.campingduvieuxmoulin.fr\/wp-content\/uploads\/2021\/04\/DJI_20240918164920_0986_D-R-BD-700x525.jpg\" alt=\"\" class=\"heberg_image\" srcset=\"https:\/\/www.campingduvieuxmoulin.fr\/wp-content\/uploads\/2021\/04\/DJI_20240918164920_0986_D-R-BD.jpg 2048w, https:\/\/www.campingduvieuxmoulin.fr\/wp-content\/uploads\/2021\/04\/DJI_20240918164920_0986_D-R-BD-300x200.jpg 300w, https:\/\/www.campingduvieuxmoulin.fr\/wp-content\/uploads\/2021\/04\/DJI_20240918164920_0986_D-R-BD-1024x683.jpg 1024w, https:\/\/www.campingduvieuxmoulin.fr\/wp-content\/uploads\/2021\/04\/DJI_20240918164920_0986_D-R-BD-768x512.jpg 768w, https:\/\/www.campingduvieuxmoulin.fr\/wp-content\/uploads\/2021\/04\/DJI_20240918164920_0986_D-R-BD-1536x1024.jpg 1536w, https:\/\/www.campingduvieuxmoulin.fr\/wp-content\/uploads\/2021\/04\/DJI_20240918164920_0986_D-R-BD-100x67.jpg 100w\"\/><\/div><div class=\"hebergement_content\"><div class=\"hebergement_titre hebergement_titre decoration\">Casa m\u00f3vil confort 3 habitaciones<\/div><div class=\"hebergement_infos\"><div class=\"hebergement_info\"><img decoding=\"async\" src=\"https:\/\/www.campingduvieuxmoulin.fr\/wp-content\/themes\/Nature%26Residence\/images\/superficie.png\" class=\"no-lazy\" alt=\"superficie Casa m\u00f3vil confort 3 habitaciones\" \/>32m2<\/div><div class=\"hebergement_info\"><img decoding=\"async\" src=\"https:\/\/www.campingduvieuxmoulin.fr\/wp-content\/themes\/Nature%26Residence\/images\/capacite.png\" class=\"no-lazy\" alt=\"capacit\u00e9 Casa m\u00f3vil confort 3 habitaciones\" \/>6\/8 pers<\/div><div class=\"hebergement_info\"><img decoding=\"async\" src=\"https:\/\/www.campingduvieuxmoulin.fr\/wp-content\/themes\/Nature%26Residence\/images\/chambres.png\" class=\"no-lazy\" alt=\"chambres Casa m\u00f3vil confort 3 habitaciones\" \/>3 dormitorios<\/div><\/div><\/div><\/a><a class=\"hebergement hebergement--init hebergement--style-1 hebergement_link \"id=\"5779\" href=\"https:\/\/www.campingduvieuxmoulin.fr\/es\/hebergements\/casa-movil-4-5-personas\/\"><div class=\"hebergement_image img-overlay\"><img decoding=\"async\" src=\"https:\/\/www.campingduvieuxmoulin.fr\/wp-content\/uploads\/2021\/04\/MH-L02-R1-R-BD-700x525.jpg\" alt=\"\" class=\"heberg_image\" srcset=\"https:\/\/www.campingduvieuxmoulin.fr\/wp-content\/uploads\/2021\/04\/MH-L02-R1-R-BD.jpg 2048w, https:\/\/www.campingduvieuxmoulin.fr\/wp-content\/uploads\/2021\/04\/MH-L02-R1-R-BD-300x200.jpg 300w, https:\/\/www.campingduvieuxmoulin.fr\/wp-content\/uploads\/2021\/04\/MH-L02-R1-R-BD-1024x683.jpg 1024w, https:\/\/www.campingduvieuxmoulin.fr\/wp-content\/uploads\/2021\/04\/MH-L02-R1-R-BD-768x512.jpg 768w, https:\/\/www.campingduvieuxmoulin.fr\/wp-content\/uploads\/2021\/04\/MH-L02-R1-R-BD-1536x1024.jpg 1536w, https:\/\/www.campingduvieuxmoulin.fr\/wp-content\/uploads\/2021\/04\/MH-L02-R1-R-BD-100x67.jpg 100w\"\/><\/div><div class=\"hebergement_content\"><div class=\"hebergement_titre hebergement_titre decoration\">Casa m\u00f3vil confort 2 habitaciones<\/div><div class=\"hebergement_infos\"><div class=\"hebergement_info\"><img decoding=\"async\" src=\"https:\/\/www.campingduvieuxmoulin.fr\/wp-content\/themes\/Nature%26Residence\/images\/superficie.png\" class=\"no-lazy\" alt=\"superficie Casa m\u00f3vil confort 2 habitaciones\" \/>22m2<\/div><div class=\"hebergement_info\"><img decoding=\"async\" src=\"https:\/\/www.campingduvieuxmoulin.fr\/wp-content\/themes\/Nature%26Residence\/images\/capacite.png\" class=\"no-lazy\" alt=\"capacit\u00e9 Casa m\u00f3vil confort 2 habitaciones\" \/>4 \u00e0 5 pers<\/div><div class=\"hebergement_info\"><img decoding=\"async\" src=\"https:\/\/www.campingduvieuxmoulin.fr\/wp-content\/themes\/Nature%26Residence\/images\/chambres.png\" class=\"no-lazy\" alt=\"chambres Casa m\u00f3vil confort 2 habitaciones\" \/>2 dormitorios<\/div><\/div><\/div><\/a><a class=\"hebergement hebergement--init hebergement--style-1 hebergement_link \"id=\"5775\" href=\"https:\/\/www.campingduvieuxmoulin.fr\/es\/hebergements\/casa-movil-4-personas\/\"><div class=\"hebergement_image img-overlay\"><img decoding=\"async\" src=\"https:\/\/www.campingduvieuxmoulin.fr\/wp-content\/uploads\/2021\/01\/MH-L16-R-BD-700x525.jpg\" alt=\"\" class=\"heberg_image\" srcset=\"https:\/\/www.campingduvieuxmoulin.fr\/wp-content\/uploads\/2021\/01\/MH-L16-R-BD.jpg 2048w, https:\/\/www.campingduvieuxmoulin.fr\/wp-content\/uploads\/2021\/01\/MH-L16-R-BD-300x200.jpg 300w, https:\/\/www.campingduvieuxmoulin.fr\/wp-content\/uploads\/2021\/01\/MH-L16-R-BD-1024x683.jpg 1024w, https:\/\/www.campingduvieuxmoulin.fr\/wp-content\/uploads\/2021\/01\/MH-L16-R-BD-768x512.jpg 768w, https:\/\/www.campingduvieuxmoulin.fr\/wp-content\/uploads\/2021\/01\/MH-L16-R-BD-1536x1024.jpg 1536w, https:\/\/www.campingduvieuxmoulin.fr\/wp-content\/uploads\/2021\/01\/MH-L16-R-BD-100x67.jpg 100w\"\/><\/div><div class=\"hebergement_content\"><div class=\"hebergement_titre hebergement_titre decoration\">Casa m\u00f3vil ECO de 2 habitaciones<\/div><div class=\"hebergement_infos\"><div class=\"hebergement_info\"><img decoding=\"async\" src=\"https:\/\/www.campingduvieuxmoulin.fr\/wp-content\/themes\/Nature%26Residence\/images\/superficie.png\" class=\"no-lazy\" alt=\"superficie Casa m\u00f3vil ECO de 2 habitaciones\" \/>24m2<\/div><div class=\"hebergement_info\"><img decoding=\"async\" src=\"https:\/\/www.campingduvieuxmoulin.fr\/wp-content\/themes\/Nature%26Residence\/images\/capacite.png\" class=\"no-lazy\" alt=\"capacit\u00e9 Casa m\u00f3vil ECO de 2 habitaciones\" \/>4 pers<\/div><div class=\"hebergement_info\"><img decoding=\"async\" src=\"https:\/\/www.campingduvieuxmoulin.fr\/wp-content\/themes\/Nature%26Residence\/images\/chambres.png\" class=\"no-lazy\" alt=\"chambres Casa m\u00f3vil ECO de 2 habitaciones\" \/>2 dormitorios<\/div><\/div><\/div><\/a><\/div><button aria-label=\"Previous\" class=\"glider-prev glider-prev-hebergements\"><\/button><button aria-label=\"Next\" class=\"glider-next glider-next-hebergements\"><\/button><\/div><\/div>\n\n<div class=\"text-image-new style1 image-right background-marron\"><div class=\"text-image-new-colonne\"><H2 class=\"text-image-new-titre\">Alquiler de mobil home: reservar un camping cerca de Soulac<\/H2><div class=\"text-image-new-content\"><p>Para una estancia confortable en Nueva Aquitania durante una o varias noches, Le Vieux Moulin le propone el alquiler de mobil-homes cerca de Soulac. Con una capacidad de 2 a 8 personas, cada alquiler de mobil home cerca de Soulac est\u00e1 totalmente equipado y dispone de todas las comodidades necesarias para unas vacaciones excepcionales cerca de Soulac. Podr\u00e1 elegir entre una amplia gama de mobil homes, desde modelos para 4 personas hasta alquileres de 3 habitaciones para 8 personas, con varias estancias: sal\u00f3n\/cocina, 1 o 2 habitaciones, cuarto de ducha e incluso una terraza a la sombra de los pinos. Aproveche sus vacaciones de camping cerca de Soulac para reponer fuerzas en un espacio totalmente equipado.<\/p>\n<\/div><\/div><div class=\"text-image-new-colonne\"><img decoding=\"async\" src=\"https:\/\/www.campingduvieuxmoulin.fr\/wp-content\/uploads\/2021\/07\/camping-mobil-home.jpg\" alt=\"alquiler de mobil home Soulac\" class=\"text-image-new-thumb\" \/><\/div><\/div>\n\n<div class=\"text-image-new style1 image-left\"><div class=\"text-image-new-colonne\"><H2 class=\"text-image-new-titre\">Parcelas de camping cerca de Soulac<\/H2><div class=\"text-image-new-content\"><p>Los aficionados a las autocaravanas y al camping tradicional tendr\u00e1n la oportunidad de alquilar una parcela cerca de Soulac, en el Domaine du Vieux Moulin. Dispone de 218 parcelas para tiendas, autocaravanas y caravanas. Las parcelas de este camping de 2 estrellas cerca de Soulac tienen diferentes grados de sombra y conexi\u00f3n el\u00e9ctrica.<\/p>\n<\/div><\/div><div class=\"text-image-new-colonne\"><img decoding=\"async\" src=\"https:\/\/www.campingduvieuxmoulin.fr\/wp-content\/uploads\/2021\/07\/camping-tente.jpg\" alt=\"parcela Soulac\" class=\"text-image-new-thumb\" \/><\/div><\/div>\n\n<div class=\"text-image-new style1 image-right background-marron\"><div class=\"text-image-new-colonne\"><H2 class=\"text-image-new-titre\">Le Vieux Moulin, un camping con piscina cerca de Soulac<\/H2><div class=\"text-image-new-content\"><p>Para completar su estancia en Gironda, el camping con piscina cerca de Soulac dispone de una bonita zona de piscina que har\u00e1 las delicias de toda la familia. Gracias a su peque\u00f1a piscina, podr\u00e1 dejar que sus hijos naden con total seguridad mientras usted se relaja en las tumbonas que rodean la piscina. Climatizada, la piscina tambi\u00e9n es ideal para ba\u00f1arse bajo el sol de Gironda, por lo que podr\u00e1 alternar la playa y la piscina en este camping cerca de Soulac, en el M\u00e9doc.<\/p>\n<\/div><\/div><div class=\"text-image-new-colonne\"><img decoding=\"async\" src=\"https:\/\/www.campingduvieuxmoulin.fr\/wp-content\/uploads\/2024\/03\/piscine-camping-nouvelle-aquitaine.jpg\" alt=\"camping con piscina Soulac\" class=\"text-image-new-thumb\" \/><\/div><\/div>\n\n<div class=\"text-image-new style1 image-left\"><div class=\"text-image-new-colonne\"><H2 class=\"text-image-new-titre\">Actividades y servicios en el camping Vieux Moulin<\/H2><div class=\"text-image-new-content\"><p>Cuando se aloje en nuestro camping cerca de Soulac, podr\u00e1 disfrutar de una amplia gama de actividades, juegos y entretenimiento. En julio y agosto ofrecemos actividades todos los d\u00edas. Durante todo el a\u00f1o, tendr\u00e1 acceso a la piscina climatizada y a las pistas de voleibol, petanca y b\u00e1dminton, para pasarlo en grande con la familia y los amigos en nuestro camping cerca de Soulac. Adem\u00e1s, le ofrecemos una amplia gama de servicios: barbacoas, lavadora y secadora, Wi-Fi e incluso un restaurante. Reserve ya sus vacaciones premium en uno de los campings con estrellas de la Gironda.<\/p>\n<\/div><\/div><div class=\"text-image-new-colonne\"><img decoding=\"async\" src=\"https:\/\/www.campingduvieuxmoulin.fr\/wp-content\/uploads\/2023\/01\/ACTIVITES-caroussel-1-4.jpg\" alt=\"actividades camping vieux moulin\" class=\"text-image-new-thumb\" \/><\/div><\/div>\n\n<div class=\"text-image-new style1 image-right background-marron\"><div class=\"text-image-new-colonne\"><H2 class=\"text-image-new-titre\">Reservar unas vacaciones baratas en camping a poca distancia de Soulac<\/H2><div class=\"text-image-new-content\"><p>Para disfrutar de unas vacaciones excepcionales al mejor precio en Gironda, nuestro camping barato cerca de Soulac le ofrece tarifas reducidas tanto en parcelas de camping-caravaning como en alquiler de mobil-homes. A la medida de cada turista, nuestro camping le permite reservar una casa m\u00f3vil barata por 588 \u20ac a la semana, o alquilar una parcela para tienda, autocaravana o caravana por tan solo 112 \u20ac a la semana. Encuentre su peque\u00f1o rinc\u00f3n del para\u00edso en nuestro camping cerca de Soulac.<br \/>\n\u00a1Disfrute de sus vacaciones al mejor precio en Soulac sur Mer!<\/p>\n<p>Nuestras casas m\u00f3viles tambi\u00e9n est\u00e1n a la venta. No dude en ponerse en contacto con nosotros para m\u00e1s informaci\u00f3n.<\/p>\n<\/div><\/div><div class=\"text-image-new-colonne\"><img decoding=\"async\" src=\"https:\/\/www.campingduvieuxmoulin.fr\/wp-content\/uploads\/2021\/07\/camping-pas-cher.jpg\" alt=\"camping barato Soulac\" class=\"text-image-new-thumb\" \/><\/div><\/div>\n\n<div class=\"liste-de-page-home\"><h2 class=\"liste-de-page-home-titre\">Qu\u00e9 ver y hacer en los alrededores del camping<\/h2><ul class=\"liste-de-page-articles\"><li><a href=\"https:\/\/www.campingduvieuxmoulin.fr\/es\/noticias\/playas-medoc\/\"><div class=\"cta-img\"><img decoding=\"async\" src=\"https:\/\/www.campingduvieuxmoulin.fr\/wp-content\/uploads\/2023\/09\/plages-medoc.jpg\" alt=\"\"><\/div><div class=\"cta-titre\">Playas del M\u00e9doc: descubra las m\u00e1s bellas extensiones de arena fina para unas vacaciones inolvidables<\/div><\/a><\/li><li><a href=\"https:\/\/www.campingduvieuxmoulin.fr\/es\/noticias\/fuerte-medoc\/\"><div class=\"cta-img\"><img decoding=\"async\" src=\"https:\/\/www.campingduvieuxmoulin.fr\/wp-content\/uploads\/2023\/09\/fort-medoc.jpg\" alt=\"\"><\/div><div class=\"cta-titre\">Fort M\u00e9doc, un sitio patrimonial para visitar durante una estancia en Gironda<\/div><\/a><\/li><li><a href=\"https:\/\/www.campingduvieuxmoulin.fr\/es\/noticias\/ostras-medoc\/\"><div class=\"cta-img\"><img decoding=\"async\" src=\"https:\/\/www.campingduvieuxmoulin.fr\/wp-content\/uploads\/2023\/09\/huitres-medoc.jpg\" alt=\"\"><\/div><div class=\"cta-titre\">Descubriendo las ostras del M\u00e9doc<\/div><\/a><\/li><li><a href=\"https:\/\/www.campingduvieuxmoulin.fr\/es\/noticias\/carril-bici-soulac-sur-mer\/\"><div class=\"cta-img\"><img decoding=\"async\" src=\"https:\/\/www.campingduvieuxmoulin.fr\/wp-content\/uploads\/2023\/09\/piste-cyclable-soulac-sur-mer.jpg\" alt=\"\"><\/div><div class=\"cta-titre\">Soulac-sur-Mer en bicicleta: senderos para descubrir<\/div><\/a><\/li><\/ul><\/div>","protected":false},"excerpt":{"rendered":"","protected":false},"author":2,"featured_media":4096,"parent":0,"menu_order":0,"comment_status":"closed","ping_status":"closed","template":"","meta":{"_acf_changed":false,"footnotes":""},"class_list":["post-5850","page","type-page","status-publish","has-post-thumbnail","hentry"],"acf":[],"yoast_head":"<!-- This site is optimized with the Yoast SEO plugin v26.9 - https:\/\/yoast.com\/product\/yoast-seo-wordpress\/ -->\n<title>Camping Soulac : vacaciones en camping cerca de Soulac<\/title>\n<meta name=\"description\" content=\"\u00bfBusca unas vacaciones agradables en plena naturaleza? Reg\u00e1lese un descanso en un bonito camping cerca de Soulac.\" \/>\n<meta name=\"robots\" content=\"index, follow, max-snippet:-1, max-image-preview:large, max-video-preview:-1\" \/>\n<link rel=\"canonical\" href=\"https:\/\/www.campingduvieuxmoulin.fr\/es\/camping-soulac\/\" \/>\n<meta property=\"og:locale\" content=\"es_ES\" \/>\n<meta property=\"og:type\" content=\"article\" \/>\n<meta property=\"og:title\" content=\"Camping Soulac : vacaciones en camping cerca de Soulac\" \/>\n<meta property=\"og:description\" content=\"\u00bfBusca unas vacaciones agradables en plena naturaleza? Reg\u00e1lese un descanso en un bonito camping cerca de Soulac.\" \/>\n<meta property=\"og:url\" content=\"https:\/\/www.campingduvieuxmoulin.fr\/es\/camping-soulac\/\" \/>\n<meta property=\"og:site_name\" content=\"Camping du Vieux Moulin\" \/>\n<meta property=\"article:modified_time\" content=\"2024-06-12T13:30:52+00:00\" \/>\n<meta property=\"og:image\" content=\"https:\/\/www.campingduvieuxmoulin.fr\/wp-content\/uploads\/2021\/07\/soulac-sur-mer.jpg\" \/>\n\t<meta property=\"og:image:width\" content=\"1200\" \/>\n\t<meta property=\"og:image:height\" content=\"700\" \/>\n\t<meta property=\"og:image:type\" content=\"image\/jpeg\" \/>\n<meta name=\"twitter:card\" content=\"summary_large_image\" \/>\n<script type=\"application\/ld+json\" class=\"yoast-schema-graph\">{\"@context\":\"https:\/\/schema.org\",\"@graph\":[{\"@type\":\"WebPage\",\"@id\":\"https:\/\/www.campingduvieuxmoulin.fr\/es\/camping-soulac\/\",\"url\":\"https:\/\/www.campingduvieuxmoulin.fr\/es\/camping-soulac\/\",\"name\":\"Camping Soulac : vacaciones en camping cerca de Soulac\",\"isPartOf\":{\"@id\":\"https:\/\/www.campingduvieuxmoulin.fr\/es\/#website\"},\"primaryImageOfPage\":{\"@id\":\"https:\/\/www.campingduvieuxmoulin.fr\/es\/camping-soulac\/#primaryimage\"},\"image\":{\"@id\":\"https:\/\/www.campingduvieuxmoulin.fr\/es\/camping-soulac\/#primaryimage\"},\"thumbnailUrl\":\"https:\/\/www.campingduvieuxmoulin.fr\/wp-content\/uploads\/2021\/07\/soulac-sur-mer.jpg\",\"datePublished\":\"2021-07-21T07:26:13+00:00\",\"dateModified\":\"2024-06-12T13:30:52+00:00\",\"description\":\"\u00bfBusca unas vacaciones agradables en plena naturaleza? Reg\u00e1lese un descanso en un bonito camping cerca de Soulac.\",\"breadcrumb\":{\"@id\":\"https:\/\/www.campingduvieuxmoulin.fr\/es\/camping-soulac\/#breadcrumb\"},\"inLanguage\":\"es\",\"potentialAction\":[{\"@type\":\"ReadAction\",\"target\":[\"https:\/\/www.campingduvieuxmoulin.fr\/es\/camping-soulac\/\"]}]},{\"@type\":\"ImageObject\",\"inLanguage\":\"es\",\"@id\":\"https:\/\/www.campingduvieuxmoulin.fr\/es\/camping-soulac\/#primaryimage\",\"url\":\"https:\/\/www.campingduvieuxmoulin.fr\/wp-content\/uploads\/2021\/07\/soulac-sur-mer.jpg\",\"contentUrl\":\"https:\/\/www.campingduvieuxmoulin.fr\/wp-content\/uploads\/2021\/07\/soulac-sur-mer.jpg\",\"width\":\"1200\",\"height\":\"700\"},{\"@type\":\"BreadcrumbList\",\"@id\":\"https:\/\/www.campingduvieuxmoulin.fr\/es\/camping-soulac\/#breadcrumb\",\"itemListElement\":[{\"@type\":\"ListItem\",\"position\":1,\"name\":\"Camping Gironde\",\"item\":\"https:\/\/www.campingduvieuxmoulin.fr\/es\/\"},{\"@type\":\"ListItem\",\"position\":2,\"name\":\"Camping cerca de Soulac\"}]},{\"@type\":\"WebSite\",\"@id\":\"https:\/\/www.campingduvieuxmoulin.fr\/es\/#website\",\"url\":\"https:\/\/www.campingduvieuxmoulin.fr\/es\/\",\"name\":\"Camping du Vieux Moulin\",\"description\":\"\",\"potentialAction\":[{\"@type\":\"SearchAction\",\"target\":{\"@type\":\"EntryPoint\",\"urlTemplate\":\"https:\/\/www.campingduvieuxmoulin.fr\/es\/?s={search_term_string}\"},\"query-input\":{\"@type\":\"PropertyValueSpecification\",\"valueRequired\":true,\"valueName\":\"search_term_string\"}}],\"inLanguage\":\"es\"}]}<\/script>\n<!-- \/ Yoast SEO plugin. -->","yoast_head_json":{"title":"Camping Soulac : vacaciones en camping cerca de Soulac","description":"\u00bfBusca unas vacaciones agradables en plena naturaleza? Reg\u00e1lese un descanso en un bonito camping cerca de Soulac.","robots":{"index":"index","follow":"follow","max-snippet":"max-snippet:-1","max-image-preview":"max-image-preview:large","max-video-preview":"max-video-preview:-1"},"canonical":"https:\/\/www.campingduvieuxmoulin.fr\/es\/camping-soulac\/","og_locale":"es_ES","og_type":"article","og_title":"Camping Soulac : vacaciones en camping cerca de Soulac","og_description":"\u00bfBusca unas vacaciones agradables en plena naturaleza? Reg\u00e1lese un descanso en un bonito camping cerca de Soulac.","og_url":"https:\/\/www.campingduvieuxmoulin.fr\/es\/camping-soulac\/","og_site_name":"Camping du Vieux Moulin","article_modified_time":"2024-06-12T13:30:52+00:00","og_image":[{"width":1200,"height":700,"url":"https:\/\/www.campingduvieuxmoulin.fr\/wp-content\/uploads\/2021\/07\/soulac-sur-mer.jpg","type":"image\/jpeg"}],"twitter_card":"summary_large_image","schema":{"@context":"https:\/\/schema.org","@graph":[{"@type":"WebPage","@id":"https:\/\/www.campingduvieuxmoulin.fr\/es\/camping-soulac\/","url":"https:\/\/www.campingduvieuxmoulin.fr\/es\/camping-soulac\/","name":"Camping Soulac : vacaciones en camping cerca de Soulac","isPartOf":{"@id":"https:\/\/www.campingduvieuxmoulin.fr\/es\/#website"},"primaryImageOfPage":{"@id":"https:\/\/www.campingduvieuxmoulin.fr\/es\/camping-soulac\/#primaryimage"},"image":{"@id":"https:\/\/www.campingduvieuxmoulin.fr\/es\/camping-soulac\/#primaryimage"},"thumbnailUrl":"https:\/\/www.campingduvieuxmoulin.fr\/wp-content\/uploads\/2021\/07\/soulac-sur-mer.jpg","datePublished":"2021-07-21T07:26:13+00:00","dateModified":"2024-06-12T13:30:52+00:00","description":"\u00bfBusca unas vacaciones agradables en plena naturaleza? Reg\u00e1lese un descanso en un bonito camping cerca de Soulac.","breadcrumb":{"@id":"https:\/\/www.campingduvieuxmoulin.fr\/es\/camping-soulac\/#breadcrumb"},"inLanguage":"es","potentialAction":[{"@type":"ReadAction","target":["https:\/\/www.campingduvieuxmoulin.fr\/es\/camping-soulac\/"]}]},{"@type":"ImageObject","inLanguage":"es","@id":"https:\/\/www.campingduvieuxmoulin.fr\/es\/camping-soulac\/#primaryimage","url":"https:\/\/www.campingduvieuxmoulin.fr\/wp-content\/uploads\/2021\/07\/soulac-sur-mer.jpg","contentUrl":"https:\/\/www.campingduvieuxmoulin.fr\/wp-content\/uploads\/2021\/07\/soulac-sur-mer.jpg","width":"1200","height":"700"},{"@type":"BreadcrumbList","@id":"https:\/\/www.campingduvieuxmoulin.fr\/es\/camping-soulac\/#breadcrumb","itemListElement":[{"@type":"ListItem","position":1,"name":"Camping Gironde","item":"https:\/\/www.campingduvieuxmoulin.fr\/es\/"},{"@type":"ListItem","position":2,"name":"Camping cerca de Soulac"}]},{"@type":"WebSite","@id":"https:\/\/www.campingduvieuxmoulin.fr\/es\/#website","url":"https:\/\/www.campingduvieuxmoulin.fr\/es\/","name":"Camping du Vieux Moulin","description":"","potentialAction":[{"@type":"SearchAction","target":{"@type":"EntryPoint","urlTemplate":"https:\/\/www.campingduvieuxmoulin.fr\/es\/?s={search_term_string}"},"query-input":{"@type":"PropertyValueSpecification","valueRequired":true,"valueName":"search_term_string"}}],"inLanguage":"es"}]}},"_links":{"self":[{"href":"https:\/\/www.campingduvieuxmoulin.fr\/es\/wp-json\/wp\/v2\/pages\/5850","targetHints":{"allow":["GET"]}}],"collection":[{"href":"https:\/\/www.campingduvieuxmoulin.fr\/es\/wp-json\/wp\/v2\/pages"}],"about":[{"href":"https:\/\/www.campingduvieuxmoulin.fr\/es\/wp-json\/wp\/v2\/types\/page"}],"author":[{"embeddable":true,"href":"https:\/\/www.campingduvieuxmoulin.fr\/es\/wp-json\/wp\/v2\/users\/2"}],"replies":[{"embeddable":true,"href":"https:\/\/www.campingduvieuxmoulin.fr\/es\/wp-json\/wp\/v2\/comments?post=5850"}],"version-history":[{"count":3,"href":"https:\/\/www.campingduvieuxmoulin.fr\/es\/wp-json\/wp\/v2\/pages\/5850\/revisions"}],"predecessor-version":[{"id":5862,"href":"https:\/\/www.campingduvieuxmoulin.fr\/es\/wp-json\/wp\/v2\/pages\/5850\/revisions\/5862"}],"wp:featuredmedia":[{"embeddable":true,"href":"https:\/\/www.campingduvieuxmoulin.fr\/es\/wp-json\/wp\/v2\/media\/4096"}],"wp:attachment":[{"href":"https:\/\/www.campingduvieuxmoulin.fr\/es\/wp-json\/wp\/v2\/media?parent=5850"}],"curies":[{"name":"wp","href":"https:\/\/api.w.org\/{rel}","templated":true}]}}