{"id":5901,"date":"2021-04-15T17:10:29","date_gmt":"2021-04-15T15:10:29","guid":{"rendered":"https:\/\/www.campingduvieuxmoulin.fr\/emplacements\/"},"modified":"2024-06-12T16:18:20","modified_gmt":"2024-06-12T14:18:20","slug":"parcelas","status":"publish","type":"page","link":"https:\/\/www.campingduvieuxmoulin.fr\/es\/parcelas\/","title":{"rendered":"RESERVAR MI PARCELA"},"content":{"rendered":"<div class=\"bloc-texte full\"><div class=\"texte left\"><p>\u00bfEst\u00e1s impaciente por la temporada de verano? \u00bfY esto, para poder irte de vacaciones en familia con tus hijos o tus amigos? \u00a1Es hora de planificar tu estancia! El Camping Vieux-Moulin, un dominio estrella en Nueva Aquitania, le ofrece el alquiler de una casa m\u00f3vil o de un camping en Gironda. \u00a1Descubra ahora nuestras ubicaciones y las ventajas de este alquiler cerca de los puntos de inter\u00e9s m\u00e1s bellos del sur de Francia!<\/p>\n<\/div><\/div>\n\n<div class=\"frame\"><script>\r\n    window.ctoutvert = {\r\n\t\tid: 16771, \r\n\t\tlang: 'es', \r\n\t\turl: 'https:\/\/reservation.secureholiday.net\/widgets\/'\r\n    };\r\n    (function (w, d, s, ctv, r, js, fjs) {\r\n        r=new XMLHttpRequest();r.open('GET',w[ctv].url+'js\/src.json');\r\n        r.responseType='json';r.json=true;r.send();\r\n        r.onload=function(){w[ctv].src=r.responseType=='json'?r.response:JSON.parse(r.response);\r\n        js.src=w[ctv].src[0];fjs.parentNode.insertBefore(js, fjs);}\r\n        js=d.createElement(s),fjs=d.getElementsByTagName(s)[0];\r\n        js.id='ctvwidget';js.async=1;\r\n    }(window, document, 'script', 'ctoutvert'));\r\n<\/script>\r\n<div class=\"ctoutvert\"><ctv-availability data-product-type=\"pitch\" data-background-color=\"#FFFFFFFF\" ><\/ctv-availability><\/div><\/div>\n\n<div class=\"text-image-new style1 image-right background-marron\"><div class=\"text-image-new-colonne\"><H2 class=\"text-image-new-titre\">Alquiler de una parcela para tienda, autocaravana o caravana en Gironda<\/H2><div class=\"text-image-new-content\"><p>La Gironda, con su variado paisaje que va desde los famosos vi\u00f1edos hasta las magn\u00edficas playas del Atl\u00e1ntico, ofrece una amplia variedad de lugares de alquiler de tiendas, autocaravanas y caravanas. El Camping le Vieux-Moulin le abre las puertas de su dominio en Nueva Aquitania y le ofrece una parcela de camping en Gironda. Nuestras parcelas son espaciosas y tienen capacidad para 6 personas que vienen de vacaciones al sur de Francia. Ideales para estar lo m\u00e1s cerca posible de la naturaleza, estas parcelas tambi\u00e9n le garantizan comodidad gracias al acceso a los ba\u00f1os p\u00fablicos del camping.<\/p>\n<\/div><p class=\"lire-plus\">Leer m\u00e1s<\/p><div class=\"text-image-new-content-more hide\"><p>Usted viene con su tienda\u2026 \u00a1le ofrecemos la opci\u00f3n de comodidad! M\u00e1s o menos sombreados, cada lugar tambi\u00e9n puede recibir electricidad.<\/p>\n<ul>\n<li>Los visitantes deben presentarse en recepci\u00f3n y pagar el impuesto de estancia.<\/li>\n<li>M\u00e1ximo 6 personas por parcela.<\/li>\n<li>1 solo coche por parcela.<\/li>\n<li>Se aceptan animales (excepto perros de categor\u00eda A) siempre que est\u00e9n tatuados y con las vacunas al d\u00eda.<\/li>\n<li>Los perros deben ir atados.<\/li>\n<\/ul>\n<\/div><p class=\"lire-moins hide\">Leer menos<\/p><\/div><div class=\"text-image-new-colonne\"><img decoding=\"async\" src=\"https:\/\/www.campingduvieuxmoulin.fr\/wp-content\/uploads\/2024\/03\/emplacements-camping-vieux-moulin.jpg\" alt=\"Ubicaci\u00f3n del camping Gironda\" class=\"text-image-new-thumb\" \/><\/div><\/div>\n\n<div class=\"text-image-new style1 image-left\"><div class=\"text-image-new-colonne\"><H2 class=\"text-image-new-titre\">Reservar una parcela en un camping con piscina y servicios estrella en Nueva Aquitania<\/H2><div class=\"text-image-new-content\"><p>Est\u00e1 decidido, reserva un camping en Gironda para tus pr\u00f3ximas vacaciones. \u00a1Disfrute de una parcela espaciosa con acceso a instalaciones sanitarias en nuestro camping Vieux-Moulin! Optar por alquilar una parcela le permitir\u00e1 ba\u00f1arse en la piscina del camping. La piscina, refrescante opci\u00f3n de ocio, es tambi\u00e9n una gran ventaja para una estancia familiar con ni\u00f1os en el sur de Francia. \u00a1Y no nos detenemos ah\u00ed! Nuestro camping con parcelas econ\u00f3micas le ofrece una laguna natural, una gran masa de agua para nadar o tomar el sol, digna de las masas de agua m\u00e1s bellas de la regi\u00f3n. Adem\u00e1s de una piscina climatizada y una laguna, nuestro camping le ofrece sus servicios estrella, incluido un restaurante con productos locales para una estancia gourmet cerca de Soulac-sur-Mer.<\/p>\n<\/div><\/div><div class=\"text-image-new-colonne\"><img decoding=\"async\" src=\"https:\/\/www.campingduvieuxmoulin.fr\/wp-content\/uploads\/2024\/03\/camping-piscine-nouvelle-aquitaine.jpg\" alt=\"\" class=\"text-image-new-thumb\" \/><\/div><\/div>\n\n<div class=\"bloc-texte full\"><div class=\"texte center\"><h2>Un camping idealmente situado en Nueva Aquitania: descubra los alrededores de Vendays-Montalivet<\/h2>\n<p>\u00bfVienes a pasar tus vacaciones en Nueva Aquitania optando por alquilar un camping en Gironda en nuestra zona? Perfecto ! \u00a1Se beneficiar\u00e1 de una ubicaci\u00f3n geogr\u00e1fica ideal para descubrir las ciudades y los lugares de visita obligada de la zona! Soulac-sur-Mer, la bah\u00eda de Arcachon, Cap-Ferret y el lago de Hourtin son magn\u00edficos lugares para visitar.<\/p>\n<\/div><\/div>\n\n<div class=\"text-image-new style1 image-right background-marron\"><div class=\"text-image-new-colonne\"><H2 class=\"text-image-new-titre\">Los pueblos de Soulac-sur-Mer y Vendays-Montalivet<\/H2><div class=\"text-image-new-content\"><p>Pase sus vacaciones en uno de los mejores campings de Nueva Aquitania eligiendo el camping Vieux-Moulin. Alquilar una casa m\u00f3vil o un camping en Gironda, encontrar\u00e1 lo que busca en t\u00e9rminos de alojamiento. Adem\u00e1s, se beneficiar\u00e1 de servicios estrella pero tambi\u00e9n de la ubicaci\u00f3n de nuestro establecimiento, cerca de Soulac-sur-Mer y Vendays-Montalivet. Descubre estos bonitos pueblos del sur de Francia. Disfruta de la playa o pasea por el centro hist\u00f3rico antes de volver a descansar en tu tienda, caravana o furgoneta camper.<\/p>\n<\/div><\/div><div class=\"text-image-new-colonne\"><img decoding=\"async\" src=\"https:\/\/www.campingduvieuxmoulin.fr\/wp-content\/uploads\/2022\/06\/camping-soulac.jpg\" alt=\"pueblos de soulac sur mer\" class=\"text-image-new-thumb\" \/><\/div><\/div>\n\n<div class=\"text-image-new style1 image-left\"><div class=\"text-image-new-colonne\"><H2 class=\"text-image-new-titre\">La cuenca de Arcach\u00f3n<\/H2><div class=\"text-image-new-content\"><p>La Cuenca de Arcach\u00f3n es una maravilla natural situada en la costa atl\u00e1ntica del suroeste de Francia, en el departamento de Gironda. Es reconocida por su pintoresca belleza, con playas de arena, fragantes bosques de pinos y una laguna protegida de agua salada. La bah\u00eda de Arcachon tambi\u00e9n es famosa por la Duna de Pilat, la duna de arena m\u00e1s alta de Europa, que ofrece impresionantes vistas panor\u00e1micas. Esta regi\u00f3n es tambi\u00e9n un aut\u00e9ntico para\u00edso para los amantes del marisco, especialmente de las ostras, criadas en criaderos de ostras que se pueden visitar con frecuencia. Con una variedad de actividades, desde navegaci\u00f3n hasta senderismo y observaci\u00f3n de aves en la reserva natural de Teich, la bah\u00eda de Arcachon ofrece un destino vacacional rico y variado. \u00a1Puede descubrir este sitio excepcional alquilando un camping en Gironda en Vieux-Moulin!<\/p>\n<\/div><\/div><div class=\"text-image-new-colonne\"><img decoding=\"async\" src=\"https:\/\/www.campingduvieuxmoulin.fr\/wp-content\/uploads\/2021\/07\/soulac-sur-mer.jpg\" alt=\"bassin arcachon\" class=\"text-image-new-thumb\" \/><\/div><\/div>\n\n<div class=\"text-image-new style1 image-right background-marron\"><div class=\"text-image-new-colonne\"><H2 class=\"text-image-new-titre\">Cap Ferret<\/H2><div class=\"text-image-new-content\"><p>Le\u00a0Cap-Ferret\u00a0es un cabo franc\u00e9s que forma una barrera costera y se encuentra en el extremo sur de la pen\u00ednsula de L\u00e8ge-Cap-Ferret en Gironda. Separa el Oc\u00e9ano Atl\u00e1ntico y la Cuenca de Arcachon. Famoso por su faro, sus pintorescas playas y sus encantadores pueblos de ostras, Cap-Ferret es el destino elegido por quienes buscan una escapada natural y tranquila. Los amantes de los mariscos se deleitar\u00e1n saboreando ostras reci\u00e9n pescadas, a menudo servidas en pintorescas caba\u00f1as junto al agua. Cap-Ferret es tambi\u00e9n un para\u00edso para los amantes de los deportes acu\u00e1ticos, con muchas oportunidades para practicar surf, vela y remo. Con su naturaleza salvaje y virgen, Cap-Ferret ofrece un refrescante contraste con el bullicio de las grandes estaciones balnearias. Para descubrir este destino como es debido, disfrute de noches rejuvenecedoras en un espacioso camping en Gironda.<\/p>\n<\/div><\/div><div class=\"text-image-new-colonne\"><img decoding=\"async\" src=\"https:\/\/www.campingduvieuxmoulin.fr\/wp-content\/uploads\/2023\/07\/cap-ferret.jpg\" alt=\"cap ferret\" class=\"text-image-new-thumb\" \/><\/div><\/div>\n\n<div class=\"text-image-new style1 image-left\"><div class=\"text-image-new-colonne\"><H2 class=\"text-image-new-titre\">Lago Hourtin<\/H2><div class=\"text-image-new-content\"><p>El lago Hourtin, situado en Nueva Aquitania, es el lago natural de agua dulce m\u00e1s grande de Francia. Est\u00e1 enclavado en el coraz\u00f3n de los extensos pinares del M\u00e9doc, entre el oc\u00e9ano Atl\u00e1ntico y el estuario de la Gironda. El lago es un verdadero para\u00edso para los amantes de la naturaleza y los deportes acu\u00e1ticos. Ofrece condiciones ideales para navegar, practicar paddle surf, pirag\u00fcismo o pescar. Para aquellos que prefieren permanecer secos, las playas de arena fina a lo largo del lago son perfectas para nadar, hacer un picnic o simplemente tomar el sol. El lago tambi\u00e9n est\u00e1 lleno de rutas de ciclismo y senderismo, que le permitir\u00e1n explorar la belleza natural de la zona. Ya sea que busque aventuras activas o una relajaci\u00f3n tranquila, el lago Hourtin ofrece una escapada pintoresca y tranquila que podr\u00e1 admirar durante una estancia en un camping en Gironda.<\/p>\n<\/div><\/div><div class=\"text-image-new-colonne\"><img decoding=\"async\" src=\"https:\/\/www.campingduvieuxmoulin.fr\/wp-content\/uploads\/2023\/07\/lac-hourtin.jpg\" alt=\"\" class=\"text-image-new-thumb\" \/><\/div><\/div>","protected":false},"excerpt":{"rendered":"","protected":false},"author":1,"featured_media":4640,"parent":0,"menu_order":0,"comment_status":"closed","ping_status":"closed","template":"","meta":{"_acf_changed":false,"footnotes":""},"class_list":["post-5901","page","type-page","status-publish","has-post-thumbnail","hentry"],"acf":[],"yoast_head":"<!-- This site is optimized with the Yoast SEO plugin v27.3 - https:\/\/yoast.com\/product\/yoast-seo-wordpress\/ -->\n<title>Parcela de camping Gironda para tienda y caravana en Vensac<\/title>\n<meta name=\"description\" content=\"Descubra nuestras ofertas de parcelas en el camping Vieux Moulin de Gironda. Disfruta de una estancia en tienda de campa\u00f1a o furgoneta camper en plena naturaleza.\" \/>\n<meta name=\"robots\" content=\"index, follow, max-snippet:-1, max-image-preview:large, max-video-preview:-1\" \/>\n<link rel=\"canonical\" href=\"https:\/\/www.campingduvieuxmoulin.fr\/es\/parcelas\/\" \/>\n<meta property=\"og:locale\" content=\"es_ES\" \/>\n<meta property=\"og:type\" content=\"article\" \/>\n<meta property=\"og:title\" content=\"Parcela de camping Gironda para tienda y caravana en Vensac\" \/>\n<meta property=\"og:description\" content=\"Descubra nuestras ofertas de parcelas en el camping Vieux Moulin de Gironda. Disfruta de una estancia en tienda de campa\u00f1a o furgoneta camper en plena naturaleza.\" \/>\n<meta property=\"og:url\" content=\"https:\/\/www.campingduvieuxmoulin.fr\/es\/parcelas\/\" \/>\n<meta property=\"og:site_name\" content=\"Camping du Vieux Moulin\" \/>\n<meta property=\"article:modified_time\" content=\"2024-06-12T14:18:20+00:00\" \/>\n<meta property=\"og:image\" content=\"https:\/\/www.campingduvieuxmoulin.fr\/wp-content\/uploads\/2023\/01\/RESERVER-MON-EMPLACEMENT-1-1-scaled.jpg\" \/>\n\t<meta property=\"og:image:width\" content=\"2560\" \/>\n\t<meta property=\"og:image:height\" content=\"1297\" \/>\n\t<meta property=\"og:image:type\" content=\"image\/jpeg\" \/>\n<meta name=\"twitter:card\" content=\"summary_large_image\" \/>\n<script type=\"application\/ld+json\" class=\"yoast-schema-graph\">{\"@context\":\"https:\\\/\\\/schema.org\",\"@graph\":[{\"@type\":\"WebPage\",\"@id\":\"https:\\\/\\\/www.campingduvieuxmoulin.fr\\\/es\\\/parcelas\\\/\",\"url\":\"https:\\\/\\\/www.campingduvieuxmoulin.fr\\\/es\\\/parcelas\\\/\",\"name\":\"Parcela de camping Gironda para tienda y caravana en Vensac\",\"isPartOf\":{\"@id\":\"https:\\\/\\\/www.campingduvieuxmoulin.fr\\\/es\\\/#website\"},\"primaryImageOfPage\":{\"@id\":\"https:\\\/\\\/www.campingduvieuxmoulin.fr\\\/es\\\/parcelas\\\/#primaryimage\"},\"image\":{\"@id\":\"https:\\\/\\\/www.campingduvieuxmoulin.fr\\\/es\\\/parcelas\\\/#primaryimage\"},\"thumbnailUrl\":\"https:\\\/\\\/www.campingduvieuxmoulin.fr\\\/wp-content\\\/uploads\\\/2023\\\/01\\\/RESERVER-MON-EMPLACEMENT-1-1-scaled.jpg\",\"datePublished\":\"2021-04-15T15:10:29+00:00\",\"dateModified\":\"2024-06-12T14:18:20+00:00\",\"description\":\"Descubra nuestras ofertas de parcelas en el camping Vieux Moulin de Gironda. Disfruta de una estancia en tienda de campa\u00f1a o furgoneta camper en plena naturaleza.\",\"breadcrumb\":{\"@id\":\"https:\\\/\\\/www.campingduvieuxmoulin.fr\\\/es\\\/parcelas\\\/#breadcrumb\"},\"inLanguage\":\"es\",\"potentialAction\":[{\"@type\":\"ReadAction\",\"target\":[\"https:\\\/\\\/www.campingduvieuxmoulin.fr\\\/es\\\/parcelas\\\/\"]}]},{\"@type\":\"ImageObject\",\"inLanguage\":\"es\",\"@id\":\"https:\\\/\\\/www.campingduvieuxmoulin.fr\\\/es\\\/parcelas\\\/#primaryimage\",\"url\":\"https:\\\/\\\/www.campingduvieuxmoulin.fr\\\/wp-content\\\/uploads\\\/2023\\\/01\\\/RESERVER-MON-EMPLACEMENT-1-1-scaled.jpg\",\"contentUrl\":\"https:\\\/\\\/www.campingduvieuxmoulin.fr\\\/wp-content\\\/uploads\\\/2023\\\/01\\\/RESERVER-MON-EMPLACEMENT-1-1-scaled.jpg\",\"width\":2560,\"height\":1297,\"caption\":\"emplacement gironde\"},{\"@type\":\"BreadcrumbList\",\"@id\":\"https:\\\/\\\/www.campingduvieuxmoulin.fr\\\/es\\\/parcelas\\\/#breadcrumb\",\"itemListElement\":[{\"@type\":\"ListItem\",\"position\":1,\"name\":\"Camping Gironde\",\"item\":\"https:\\\/\\\/www.campingduvieuxmoulin.fr\\\/es\\\/\"},{\"@type\":\"ListItem\",\"position\":2,\"name\":\"Parcela de camping en Gironda\"}]},{\"@type\":\"WebSite\",\"@id\":\"https:\\\/\\\/www.campingduvieuxmoulin.fr\\\/es\\\/#website\",\"url\":\"https:\\\/\\\/www.campingduvieuxmoulin.fr\\\/es\\\/\",\"name\":\"Camping du Vieux Moulin\",\"description\":\"\",\"potentialAction\":[{\"@type\":\"SearchAction\",\"target\":{\"@type\":\"EntryPoint\",\"urlTemplate\":\"https:\\\/\\\/www.campingduvieuxmoulin.fr\\\/es\\\/?s={search_term_string}\"},\"query-input\":{\"@type\":\"PropertyValueSpecification\",\"valueRequired\":true,\"valueName\":\"search_term_string\"}}],\"inLanguage\":\"es\"}]}<\/script>\n<!-- \/ Yoast SEO plugin. -->","yoast_head_json":{"title":"Parcela de camping Gironda para tienda y caravana en Vensac","description":"Descubra nuestras ofertas de parcelas en el camping Vieux Moulin de Gironda. Disfruta de una estancia en tienda de campa\u00f1a o furgoneta camper en plena naturaleza.","robots":{"index":"index","follow":"follow","max-snippet":"max-snippet:-1","max-image-preview":"max-image-preview:large","max-video-preview":"max-video-preview:-1"},"canonical":"https:\/\/www.campingduvieuxmoulin.fr\/es\/parcelas\/","og_locale":"es_ES","og_type":"article","og_title":"Parcela de camping Gironda para tienda y caravana en Vensac","og_description":"Descubra nuestras ofertas de parcelas en el camping Vieux Moulin de Gironda. Disfruta de una estancia en tienda de campa\u00f1a o furgoneta camper en plena naturaleza.","og_url":"https:\/\/www.campingduvieuxmoulin.fr\/es\/parcelas\/","og_site_name":"Camping du Vieux Moulin","article_modified_time":"2024-06-12T14:18:20+00:00","og_image":[{"width":2560,"height":1297,"url":"https:\/\/www.campingduvieuxmoulin.fr\/wp-content\/uploads\/2023\/01\/RESERVER-MON-EMPLACEMENT-1-1-scaled.jpg","type":"image\/jpeg"}],"twitter_card":"summary_large_image","schema":{"@context":"https:\/\/schema.org","@graph":[{"@type":"WebPage","@id":"https:\/\/www.campingduvieuxmoulin.fr\/es\/parcelas\/","url":"https:\/\/www.campingduvieuxmoulin.fr\/es\/parcelas\/","name":"Parcela de camping Gironda para tienda y caravana en Vensac","isPartOf":{"@id":"https:\/\/www.campingduvieuxmoulin.fr\/es\/#website"},"primaryImageOfPage":{"@id":"https:\/\/www.campingduvieuxmoulin.fr\/es\/parcelas\/#primaryimage"},"image":{"@id":"https:\/\/www.campingduvieuxmoulin.fr\/es\/parcelas\/#primaryimage"},"thumbnailUrl":"https:\/\/www.campingduvieuxmoulin.fr\/wp-content\/uploads\/2023\/01\/RESERVER-MON-EMPLACEMENT-1-1-scaled.jpg","datePublished":"2021-04-15T15:10:29+00:00","dateModified":"2024-06-12T14:18:20+00:00","description":"Descubra nuestras ofertas de parcelas en el camping Vieux Moulin de Gironda. Disfruta de una estancia en tienda de campa\u00f1a o furgoneta camper en plena naturaleza.","breadcrumb":{"@id":"https:\/\/www.campingduvieuxmoulin.fr\/es\/parcelas\/#breadcrumb"},"inLanguage":"es","potentialAction":[{"@type":"ReadAction","target":["https:\/\/www.campingduvieuxmoulin.fr\/es\/parcelas\/"]}]},{"@type":"ImageObject","inLanguage":"es","@id":"https:\/\/www.campingduvieuxmoulin.fr\/es\/parcelas\/#primaryimage","url":"https:\/\/www.campingduvieuxmoulin.fr\/wp-content\/uploads\/2023\/01\/RESERVER-MON-EMPLACEMENT-1-1-scaled.jpg","contentUrl":"https:\/\/www.campingduvieuxmoulin.fr\/wp-content\/uploads\/2023\/01\/RESERVER-MON-EMPLACEMENT-1-1-scaled.jpg","width":2560,"height":1297,"caption":"emplacement gironde"},{"@type":"BreadcrumbList","@id":"https:\/\/www.campingduvieuxmoulin.fr\/es\/parcelas\/#breadcrumb","itemListElement":[{"@type":"ListItem","position":1,"name":"Camping Gironde","item":"https:\/\/www.campingduvieuxmoulin.fr\/es\/"},{"@type":"ListItem","position":2,"name":"Parcela de camping en Gironda"}]},{"@type":"WebSite","@id":"https:\/\/www.campingduvieuxmoulin.fr\/es\/#website","url":"https:\/\/www.campingduvieuxmoulin.fr\/es\/","name":"Camping du Vieux Moulin","description":"","potentialAction":[{"@type":"SearchAction","target":{"@type":"EntryPoint","urlTemplate":"https:\/\/www.campingduvieuxmoulin.fr\/es\/?s={search_term_string}"},"query-input":{"@type":"PropertyValueSpecification","valueRequired":true,"valueName":"search_term_string"}}],"inLanguage":"es"}]}},"_links":{"self":[{"href":"https:\/\/www.campingduvieuxmoulin.fr\/es\/wp-json\/wp\/v2\/pages\/5901","targetHints":{"allow":["GET"]}}],"collection":[{"href":"https:\/\/www.campingduvieuxmoulin.fr\/es\/wp-json\/wp\/v2\/pages"}],"about":[{"href":"https:\/\/www.campingduvieuxmoulin.fr\/es\/wp-json\/wp\/v2\/types\/page"}],"author":[{"embeddable":true,"href":"https:\/\/www.campingduvieuxmoulin.fr\/es\/wp-json\/wp\/v2\/users\/1"}],"replies":[{"embeddable":true,"href":"https:\/\/www.campingduvieuxmoulin.fr\/es\/wp-json\/wp\/v2\/comments?post=5901"}],"version-history":[{"count":2,"href":"https:\/\/www.campingduvieuxmoulin.fr\/es\/wp-json\/wp\/v2\/pages\/5901\/revisions"}],"predecessor-version":[{"id":5904,"href":"https:\/\/www.campingduvieuxmoulin.fr\/es\/wp-json\/wp\/v2\/pages\/5901\/revisions\/5904"}],"wp:featuredmedia":[{"embeddable":true,"href":"https:\/\/www.campingduvieuxmoulin.fr\/es\/wp-json\/wp\/v2\/media\/4640"}],"wp:attachment":[{"href":"https:\/\/www.campingduvieuxmoulin.fr\/es\/wp-json\/wp\/v2\/media?parent=5901"}],"curies":[{"name":"wp","href":"https:\/\/api.w.org\/{rel}","templated":true}]}}