{"id":5995,"date":"2021-07-21T13:42:38","date_gmt":"2021-07-21T11:42:38","guid":{"rendered":"https:\/\/www.campingduvieuxmoulin.fr\/location-mobil-home-soulac-2\/"},"modified":"2024-06-13T09:40:02","modified_gmt":"2024-06-13T07:40:02","slug":"alquiler-casas-moviles-soulac","status":"publish","type":"page","link":"https:\/\/www.campingduvieuxmoulin.fr\/es\/alquiler-casas-moviles-soulac\/","title":{"rendered":"Alquiler de casa movil en Soulac"},"content":{"rendered":"<div class=\"bloc-texte full\"><div class=\"texte left\"><p>En el pueblo de Vensac, en el suroeste de Francia (Nouvelle-Aquitaine), Le Vieux Moulin es un camping de 3 estrellas cerca de Soulac que le acoge en un entorno verde. Como parte de su estancia en camping en Gironda, ofrece a los turistas diversas gamas de mobil-homes en alquiler en Vensac. Esta soluci\u00f3n de alojamiento, con una buena relaci\u00f3n calidad-precio, gusta mucho a los clientes de nuestro camping para alojarse c\u00f3modamente con todas las pr\u00e1cticas instalaciones integradas. Tanto si viaja en pareja como en familia con ni\u00f1os, el alquiler de mobil-homes cerca de Soulac es una opci\u00f3n interesante para pasar una estancia en camping en Gironda, junto a la playa, en una zona que pronto contar\u00e1 con una laguna natural y un espacio acu\u00e1tico con piscina cubierta. Si necesitas informaci\u00f3n sobre nuestro alojamiento o nuestros servicios estrella, \u00a1no dudes en contactar con nuestro camping!<\/p>\n<\/div><\/div>\n\n<div class=\"hebergement-home\"><div class=\"glider-contain glider-contain-hebergements\"><div class=\"hebergements glider\" id=\"glider-hebergements\"><a class=\"hebergement hebergement--init hebergement--style-1 hebergement_link \"id=\"5791\" href=\"https:\/\/www.campingduvieuxmoulin.fr\/es\/hebergements\/tienda-lodge-2-ch\/\"><div class=\"hebergement_image img-overlay\"><img decoding=\"async\" src=\"https:\/\/www.campingduvieuxmoulin.fr\/wp-content\/uploads\/2023\/11\/1685913755322-1-700x525.jpg\" alt=\"\" class=\"heberg_image\" srcset=\"https:\/\/www.campingduvieuxmoulin.fr\/wp-content\/uploads\/2023\/11\/1685913755322-1-scaled.jpg 1706w, https:\/\/www.campingduvieuxmoulin.fr\/wp-content\/uploads\/2023\/11\/1685913755322-1-200x300.jpg 200w, https:\/\/www.campingduvieuxmoulin.fr\/wp-content\/uploads\/2023\/11\/1685913755322-1-682x1024.jpg 682w, https:\/\/www.campingduvieuxmoulin.fr\/wp-content\/uploads\/2023\/11\/1685913755322-1-768x1153.jpg 768w, https:\/\/www.campingduvieuxmoulin.fr\/wp-content\/uploads\/2023\/11\/1685913755322-1-1023x1536.jpg 1023w, https:\/\/www.campingduvieuxmoulin.fr\/wp-content\/uploads\/2023\/11\/1685913755322-1-1365x2048.jpg 1365w, https:\/\/www.campingduvieuxmoulin.fr\/wp-content\/uploads\/2023\/11\/1685913755322-1-67x100.jpg 67w\"\/><\/div><div class=\"hebergement_content\"><div class=\"hebergement_titre hebergement_titre decoration\">Tienda de campa\u00f1a de 2 dormitorios<\/div><div class=\"hebergement_infos\"><div class=\"hebergement_info\"><img decoding=\"async\" src=\"https:\/\/www.campingduvieuxmoulin.fr\/wp-content\/themes\/Nature%26Residence\/images\/capacite.png\" class=\"no-lazy\" alt=\"capacit\u00e9 Tienda de campa\u00f1a de 2 dormitorios\" \/>5 pers<\/div><div class=\"hebergement_info\"><img decoding=\"async\" src=\"https:\/\/www.campingduvieuxmoulin.fr\/wp-content\/themes\/Nature%26Residence\/images\/chambres.png\" class=\"no-lazy\" alt=\"chambres Tienda de campa\u00f1a de 2 dormitorios\" \/>2 dormitorios<\/div><\/div><\/div><\/a><a class=\"hebergement hebergement--init hebergement--style-1 hebergement_link \"id=\"5789\" href=\"https:\/\/www.campingduvieuxmoulin.fr\/es\/hebergements\/casa-movil-xxl-4-dormitorios\/\"><div class=\"hebergement_image img-overlay\"><img decoding=\"async\" src=\"https:\/\/www.campingduvieuxmoulin.fr\/wp-content\/uploads\/2024\/06\/XXL2-R-R-BD-700x525.jpg\" alt=\"\" class=\"heberg_image\" srcset=\"https:\/\/www.campingduvieuxmoulin.fr\/wp-content\/uploads\/2024\/06\/XXL2-R-R-BD.jpg 2048w, https:\/\/www.campingduvieuxmoulin.fr\/wp-content\/uploads\/2024\/06\/XXL2-R-R-BD-300x200.jpg 300w, https:\/\/www.campingduvieuxmoulin.fr\/wp-content\/uploads\/2024\/06\/XXL2-R-R-BD-1024x683.jpg 1024w, https:\/\/www.campingduvieuxmoulin.fr\/wp-content\/uploads\/2024\/06\/XXL2-R-R-BD-768x512.jpg 768w, https:\/\/www.campingduvieuxmoulin.fr\/wp-content\/uploads\/2024\/06\/XXL2-R-R-BD-1536x1024.jpg 1536w, https:\/\/www.campingduvieuxmoulin.fr\/wp-content\/uploads\/2024\/06\/XXL2-R-R-BD-100x67.jpg 100w\"\/><\/div><div class=\"hebergement_content\"><div class=\"hebergement_titre hebergement_titre decoration\">Casa m\u00f3vil XXL 4 habitaciones<\/div><div class=\"hebergement_infos\"><div class=\"hebergement_info\"><img decoding=\"async\" src=\"https:\/\/www.campingduvieuxmoulin.fr\/wp-content\/themes\/Nature%26Residence\/images\/superficie.png\" class=\"no-lazy\" alt=\"superficie Casa m\u00f3vil XXL 4 habitaciones\" \/>37m2<\/div><div class=\"hebergement_info\"><img decoding=\"async\" src=\"https:\/\/www.campingduvieuxmoulin.fr\/wp-content\/themes\/Nature%26Residence\/images\/capacite.png\" class=\"no-lazy\" alt=\"capacit\u00e9 Casa m\u00f3vil XXL 4 habitaciones\" \/>8 pers<\/div><div class=\"hebergement_info\"><img decoding=\"async\" src=\"https:\/\/www.campingduvieuxmoulin.fr\/wp-content\/themes\/Nature%26Residence\/images\/chambres.png\" class=\"no-lazy\" alt=\"chambres Casa m\u00f3vil XXL 4 habitaciones\" \/>4 dormitorios<\/div><\/div><\/div><\/a><a class=\"hebergement hebergement--init hebergement--style-1 hebergement_link \"id=\"5783\" href=\"https:\/\/www.campingduvieuxmoulin.fr\/es\/hebergements\/casa-movil-6-8-personas\/\"><div class=\"hebergement_image img-overlay\"><img decoding=\"async\" src=\"https:\/\/www.campingduvieuxmoulin.fr\/wp-content\/uploads\/2021\/04\/DJI_20240918164920_0986_D-R-BD-700x525.jpg\" alt=\"\" class=\"heberg_image\" srcset=\"https:\/\/www.campingduvieuxmoulin.fr\/wp-content\/uploads\/2021\/04\/DJI_20240918164920_0986_D-R-BD.jpg 2048w, https:\/\/www.campingduvieuxmoulin.fr\/wp-content\/uploads\/2021\/04\/DJI_20240918164920_0986_D-R-BD-300x200.jpg 300w, https:\/\/www.campingduvieuxmoulin.fr\/wp-content\/uploads\/2021\/04\/DJI_20240918164920_0986_D-R-BD-1024x683.jpg 1024w, https:\/\/www.campingduvieuxmoulin.fr\/wp-content\/uploads\/2021\/04\/DJI_20240918164920_0986_D-R-BD-768x512.jpg 768w, https:\/\/www.campingduvieuxmoulin.fr\/wp-content\/uploads\/2021\/04\/DJI_20240918164920_0986_D-R-BD-1536x1024.jpg 1536w, https:\/\/www.campingduvieuxmoulin.fr\/wp-content\/uploads\/2021\/04\/DJI_20240918164920_0986_D-R-BD-100x67.jpg 100w\"\/><\/div><div class=\"hebergement_content\"><div class=\"hebergement_titre hebergement_titre decoration\">Casa m\u00f3vil confort 3 habitaciones<\/div><div class=\"hebergement_infos\"><div class=\"hebergement_info\"><img decoding=\"async\" src=\"https:\/\/www.campingduvieuxmoulin.fr\/wp-content\/themes\/Nature%26Residence\/images\/superficie.png\" class=\"no-lazy\" alt=\"superficie Casa m\u00f3vil confort 3 habitaciones\" \/>32m2<\/div><div class=\"hebergement_info\"><img decoding=\"async\" src=\"https:\/\/www.campingduvieuxmoulin.fr\/wp-content\/themes\/Nature%26Residence\/images\/capacite.png\" class=\"no-lazy\" alt=\"capacit\u00e9 Casa m\u00f3vil confort 3 habitaciones\" \/>6\/8 pers<\/div><div class=\"hebergement_info\"><img decoding=\"async\" src=\"https:\/\/www.campingduvieuxmoulin.fr\/wp-content\/themes\/Nature%26Residence\/images\/chambres.png\" class=\"no-lazy\" alt=\"chambres Casa m\u00f3vil confort 3 habitaciones\" \/>3 dormitorios<\/div><\/div><\/div><\/a><a class=\"hebergement hebergement--init hebergement--style-1 hebergement_link \"id=\"5779\" href=\"https:\/\/www.campingduvieuxmoulin.fr\/es\/hebergements\/casa-movil-4-5-personas\/\"><div class=\"hebergement_image img-overlay\"><img decoding=\"async\" src=\"https:\/\/www.campingduvieuxmoulin.fr\/wp-content\/uploads\/2021\/04\/MH-L02-R1-R-BD-700x525.jpg\" alt=\"\" class=\"heberg_image\" srcset=\"https:\/\/www.campingduvieuxmoulin.fr\/wp-content\/uploads\/2021\/04\/MH-L02-R1-R-BD.jpg 2048w, https:\/\/www.campingduvieuxmoulin.fr\/wp-content\/uploads\/2021\/04\/MH-L02-R1-R-BD-300x200.jpg 300w, https:\/\/www.campingduvieuxmoulin.fr\/wp-content\/uploads\/2021\/04\/MH-L02-R1-R-BD-1024x683.jpg 1024w, https:\/\/www.campingduvieuxmoulin.fr\/wp-content\/uploads\/2021\/04\/MH-L02-R1-R-BD-768x512.jpg 768w, https:\/\/www.campingduvieuxmoulin.fr\/wp-content\/uploads\/2021\/04\/MH-L02-R1-R-BD-1536x1024.jpg 1536w, https:\/\/www.campingduvieuxmoulin.fr\/wp-content\/uploads\/2021\/04\/MH-L02-R1-R-BD-100x67.jpg 100w\"\/><\/div><div class=\"hebergement_content\"><div class=\"hebergement_titre hebergement_titre decoration\">Casa m\u00f3vil confort 2 habitaciones<\/div><div class=\"hebergement_infos\"><div class=\"hebergement_info\"><img decoding=\"async\" src=\"https:\/\/www.campingduvieuxmoulin.fr\/wp-content\/themes\/Nature%26Residence\/images\/superficie.png\" class=\"no-lazy\" alt=\"superficie Casa m\u00f3vil confort 2 habitaciones\" \/>22m2<\/div><div class=\"hebergement_info\"><img decoding=\"async\" src=\"https:\/\/www.campingduvieuxmoulin.fr\/wp-content\/themes\/Nature%26Residence\/images\/capacite.png\" class=\"no-lazy\" alt=\"capacit\u00e9 Casa m\u00f3vil confort 2 habitaciones\" \/>4 \u00e0 5 pers<\/div><div class=\"hebergement_info\"><img decoding=\"async\" src=\"https:\/\/www.campingduvieuxmoulin.fr\/wp-content\/themes\/Nature%26Residence\/images\/chambres.png\" class=\"no-lazy\" alt=\"chambres Casa m\u00f3vil confort 2 habitaciones\" \/>2 dormitorios<\/div><\/div><\/div><\/a><a class=\"hebergement hebergement--init hebergement--style-1 hebergement_link \"id=\"5775\" href=\"https:\/\/www.campingduvieuxmoulin.fr\/es\/hebergements\/casa-movil-4-personas\/\"><div class=\"hebergement_image img-overlay\"><img decoding=\"async\" src=\"https:\/\/www.campingduvieuxmoulin.fr\/wp-content\/uploads\/2021\/01\/MH-L16-R-BD-700x525.jpg\" alt=\"\" class=\"heberg_image\" srcset=\"https:\/\/www.campingduvieuxmoulin.fr\/wp-content\/uploads\/2021\/01\/MH-L16-R-BD.jpg 2048w, https:\/\/www.campingduvieuxmoulin.fr\/wp-content\/uploads\/2021\/01\/MH-L16-R-BD-300x200.jpg 300w, https:\/\/www.campingduvieuxmoulin.fr\/wp-content\/uploads\/2021\/01\/MH-L16-R-BD-1024x683.jpg 1024w, https:\/\/www.campingduvieuxmoulin.fr\/wp-content\/uploads\/2021\/01\/MH-L16-R-BD-768x512.jpg 768w, https:\/\/www.campingduvieuxmoulin.fr\/wp-content\/uploads\/2021\/01\/MH-L16-R-BD-1536x1024.jpg 1536w, https:\/\/www.campingduvieuxmoulin.fr\/wp-content\/uploads\/2021\/01\/MH-L16-R-BD-100x67.jpg 100w\"\/><\/div><div class=\"hebergement_content\"><div class=\"hebergement_titre hebergement_titre decoration\">Casa m\u00f3vil ECO de 2 habitaciones<\/div><div class=\"hebergement_infos\"><div class=\"hebergement_info\"><img decoding=\"async\" src=\"https:\/\/www.campingduvieuxmoulin.fr\/wp-content\/themes\/Nature%26Residence\/images\/superficie.png\" class=\"no-lazy\" alt=\"superficie Casa m\u00f3vil ECO de 2 habitaciones\" \/>24m2<\/div><div class=\"hebergement_info\"><img decoding=\"async\" src=\"https:\/\/www.campingduvieuxmoulin.fr\/wp-content\/themes\/Nature%26Residence\/images\/capacite.png\" class=\"no-lazy\" alt=\"capacit\u00e9 Casa m\u00f3vil ECO de 2 habitaciones\" \/>4 pers<\/div><div class=\"hebergement_info\"><img decoding=\"async\" src=\"https:\/\/www.campingduvieuxmoulin.fr\/wp-content\/themes\/Nature%26Residence\/images\/chambres.png\" class=\"no-lazy\" alt=\"chambres Casa m\u00f3vil ECO de 2 habitaciones\" \/>2 dormitorios<\/div><\/div><\/div><\/a><\/div><button aria-label=\"Previous\" class=\"glider-prev glider-prev-hebergements\"><\/button><button aria-label=\"Next\" class=\"glider-next glider-next-hebergements\"><\/button><\/div><\/div>\n\n<div class=\"text-image-new style1 image-right background-marron\"><div class=\"text-image-new-colonne\"><H2 class=\"text-image-new-titre\">Reservar una casa m\u00f3vil para 2 personas cerca de Soulac<\/H2><div class=\"text-image-new-content\"><p>Las parejas que vengan a acampar a la zona podr\u00e1n instalarse a un coste menor, gracias al alquiler de mobil-homes por unas noches a precios econ\u00f3micos cerca de Soulac, cerca de la playa. En el camping municipal Vieux Moulin hay dos tipos de mobil-homes adaptados a las parejas, uno en versi\u00f3n cl\u00e1sica y otro en versi\u00f3n eco para un camping ecol\u00f3gico, con acceso a la piscina. En efecto, el entorno del lugar te ba\u00f1a en una atm\u00f3sfera agradable y respetuosa con la naturaleza, de ah\u00ed el parque arbolado que constituye el lugar y que lo convierte en un lugar ideal para pasar unas noches de camping. A pocos pasos de Soulac, en Nueva Aquitania, deje sus maletas en una espaciosa casa m\u00f3vil con un gran balc\u00f3n terraza. B\u00e1sicamente se trata de casas m\u00f3viles para 4 personas con 3 habitaciones, incluidos 2 dormitorios, pero que son adecuadas para dos personas con su habitaci\u00f3n doble con una cama grande para pasar noches de calidad.<\/p>\n<\/div><p class=\"lire-plus\">Leer m\u00e1s<\/p><div class=\"text-image-new-content-more hide\"><p>B\u00e1sicamente, tu alquiler de mobil-home para 2 personas cerca de Soulac ser\u00e1 lo suficientemente grande, sin riesgo de sentirte agobiado. \u00a1Ven a pasar tus vacaciones en familia, con ni\u00f1os o con amigos en uno de los mejores campings de Vensac, cerca de Soulac y de Royan, y ven a formarte tu propia opini\u00f3n sobre la Gironda! Para obtener m\u00e1s informaci\u00f3n sobre los servicios de uno de nuestros campings, como el alquiler de casas m\u00f3viles cerca de Soulac-sur-Mer, \u00a1cont\u00e1ctenos o consulte las opiniones de nuestros clientes! Estaremos encantados de poder ofrecerle m\u00e1s informaci\u00f3n sobre nuestros alojamientos, servicios destacados (restaurante, piscina, etc.), as\u00ed como actividades que hacer o cada pueblo que ver en los alrededores (Vendays-Montalivet, Saint-Vivien-de -M\u00e9doc)!<\/p>\n<\/div><p class=\"lire-moins hide\">Leer menos<\/p><\/div><div class=\"text-image-new-colonne\"><img decoding=\"async\" src=\"https:\/\/www.campingduvieuxmoulin.fr\/wp-content\/uploads\/2024\/03\/tente-lodge-2-personnes.jpg\" alt=\"Alquiler de casa m\u00f3vil para 2 personas Soulac\" class=\"text-image-new-thumb\" \/><\/div><\/div>\n\n<div class=\"text-image-new style1 image-left\"><div class=\"text-image-new-colonne\"><H2 class=\"text-image-new-titre\">Alquiler de casas m\u00f3viles familiares cerca de Soulac<\/H2><div class=\"text-image-new-content\"><p>Aviso a los aficionados a las vacaciones en camping dedicadas a familias con ni\u00f1os. Si vienes a recargar pilas en la costa de Gironda, en la localidad de Soulac-sur-mer, cerca de la playa en el sur de Francia, el alquiler de mobil-home familiar cerca de Soulac es para ti. Por su parte, el Vieux Moulin es el centro de vacaciones cercano que ofrece alquiler de mobil-homes para grupos cerca de Soulac, en Nueva Aquitania. Para las tribus, el mobil-home para 6\/8 personas es un mobil-home de 32 m2 con una terraza cubierta de 24 m2 con muebles de jard\u00edn. Hay 4 habitaciones incluyendo 3 dormitorios en el interior, una sala de estar con cocina y un ba\u00f1o.<\/p>\n<p>Alojamiento de vacaciones que tiene todo lo necesario para una estancia agradable en Gironda, en pleno centro de Nouvelle-Aquitaine y cerca de las playas m\u00e1s hermosas de la regi\u00f3n. Adem\u00e1s de un alojamiento confortable, nuestro camping te ofrece servicios estrella (zona acu\u00e1tica con piscina y restaurante con deliciosa comida). Para m\u00e1s informaci\u00f3n sobre la situaci\u00f3n de uno de nuestros campings, \u00a1cont\u00e1ctanos o consulta las opiniones de nuestros clientes! \u00a1Esperamos darle la bienvenida a nuestra propiedad junto a la playa para disfrutar de la temporada de verano!<\/p>\n<\/div><\/div><div class=\"text-image-new-colonne\"><img decoding=\"async\" src=\"https:\/\/www.campingduvieuxmoulin.fr\/wp-content\/uploads\/2021\/06\/MH_2CH_4pers.jpg\" alt=\"Alquiler de casa m\u00f3vil familiar Soulac\" class=\"text-image-new-thumb\" \/><\/div><\/div>","protected":false},"excerpt":{"rendered":"","protected":false},"author":2,"featured_media":4096,"parent":0,"menu_order":0,"comment_status":"closed","ping_status":"closed","template":"","meta":{"_acf_changed":false,"footnotes":""},"class_list":["post-5995","page","type-page","status-publish","has-post-thumbnail","hentry"],"acf":[],"yoast_head":"<!-- This site is optimized with the Yoast SEO plugin v27.4 - https:\/\/yoast.com\/product\/yoast-seo-wordpress\/ -->\n<title>Alquiler de casas m\u00f3viles Soulac-sur-Mer | Reserva tus vacaciones en camping<\/title>\n<meta name=\"description\" content=\"Descubra todos nuestros alquileres de casas m\u00f3viles disponibles para sus pr\u00f3ximas vacaciones y estancia en un camping en Soulac-sur-Mer.\" \/>\n<meta name=\"robots\" content=\"index, follow, max-snippet:-1, max-image-preview:large, max-video-preview:-1\" \/>\n<link rel=\"canonical\" href=\"https:\/\/www.campingduvieuxmoulin.fr\/es\/alquiler-casas-moviles-soulac\/\" \/>\n<meta property=\"og:locale\" content=\"es_ES\" \/>\n<meta property=\"og:type\" content=\"article\" \/>\n<meta property=\"og:title\" content=\"Alquiler de casas m\u00f3viles Soulac-sur-Mer | Reserva tus vacaciones en camping\" \/>\n<meta property=\"og:description\" content=\"Descubra todos nuestros alquileres de casas m\u00f3viles disponibles para sus pr\u00f3ximas vacaciones y estancia en un camping en Soulac-sur-Mer.\" \/>\n<meta property=\"og:url\" content=\"https:\/\/www.campingduvieuxmoulin.fr\/es\/alquiler-casas-moviles-soulac\/\" \/>\n<meta property=\"og:site_name\" content=\"Camping du Vieux Moulin\" \/>\n<meta property=\"article:modified_time\" content=\"2024-06-13T07:40:02+00:00\" \/>\n<meta property=\"og:image\" content=\"https:\/\/www.campingduvieuxmoulin.fr\/wp-content\/uploads\/2021\/07\/soulac-sur-mer.jpg\" \/>\n\t<meta property=\"og:image:width\" content=\"1200\" \/>\n\t<meta property=\"og:image:height\" content=\"700\" \/>\n\t<meta property=\"og:image:type\" content=\"image\/jpeg\" \/>\n<meta name=\"twitter:card\" content=\"summary_large_image\" \/>\n<script type=\"application\/ld+json\" class=\"yoast-schema-graph\">{\"@context\":\"https:\\\/\\\/schema.org\",\"@graph\":[{\"@type\":\"WebPage\",\"@id\":\"https:\\\/\\\/www.campingduvieuxmoulin.fr\\\/es\\\/alquiler-casas-moviles-soulac\\\/\",\"url\":\"https:\\\/\\\/www.campingduvieuxmoulin.fr\\\/es\\\/alquiler-casas-moviles-soulac\\\/\",\"name\":\"Alquiler de casas m\u00f3viles Soulac-sur-Mer | Reserva tus vacaciones en camping\",\"isPartOf\":{\"@id\":\"https:\\\/\\\/www.campingduvieuxmoulin.fr\\\/es\\\/#website\"},\"primaryImageOfPage\":{\"@id\":\"https:\\\/\\\/www.campingduvieuxmoulin.fr\\\/es\\\/alquiler-casas-moviles-soulac\\\/#primaryimage\"},\"image\":{\"@id\":\"https:\\\/\\\/www.campingduvieuxmoulin.fr\\\/es\\\/alquiler-casas-moviles-soulac\\\/#primaryimage\"},\"thumbnailUrl\":\"https:\\\/\\\/www.campingduvieuxmoulin.fr\\\/wp-content\\\/uploads\\\/2021\\\/07\\\/soulac-sur-mer.jpg\",\"datePublished\":\"2021-07-21T11:42:38+00:00\",\"dateModified\":\"2024-06-13T07:40:02+00:00\",\"description\":\"Descubra todos nuestros alquileres de casas m\u00f3viles disponibles para sus pr\u00f3ximas vacaciones y estancia en un camping en Soulac-sur-Mer.\",\"breadcrumb\":{\"@id\":\"https:\\\/\\\/www.campingduvieuxmoulin.fr\\\/es\\\/alquiler-casas-moviles-soulac\\\/#breadcrumb\"},\"inLanguage\":\"es\",\"potentialAction\":[{\"@type\":\"ReadAction\",\"target\":[\"https:\\\/\\\/www.campingduvieuxmoulin.fr\\\/es\\\/alquiler-casas-moviles-soulac\\\/\"]}]},{\"@type\":\"ImageObject\",\"inLanguage\":\"es\",\"@id\":\"https:\\\/\\\/www.campingduvieuxmoulin.fr\\\/es\\\/alquiler-casas-moviles-soulac\\\/#primaryimage\",\"url\":\"https:\\\/\\\/www.campingduvieuxmoulin.fr\\\/wp-content\\\/uploads\\\/2021\\\/07\\\/soulac-sur-mer.jpg\",\"contentUrl\":\"https:\\\/\\\/www.campingduvieuxmoulin.fr\\\/wp-content\\\/uploads\\\/2021\\\/07\\\/soulac-sur-mer.jpg\",\"width\":\"1200\",\"height\":\"700\"},{\"@type\":\"BreadcrumbList\",\"@id\":\"https:\\\/\\\/www.campingduvieuxmoulin.fr\\\/es\\\/alquiler-casas-moviles-soulac\\\/#breadcrumb\",\"itemListElement\":[{\"@type\":\"ListItem\",\"position\":1,\"name\":\"Camping Gironde\",\"item\":\"https:\\\/\\\/www.campingduvieuxmoulin.fr\\\/es\\\/\"},{\"@type\":\"ListItem\",\"position\":2,\"name\":\"Alquiler de casa m\u00f3vil cerca de Soulac-sur-Mer\"}]},{\"@type\":\"WebSite\",\"@id\":\"https:\\\/\\\/www.campingduvieuxmoulin.fr\\\/es\\\/#website\",\"url\":\"https:\\\/\\\/www.campingduvieuxmoulin.fr\\\/es\\\/\",\"name\":\"Camping du Vieux Moulin\",\"description\":\"\",\"potentialAction\":[{\"@type\":\"SearchAction\",\"target\":{\"@type\":\"EntryPoint\",\"urlTemplate\":\"https:\\\/\\\/www.campingduvieuxmoulin.fr\\\/es\\\/?s={search_term_string}\"},\"query-input\":{\"@type\":\"PropertyValueSpecification\",\"valueRequired\":true,\"valueName\":\"search_term_string\"}}],\"inLanguage\":\"es\"}]}<\/script>\n<!-- \/ Yoast SEO plugin. -->","yoast_head_json":{"title":"Alquiler de casas m\u00f3viles Soulac-sur-Mer | Reserva tus vacaciones en camping","description":"Descubra todos nuestros alquileres de casas m\u00f3viles disponibles para sus pr\u00f3ximas vacaciones y estancia en un camping en Soulac-sur-Mer.","robots":{"index":"index","follow":"follow","max-snippet":"max-snippet:-1","max-image-preview":"max-image-preview:large","max-video-preview":"max-video-preview:-1"},"canonical":"https:\/\/www.campingduvieuxmoulin.fr\/es\/alquiler-casas-moviles-soulac\/","og_locale":"es_ES","og_type":"article","og_title":"Alquiler de casas m\u00f3viles Soulac-sur-Mer | Reserva tus vacaciones en camping","og_description":"Descubra todos nuestros alquileres de casas m\u00f3viles disponibles para sus pr\u00f3ximas vacaciones y estancia en un camping en Soulac-sur-Mer.","og_url":"https:\/\/www.campingduvieuxmoulin.fr\/es\/alquiler-casas-moviles-soulac\/","og_site_name":"Camping du Vieux Moulin","article_modified_time":"2024-06-13T07:40:02+00:00","og_image":[{"width":1200,"height":700,"url":"https:\/\/www.campingduvieuxmoulin.fr\/wp-content\/uploads\/2021\/07\/soulac-sur-mer.jpg","type":"image\/jpeg"}],"twitter_card":"summary_large_image","schema":{"@context":"https:\/\/schema.org","@graph":[{"@type":"WebPage","@id":"https:\/\/www.campingduvieuxmoulin.fr\/es\/alquiler-casas-moviles-soulac\/","url":"https:\/\/www.campingduvieuxmoulin.fr\/es\/alquiler-casas-moviles-soulac\/","name":"Alquiler de casas m\u00f3viles Soulac-sur-Mer | Reserva tus vacaciones en camping","isPartOf":{"@id":"https:\/\/www.campingduvieuxmoulin.fr\/es\/#website"},"primaryImageOfPage":{"@id":"https:\/\/www.campingduvieuxmoulin.fr\/es\/alquiler-casas-moviles-soulac\/#primaryimage"},"image":{"@id":"https:\/\/www.campingduvieuxmoulin.fr\/es\/alquiler-casas-moviles-soulac\/#primaryimage"},"thumbnailUrl":"https:\/\/www.campingduvieuxmoulin.fr\/wp-content\/uploads\/2021\/07\/soulac-sur-mer.jpg","datePublished":"2021-07-21T11:42:38+00:00","dateModified":"2024-06-13T07:40:02+00:00","description":"Descubra todos nuestros alquileres de casas m\u00f3viles disponibles para sus pr\u00f3ximas vacaciones y estancia en un camping en Soulac-sur-Mer.","breadcrumb":{"@id":"https:\/\/www.campingduvieuxmoulin.fr\/es\/alquiler-casas-moviles-soulac\/#breadcrumb"},"inLanguage":"es","potentialAction":[{"@type":"ReadAction","target":["https:\/\/www.campingduvieuxmoulin.fr\/es\/alquiler-casas-moviles-soulac\/"]}]},{"@type":"ImageObject","inLanguage":"es","@id":"https:\/\/www.campingduvieuxmoulin.fr\/es\/alquiler-casas-moviles-soulac\/#primaryimage","url":"https:\/\/www.campingduvieuxmoulin.fr\/wp-content\/uploads\/2021\/07\/soulac-sur-mer.jpg","contentUrl":"https:\/\/www.campingduvieuxmoulin.fr\/wp-content\/uploads\/2021\/07\/soulac-sur-mer.jpg","width":"1200","height":"700"},{"@type":"BreadcrumbList","@id":"https:\/\/www.campingduvieuxmoulin.fr\/es\/alquiler-casas-moviles-soulac\/#breadcrumb","itemListElement":[{"@type":"ListItem","position":1,"name":"Camping Gironde","item":"https:\/\/www.campingduvieuxmoulin.fr\/es\/"},{"@type":"ListItem","position":2,"name":"Alquiler de casa m\u00f3vil cerca de Soulac-sur-Mer"}]},{"@type":"WebSite","@id":"https:\/\/www.campingduvieuxmoulin.fr\/es\/#website","url":"https:\/\/www.campingduvieuxmoulin.fr\/es\/","name":"Camping du Vieux Moulin","description":"","potentialAction":[{"@type":"SearchAction","target":{"@type":"EntryPoint","urlTemplate":"https:\/\/www.campingduvieuxmoulin.fr\/es\/?s={search_term_string}"},"query-input":{"@type":"PropertyValueSpecification","valueRequired":true,"valueName":"search_term_string"}}],"inLanguage":"es"}]}},"_links":{"self":[{"href":"https:\/\/www.campingduvieuxmoulin.fr\/es\/wp-json\/wp\/v2\/pages\/5995","targetHints":{"allow":["GET"]}}],"collection":[{"href":"https:\/\/www.campingduvieuxmoulin.fr\/es\/wp-json\/wp\/v2\/pages"}],"about":[{"href":"https:\/\/www.campingduvieuxmoulin.fr\/es\/wp-json\/wp\/v2\/types\/page"}],"author":[{"embeddable":true,"href":"https:\/\/www.campingduvieuxmoulin.fr\/es\/wp-json\/wp\/v2\/users\/2"}],"replies":[{"embeddable":true,"href":"https:\/\/www.campingduvieuxmoulin.fr\/es\/wp-json\/wp\/v2\/comments?post=5995"}],"version-history":[{"count":4,"href":"https:\/\/www.campingduvieuxmoulin.fr\/es\/wp-json\/wp\/v2\/pages\/5995\/revisions"}],"predecessor-version":[{"id":6000,"href":"https:\/\/www.campingduvieuxmoulin.fr\/es\/wp-json\/wp\/v2\/pages\/5995\/revisions\/6000"}],"wp:featuredmedia":[{"embeddable":true,"href":"https:\/\/www.campingduvieuxmoulin.fr\/es\/wp-json\/wp\/v2\/media\/4096"}],"wp:attachment":[{"href":"https:\/\/www.campingduvieuxmoulin.fr\/es\/wp-json\/wp\/v2\/media?parent=5995"}],"curies":[{"name":"wp","href":"https:\/\/api.w.org\/{rel}","templated":true}]}}