{"id":6015,"date":"2021-07-21T13:42:23","date_gmt":"2021-07-21T11:42:23","guid":{"rendered":"https:\/\/www.campingduvieuxmoulin.fr\/location-mobil-home-montalivet\/"},"modified":"2024-06-13T09:59:17","modified_gmt":"2024-06-13T07:59:17","slug":"alquiler-casas-moviles-montalivet","status":"publish","type":"page","link":"https:\/\/www.campingduvieuxmoulin.fr\/es\/alquiler-casas-moviles-montalivet\/","title":{"rendered":"Alquiler de casas m\u00f3viles Montalivet"},"content":{"rendered":"<div class=\"bloc-texte full\"><div class=\"texte left\"><p>Durante su viaje al departamento de Gironda, el camping Vieux Moulin de Vensac, cerca de la playa, muy cerca de Vendays-Montalivet, se presenta como el lugar ideal para unas vacaciones en familia con ni\u00f1os. Este camping de 2 estrellas en Nueva Aquitania est\u00e1 equipado con una zona acu\u00e1tica cerca de su casa m\u00f3vil de alquiler cerca de Montalivet. Suficiente para disfrutar de unas vacaciones frente al mar, adem\u00e1s de ba\u00f1arse en el mar en este peque\u00f1o pueblo costero del suroeste de Francia. A continuaci\u00f3n se muestran las opciones de alojamiento con terraza y muebles de jard\u00edn para alojarse en una casa m\u00f3vil de alquiler en Vensac.<\/p>\n<\/div><\/div>\n\n<div class=\"hebergement-home\"><div class=\"glider-contain glider-contain-hebergements\"><div class=\"hebergements glider\" id=\"glider-hebergements\"><a class=\"hebergement hebergement--init hebergement--style-1 hebergement_link \"id=\"5791\" href=\"https:\/\/www.campingduvieuxmoulin.fr\/es\/hebergements\/tienda-lodge-2-ch\/\"><div class=\"hebergement_image img-overlay\"><img decoding=\"async\" src=\"https:\/\/www.campingduvieuxmoulin.fr\/wp-content\/uploads\/2023\/11\/1685913755322-1-700x525.jpg\" alt=\"\" class=\"heberg_image\" srcset=\"https:\/\/www.campingduvieuxmoulin.fr\/wp-content\/uploads\/2023\/11\/1685913755322-1-scaled.jpg 1706w, https:\/\/www.campingduvieuxmoulin.fr\/wp-content\/uploads\/2023\/11\/1685913755322-1-200x300.jpg 200w, https:\/\/www.campingduvieuxmoulin.fr\/wp-content\/uploads\/2023\/11\/1685913755322-1-682x1024.jpg 682w, https:\/\/www.campingduvieuxmoulin.fr\/wp-content\/uploads\/2023\/11\/1685913755322-1-768x1153.jpg 768w, https:\/\/www.campingduvieuxmoulin.fr\/wp-content\/uploads\/2023\/11\/1685913755322-1-1023x1536.jpg 1023w, https:\/\/www.campingduvieuxmoulin.fr\/wp-content\/uploads\/2023\/11\/1685913755322-1-1365x2048.jpg 1365w, https:\/\/www.campingduvieuxmoulin.fr\/wp-content\/uploads\/2023\/11\/1685913755322-1-67x100.jpg 67w\"\/><\/div><div class=\"hebergement_content\"><div class=\"hebergement_titre hebergement_titre decoration\">Tienda de campa\u00f1a de 2 dormitorios<\/div><div class=\"hebergement_infos\"><div class=\"hebergement_info\"><img decoding=\"async\" src=\"https:\/\/www.campingduvieuxmoulin.fr\/wp-content\/themes\/Nature%26Residence\/images\/capacite.png\" class=\"no-lazy\" alt=\"capacit\u00e9 Tienda de campa\u00f1a de 2 dormitorios\" \/>5 pers<\/div><div class=\"hebergement_info\"><img decoding=\"async\" src=\"https:\/\/www.campingduvieuxmoulin.fr\/wp-content\/themes\/Nature%26Residence\/images\/chambres.png\" class=\"no-lazy\" alt=\"chambres Tienda de campa\u00f1a de 2 dormitorios\" \/>2 dormitorios<\/div><\/div><\/div><\/a><a class=\"hebergement hebergement--init hebergement--style-1 hebergement_link \"id=\"5789\" href=\"https:\/\/www.campingduvieuxmoulin.fr\/es\/hebergements\/casa-movil-xxl-4-dormitorios\/\"><div class=\"hebergement_image img-overlay\"><img decoding=\"async\" src=\"https:\/\/www.campingduvieuxmoulin.fr\/wp-content\/uploads\/2024\/06\/XXL2-R-R-BD-700x525.jpg\" alt=\"\" class=\"heberg_image\" srcset=\"https:\/\/www.campingduvieuxmoulin.fr\/wp-content\/uploads\/2024\/06\/XXL2-R-R-BD.jpg 2048w, https:\/\/www.campingduvieuxmoulin.fr\/wp-content\/uploads\/2024\/06\/XXL2-R-R-BD-300x200.jpg 300w, https:\/\/www.campingduvieuxmoulin.fr\/wp-content\/uploads\/2024\/06\/XXL2-R-R-BD-1024x683.jpg 1024w, https:\/\/www.campingduvieuxmoulin.fr\/wp-content\/uploads\/2024\/06\/XXL2-R-R-BD-768x512.jpg 768w, https:\/\/www.campingduvieuxmoulin.fr\/wp-content\/uploads\/2024\/06\/XXL2-R-R-BD-1536x1024.jpg 1536w, https:\/\/www.campingduvieuxmoulin.fr\/wp-content\/uploads\/2024\/06\/XXL2-R-R-BD-100x67.jpg 100w\"\/><\/div><div class=\"hebergement_content\"><div class=\"hebergement_titre hebergement_titre decoration\">Casa m\u00f3vil XXL 4 habitaciones<\/div><div class=\"hebergement_infos\"><div class=\"hebergement_info\"><img decoding=\"async\" src=\"https:\/\/www.campingduvieuxmoulin.fr\/wp-content\/themes\/Nature%26Residence\/images\/superficie.png\" class=\"no-lazy\" alt=\"superficie Casa m\u00f3vil XXL 4 habitaciones\" \/>37m2<\/div><div class=\"hebergement_info\"><img decoding=\"async\" src=\"https:\/\/www.campingduvieuxmoulin.fr\/wp-content\/themes\/Nature%26Residence\/images\/capacite.png\" class=\"no-lazy\" alt=\"capacit\u00e9 Casa m\u00f3vil XXL 4 habitaciones\" \/>8 pers<\/div><div class=\"hebergement_info\"><img decoding=\"async\" src=\"https:\/\/www.campingduvieuxmoulin.fr\/wp-content\/themes\/Nature%26Residence\/images\/chambres.png\" class=\"no-lazy\" alt=\"chambres Casa m\u00f3vil XXL 4 habitaciones\" \/>4 dormitorios<\/div><\/div><\/div><\/a><a class=\"hebergement hebergement--init hebergement--style-1 hebergement_link \"id=\"5783\" href=\"https:\/\/www.campingduvieuxmoulin.fr\/es\/hebergements\/casa-movil-6-8-personas\/\"><div class=\"hebergement_image img-overlay\"><img decoding=\"async\" src=\"https:\/\/www.campingduvieuxmoulin.fr\/wp-content\/uploads\/2021\/04\/DJI_20240918164920_0986_D-R-BD-700x525.jpg\" alt=\"\" class=\"heberg_image\" srcset=\"https:\/\/www.campingduvieuxmoulin.fr\/wp-content\/uploads\/2021\/04\/DJI_20240918164920_0986_D-R-BD.jpg 2048w, https:\/\/www.campingduvieuxmoulin.fr\/wp-content\/uploads\/2021\/04\/DJI_20240918164920_0986_D-R-BD-300x200.jpg 300w, https:\/\/www.campingduvieuxmoulin.fr\/wp-content\/uploads\/2021\/04\/DJI_20240918164920_0986_D-R-BD-1024x683.jpg 1024w, https:\/\/www.campingduvieuxmoulin.fr\/wp-content\/uploads\/2021\/04\/DJI_20240918164920_0986_D-R-BD-768x512.jpg 768w, https:\/\/www.campingduvieuxmoulin.fr\/wp-content\/uploads\/2021\/04\/DJI_20240918164920_0986_D-R-BD-1536x1024.jpg 1536w, https:\/\/www.campingduvieuxmoulin.fr\/wp-content\/uploads\/2021\/04\/DJI_20240918164920_0986_D-R-BD-100x67.jpg 100w\"\/><\/div><div class=\"hebergement_content\"><div class=\"hebergement_titre hebergement_titre decoration\">Casa m\u00f3vil confort 3 habitaciones<\/div><div class=\"hebergement_infos\"><div class=\"hebergement_info\"><img decoding=\"async\" src=\"https:\/\/www.campingduvieuxmoulin.fr\/wp-content\/themes\/Nature%26Residence\/images\/superficie.png\" class=\"no-lazy\" alt=\"superficie Casa m\u00f3vil confort 3 habitaciones\" \/>32m2<\/div><div class=\"hebergement_info\"><img decoding=\"async\" src=\"https:\/\/www.campingduvieuxmoulin.fr\/wp-content\/themes\/Nature%26Residence\/images\/capacite.png\" class=\"no-lazy\" alt=\"capacit\u00e9 Casa m\u00f3vil confort 3 habitaciones\" \/>6\/8 pers<\/div><div class=\"hebergement_info\"><img decoding=\"async\" src=\"https:\/\/www.campingduvieuxmoulin.fr\/wp-content\/themes\/Nature%26Residence\/images\/chambres.png\" class=\"no-lazy\" alt=\"chambres Casa m\u00f3vil confort 3 habitaciones\" \/>3 dormitorios<\/div><\/div><\/div><\/a><a class=\"hebergement hebergement--init hebergement--style-1 hebergement_link \"id=\"5779\" href=\"https:\/\/www.campingduvieuxmoulin.fr\/es\/hebergements\/casa-movil-4-5-personas\/\"><div class=\"hebergement_image img-overlay\"><img decoding=\"async\" src=\"https:\/\/www.campingduvieuxmoulin.fr\/wp-content\/uploads\/2021\/04\/MH-L02-R1-R-BD-700x525.jpg\" alt=\"\" class=\"heberg_image\" srcset=\"https:\/\/www.campingduvieuxmoulin.fr\/wp-content\/uploads\/2021\/04\/MH-L02-R1-R-BD.jpg 2048w, https:\/\/www.campingduvieuxmoulin.fr\/wp-content\/uploads\/2021\/04\/MH-L02-R1-R-BD-300x200.jpg 300w, https:\/\/www.campingduvieuxmoulin.fr\/wp-content\/uploads\/2021\/04\/MH-L02-R1-R-BD-1024x683.jpg 1024w, https:\/\/www.campingduvieuxmoulin.fr\/wp-content\/uploads\/2021\/04\/MH-L02-R1-R-BD-768x512.jpg 768w, https:\/\/www.campingduvieuxmoulin.fr\/wp-content\/uploads\/2021\/04\/MH-L02-R1-R-BD-1536x1024.jpg 1536w, https:\/\/www.campingduvieuxmoulin.fr\/wp-content\/uploads\/2021\/04\/MH-L02-R1-R-BD-100x67.jpg 100w\"\/><\/div><div class=\"hebergement_content\"><div class=\"hebergement_titre hebergement_titre decoration\">Casa m\u00f3vil confort 2 habitaciones<\/div><div class=\"hebergement_infos\"><div class=\"hebergement_info\"><img decoding=\"async\" src=\"https:\/\/www.campingduvieuxmoulin.fr\/wp-content\/themes\/Nature%26Residence\/images\/superficie.png\" class=\"no-lazy\" alt=\"superficie Casa m\u00f3vil confort 2 habitaciones\" \/>22m2<\/div><div class=\"hebergement_info\"><img decoding=\"async\" src=\"https:\/\/www.campingduvieuxmoulin.fr\/wp-content\/themes\/Nature%26Residence\/images\/capacite.png\" class=\"no-lazy\" alt=\"capacit\u00e9 Casa m\u00f3vil confort 2 habitaciones\" \/>4 \u00e0 5 pers<\/div><div class=\"hebergement_info\"><img decoding=\"async\" src=\"https:\/\/www.campingduvieuxmoulin.fr\/wp-content\/themes\/Nature%26Residence\/images\/chambres.png\" class=\"no-lazy\" alt=\"chambres Casa m\u00f3vil confort 2 habitaciones\" \/>2 dormitorios<\/div><\/div><\/div><\/a><a class=\"hebergement hebergement--init hebergement--style-1 hebergement_link \"id=\"5775\" href=\"https:\/\/www.campingduvieuxmoulin.fr\/es\/hebergements\/casa-movil-4-personas\/\"><div class=\"hebergement_image img-overlay\"><img decoding=\"async\" src=\"https:\/\/www.campingduvieuxmoulin.fr\/wp-content\/uploads\/2021\/01\/MH-L16-R-BD-700x525.jpg\" alt=\"\" class=\"heberg_image\" srcset=\"https:\/\/www.campingduvieuxmoulin.fr\/wp-content\/uploads\/2021\/01\/MH-L16-R-BD.jpg 2048w, https:\/\/www.campingduvieuxmoulin.fr\/wp-content\/uploads\/2021\/01\/MH-L16-R-BD-300x200.jpg 300w, https:\/\/www.campingduvieuxmoulin.fr\/wp-content\/uploads\/2021\/01\/MH-L16-R-BD-1024x683.jpg 1024w, https:\/\/www.campingduvieuxmoulin.fr\/wp-content\/uploads\/2021\/01\/MH-L16-R-BD-768x512.jpg 768w, https:\/\/www.campingduvieuxmoulin.fr\/wp-content\/uploads\/2021\/01\/MH-L16-R-BD-1536x1024.jpg 1536w, https:\/\/www.campingduvieuxmoulin.fr\/wp-content\/uploads\/2021\/01\/MH-L16-R-BD-100x67.jpg 100w\"\/><\/div><div class=\"hebergement_content\"><div class=\"hebergement_titre hebergement_titre decoration\">Casa m\u00f3vil ECO de 2 habitaciones<\/div><div class=\"hebergement_infos\"><div class=\"hebergement_info\"><img decoding=\"async\" src=\"https:\/\/www.campingduvieuxmoulin.fr\/wp-content\/themes\/Nature%26Residence\/images\/superficie.png\" class=\"no-lazy\" alt=\"superficie Casa m\u00f3vil ECO de 2 habitaciones\" \/>24m2<\/div><div class=\"hebergement_info\"><img decoding=\"async\" src=\"https:\/\/www.campingduvieuxmoulin.fr\/wp-content\/themes\/Nature%26Residence\/images\/capacite.png\" class=\"no-lazy\" alt=\"capacit\u00e9 Casa m\u00f3vil ECO de 2 habitaciones\" \/>4 pers<\/div><div class=\"hebergement_info\"><img decoding=\"async\" src=\"https:\/\/www.campingduvieuxmoulin.fr\/wp-content\/themes\/Nature%26Residence\/images\/chambres.png\" class=\"no-lazy\" alt=\"chambres Casa m\u00f3vil ECO de 2 habitaciones\" \/>2 dormitorios<\/div><\/div><\/div><\/a><\/div><button aria-label=\"Previous\" class=\"glider-prev glider-prev-hebergements\"><\/button><button aria-label=\"Next\" class=\"glider-next glider-next-hebergements\"><\/button><\/div><\/div>\n\n<div class=\"text-image-new style1 image-right background-marron\"><div class=\"text-image-new-colonne\"><H2 class=\"text-image-new-titre\">Reservar una casa m\u00f3vil para 2 personas cerca de Montalivet<\/H2><div class=\"text-image-new-content\"><p>Para aquellos que vienen en pareja a relajarse en la costa atl\u00e1ntica de Gironda, el alquiler de mobil-homes para 2 personas cerca de Montalivet es una soluci\u00f3n de alojamiento recomendable. En el camping Vieux Moulin dispone de una casa m\u00f3vil ecol\u00f3gica con terraza y muebles de jard\u00edn bastante espaciosa para alojar a una pareja. Respire el aire fresco del M\u00e9doc durante su estancia en Nouvelle-Aquitaine tomando una comida o un aperitivo en su gran terraza cubierta de 20 m2. En la plataforma se instalan muebles de jard\u00edn para descansar a la sombra en los d\u00edas soleados. En la habitaci\u00f3n doble, una gran cama permite a los enamorados compartir un momento rom\u00e1ntico y pasar noches de descanso antes de visitar las localidades de los alrededores: Vendays-Montalivet, Soulac-sur-Mer, Saint-Vivien-de-M\u00e9doc o Burdeos.<\/p>\n<\/div><\/div><div class=\"text-image-new-colonne\"><img decoding=\"async\" src=\"https:\/\/www.campingduvieuxmoulin.fr\/wp-content\/uploads\/2024\/03\/tente-lodge-2-personnes.jpg\" alt=\"alquiler de mobil-home para 2 personas Montalivet\" class=\"text-image-new-thumb\" \/><\/div><\/div>\n\n<div class=\"text-image-new style1 image-left\"><div class=\"text-image-new-colonne\"><H2 class=\"text-image-new-titre\">Alquiler de casas m\u00f3viles familiares cerca de Montalivet<\/H2><div class=\"text-image-new-content\"><p>M\u00e1s all\u00e1 de sus hermosas playas, Montalivet tambi\u00e9n tiene la ventaja de estar cerca de los vi\u00f1edos del M\u00e9doc. En familia, tenga la oportunidad de descubrir esta famosa regi\u00f3n a trav\u00e9s del alquiler de mobil-homes familiares cerca de Montalivet. El camping Vieux Moulin dispone de casas m\u00f3viles m\u00e1s grandes, dise\u00f1adas para acoger a un mayor n\u00famero de turistas que vienen a disfrutar de Nueva Aquitania y de sus maravillas. Para una peque\u00f1a familia de 4 personas, existen dos modelos con esta capacidad.<\/p>\n<p>Sin embargo, la casa m\u00f3vil para 6\/8 personas de 32 m2 es m\u00e1s adecuada para tribus. Si opta por el alquiler de una casa m\u00f3vil para grupos cerca de Montalivet, se compone de 3 habitaciones, de las cuales 1 habitaci\u00f3n doble y 2 habitaciones con dos camas individuales. Adem\u00e1s, el banco convertible del sal\u00f3n ofrece espacio adicional para dormir. \u00a1Nuestro camping con alquiler de mobil-homes cerca de Montalivet le ofrecer\u00e1 pronto acceso a una piscina cubierta y a una laguna natural \u00fanica! Si quieres informaci\u00f3n adicional sobre nuestro alojamiento (precios de varias noches, condiciones de cancelaci\u00f3n, servicios con estrellas disponibles, animaci\u00f3n, etc.), \u00a1contacta ahora con nuestro camping cerca de la playa!<\/p>\n<\/div><\/div><div class=\"text-image-new-colonne\"><img decoding=\"async\" src=\"https:\/\/www.campingduvieuxmoulin.fr\/wp-content\/uploads\/2021\/06\/MH_2CH_4pers.jpg\" alt=\"alquiler de casa m\u00f3vil familiar Montalivet\" class=\"text-image-new-thumb\" \/><\/div><\/div>\n\n<div class=\"text-image-new style1 image-right background-marron\"><div class=\"text-image-new-colonne\"><H2 class=\"text-image-new-titre\">Reserva en un camping en Gironda con servicios y animaciones estrella<\/H2><div class=\"text-image-new-content\"><p>El Camping le Vieux-Moulin le da una c\u00e1lida bienvenida a su dominio para que pueda disfrutar de un alquiler de mobil-home cerca de Montalivet con terraza y todas las comodidades: habitaciones acogedoras, cocina equipada y ba\u00f1o equipado. \u00a1Pero no nos detenemos ah\u00ed! Hacemos que tus vacaciones sean inolvidables gracias a servicios estrella y numerosas actividades durante la temporada de verano, \u00a1todo por un alquiler low cost! Un parque infantil, un campo deportivo y una piscina cubierta est\u00e1n disponibles para amenizar su estancia con sus hijos o amigos de larga duraci\u00f3n. \u00a1Tambi\u00e9n disponemos de un restaurante en su camping en Gironda para deleitar su paladar! Le encantar\u00e1 descubrir la playa a pocos pasos del camping, pero tambi\u00e9n el centro de Vendays-Montalivet o Soulac-sur-Mer. \u00bfY una vez finalizada tu estancia? \u00a1Contamos contigo para que nos des tu opini\u00f3n sobre el camping y sus instalaciones!<\/p>\n<\/div><\/div><div class=\"text-image-new-colonne\"><img decoding=\"async\" src=\"https:\/\/www.campingduvieuxmoulin.fr\/wp-content\/uploads\/2024\/03\/achat-mobil-home-soulac.jpg\" alt=\"alquiler de casa m\u00f3vil familiar Montalivet\" class=\"text-image-new-thumb\" \/><\/div><\/div>\n\n<div class=\"bloc-texte full\"><div class=\"texte left\"><p>\u00bfListo para pasar noches relajantes durante sus vacaciones en Gironda, en la regi\u00f3n de Nueva Aquitania, en un camping econ\u00f3mico? \u00a1Es en nuestro camping Le Vieux-Moulin donde est\u00e1 sucediendo! Descubra un establecimiento estrella con alquiler de mobil-homes cerca de Montalivet para pasar unas vacaciones memorables con sus hijos o amigos en el sur de Francia. Aproveche nuestro camping junto al mar con alojamiento confortable para pasear por la playa y descubrir las ciudades o lugares tur\u00edsticos cercanos: Vendays-Montalivet, Soulac-sur-Mer y el lago de Hourtin. \u00bfListo para comenzar tu estancia en uno de los mejores campings de la regi\u00f3n?<\/p>\n<\/div><\/div>","protected":false},"excerpt":{"rendered":"","protected":false},"author":2,"featured_media":4092,"parent":0,"menu_order":0,"comment_status":"closed","ping_status":"closed","template":"","meta":{"_acf_changed":false,"footnotes":""},"class_list":["post-6015","page","type-page","status-publish","has-post-thumbnail","hentry"],"acf":[],"yoast_head":"<!-- This site is optimized with the Yoast SEO plugin v26.9 - https:\/\/yoast.com\/product\/yoast-seo-wordpress\/ -->\n<title>Alquiler de casas m\u00f3viles en Montalivet | Casas m\u00f3viles en alquiler cerca de Montalivet<\/title>\n<meta name=\"description\" content=\"A 10 minutos de Vendays Montalivet, descubra nuestro camping de 2 estrellas Le Vieux Moulin, situado en el M\u00e9doc.\" \/>\n<meta name=\"robots\" content=\"index, follow, max-snippet:-1, max-image-preview:large, max-video-preview:-1\" \/>\n<link rel=\"canonical\" href=\"https:\/\/www.campingduvieuxmoulin.fr\/es\/alquiler-casas-moviles-montalivet\/\" \/>\n<meta property=\"og:locale\" content=\"es_ES\" \/>\n<meta property=\"og:type\" content=\"article\" \/>\n<meta property=\"og:title\" content=\"Alquiler de casas m\u00f3viles en Montalivet | Casas m\u00f3viles en alquiler cerca de Montalivet\" \/>\n<meta property=\"og:description\" content=\"A 10 minutos de Vendays Montalivet, descubra nuestro camping de 2 estrellas Le Vieux Moulin, situado en el M\u00e9doc.\" \/>\n<meta property=\"og:url\" content=\"https:\/\/www.campingduvieuxmoulin.fr\/es\/alquiler-casas-moviles-montalivet\/\" \/>\n<meta property=\"og:site_name\" content=\"Camping du Vieux Moulin\" \/>\n<meta property=\"article:modified_time\" content=\"2024-06-13T07:59:17+00:00\" \/>\n<meta property=\"og:image\" content=\"https:\/\/www.campingduvieuxmoulin.fr\/wp-content\/uploads\/2021\/07\/montalivet.jpg\" \/>\n\t<meta property=\"og:image:width\" content=\"1200\" \/>\n\t<meta property=\"og:image:height\" content=\"700\" \/>\n\t<meta property=\"og:image:type\" content=\"image\/jpeg\" \/>\n<meta name=\"twitter:card\" content=\"summary_large_image\" \/>\n<script type=\"application\/ld+json\" class=\"yoast-schema-graph\">{\"@context\":\"https:\/\/schema.org\",\"@graph\":[{\"@type\":\"WebPage\",\"@id\":\"https:\/\/www.campingduvieuxmoulin.fr\/es\/alquiler-casas-moviles-montalivet\/\",\"url\":\"https:\/\/www.campingduvieuxmoulin.fr\/es\/alquiler-casas-moviles-montalivet\/\",\"name\":\"Alquiler de casas m\u00f3viles en Montalivet | Casas m\u00f3viles en alquiler cerca de Montalivet\",\"isPartOf\":{\"@id\":\"https:\/\/www.campingduvieuxmoulin.fr\/es\/#website\"},\"primaryImageOfPage\":{\"@id\":\"https:\/\/www.campingduvieuxmoulin.fr\/es\/alquiler-casas-moviles-montalivet\/#primaryimage\"},\"image\":{\"@id\":\"https:\/\/www.campingduvieuxmoulin.fr\/es\/alquiler-casas-moviles-montalivet\/#primaryimage\"},\"thumbnailUrl\":\"https:\/\/www.campingduvieuxmoulin.fr\/wp-content\/uploads\/2021\/07\/montalivet.jpg\",\"datePublished\":\"2021-07-21T11:42:23+00:00\",\"dateModified\":\"2024-06-13T07:59:17+00:00\",\"description\":\"A 10 minutos de Vendays Montalivet, descubra nuestro camping de 2 estrellas Le Vieux Moulin, situado en el M\u00e9doc.\",\"breadcrumb\":{\"@id\":\"https:\/\/www.campingduvieuxmoulin.fr\/es\/alquiler-casas-moviles-montalivet\/#breadcrumb\"},\"inLanguage\":\"es\",\"potentialAction\":[{\"@type\":\"ReadAction\",\"target\":[\"https:\/\/www.campingduvieuxmoulin.fr\/es\/alquiler-casas-moviles-montalivet\/\"]}]},{\"@type\":\"ImageObject\",\"inLanguage\":\"es\",\"@id\":\"https:\/\/www.campingduvieuxmoulin.fr\/es\/alquiler-casas-moviles-montalivet\/#primaryimage\",\"url\":\"https:\/\/www.campingduvieuxmoulin.fr\/wp-content\/uploads\/2021\/07\/montalivet.jpg\",\"contentUrl\":\"https:\/\/www.campingduvieuxmoulin.fr\/wp-content\/uploads\/2021\/07\/montalivet.jpg\",\"width\":1200,\"height\":700,\"caption\":\"achat mobil home montalivet\"},{\"@type\":\"BreadcrumbList\",\"@id\":\"https:\/\/www.campingduvieuxmoulin.fr\/es\/alquiler-casas-moviles-montalivet\/#breadcrumb\",\"itemListElement\":[{\"@type\":\"ListItem\",\"position\":1,\"name\":\"Camping Gironde\",\"item\":\"https:\/\/www.campingduvieuxmoulin.fr\/es\/\"},{\"@type\":\"ListItem\",\"position\":2,\"name\":\"Alquiler de casas m\u00f3viles cerca de Montalivet\"}]},{\"@type\":\"WebSite\",\"@id\":\"https:\/\/www.campingduvieuxmoulin.fr\/es\/#website\",\"url\":\"https:\/\/www.campingduvieuxmoulin.fr\/es\/\",\"name\":\"Camping du Vieux Moulin\",\"description\":\"\",\"potentialAction\":[{\"@type\":\"SearchAction\",\"target\":{\"@type\":\"EntryPoint\",\"urlTemplate\":\"https:\/\/www.campingduvieuxmoulin.fr\/es\/?s={search_term_string}\"},\"query-input\":{\"@type\":\"PropertyValueSpecification\",\"valueRequired\":true,\"valueName\":\"search_term_string\"}}],\"inLanguage\":\"es\"}]}<\/script>\n<!-- \/ Yoast SEO plugin. -->","yoast_head_json":{"title":"Alquiler de casas m\u00f3viles en Montalivet | Casas m\u00f3viles en alquiler cerca de Montalivet","description":"A 10 minutos de Vendays Montalivet, descubra nuestro camping de 2 estrellas Le Vieux Moulin, situado en el M\u00e9doc.","robots":{"index":"index","follow":"follow","max-snippet":"max-snippet:-1","max-image-preview":"max-image-preview:large","max-video-preview":"max-video-preview:-1"},"canonical":"https:\/\/www.campingduvieuxmoulin.fr\/es\/alquiler-casas-moviles-montalivet\/","og_locale":"es_ES","og_type":"article","og_title":"Alquiler de casas m\u00f3viles en Montalivet | Casas m\u00f3viles en alquiler cerca de Montalivet","og_description":"A 10 minutos de Vendays Montalivet, descubra nuestro camping de 2 estrellas Le Vieux Moulin, situado en el M\u00e9doc.","og_url":"https:\/\/www.campingduvieuxmoulin.fr\/es\/alquiler-casas-moviles-montalivet\/","og_site_name":"Camping du Vieux Moulin","article_modified_time":"2024-06-13T07:59:17+00:00","og_image":[{"width":1200,"height":700,"url":"https:\/\/www.campingduvieuxmoulin.fr\/wp-content\/uploads\/2021\/07\/montalivet.jpg","type":"image\/jpeg"}],"twitter_card":"summary_large_image","schema":{"@context":"https:\/\/schema.org","@graph":[{"@type":"WebPage","@id":"https:\/\/www.campingduvieuxmoulin.fr\/es\/alquiler-casas-moviles-montalivet\/","url":"https:\/\/www.campingduvieuxmoulin.fr\/es\/alquiler-casas-moviles-montalivet\/","name":"Alquiler de casas m\u00f3viles en Montalivet | Casas m\u00f3viles en alquiler cerca de Montalivet","isPartOf":{"@id":"https:\/\/www.campingduvieuxmoulin.fr\/es\/#website"},"primaryImageOfPage":{"@id":"https:\/\/www.campingduvieuxmoulin.fr\/es\/alquiler-casas-moviles-montalivet\/#primaryimage"},"image":{"@id":"https:\/\/www.campingduvieuxmoulin.fr\/es\/alquiler-casas-moviles-montalivet\/#primaryimage"},"thumbnailUrl":"https:\/\/www.campingduvieuxmoulin.fr\/wp-content\/uploads\/2021\/07\/montalivet.jpg","datePublished":"2021-07-21T11:42:23+00:00","dateModified":"2024-06-13T07:59:17+00:00","description":"A 10 minutos de Vendays Montalivet, descubra nuestro camping de 2 estrellas Le Vieux Moulin, situado en el M\u00e9doc.","breadcrumb":{"@id":"https:\/\/www.campingduvieuxmoulin.fr\/es\/alquiler-casas-moviles-montalivet\/#breadcrumb"},"inLanguage":"es","potentialAction":[{"@type":"ReadAction","target":["https:\/\/www.campingduvieuxmoulin.fr\/es\/alquiler-casas-moviles-montalivet\/"]}]},{"@type":"ImageObject","inLanguage":"es","@id":"https:\/\/www.campingduvieuxmoulin.fr\/es\/alquiler-casas-moviles-montalivet\/#primaryimage","url":"https:\/\/www.campingduvieuxmoulin.fr\/wp-content\/uploads\/2021\/07\/montalivet.jpg","contentUrl":"https:\/\/www.campingduvieuxmoulin.fr\/wp-content\/uploads\/2021\/07\/montalivet.jpg","width":1200,"height":700,"caption":"achat mobil home montalivet"},{"@type":"BreadcrumbList","@id":"https:\/\/www.campingduvieuxmoulin.fr\/es\/alquiler-casas-moviles-montalivet\/#breadcrumb","itemListElement":[{"@type":"ListItem","position":1,"name":"Camping Gironde","item":"https:\/\/www.campingduvieuxmoulin.fr\/es\/"},{"@type":"ListItem","position":2,"name":"Alquiler de casas m\u00f3viles cerca de Montalivet"}]},{"@type":"WebSite","@id":"https:\/\/www.campingduvieuxmoulin.fr\/es\/#website","url":"https:\/\/www.campingduvieuxmoulin.fr\/es\/","name":"Camping du Vieux Moulin","description":"","potentialAction":[{"@type":"SearchAction","target":{"@type":"EntryPoint","urlTemplate":"https:\/\/www.campingduvieuxmoulin.fr\/es\/?s={search_term_string}"},"query-input":{"@type":"PropertyValueSpecification","valueRequired":true,"valueName":"search_term_string"}}],"inLanguage":"es"}]}},"_links":{"self":[{"href":"https:\/\/www.campingduvieuxmoulin.fr\/es\/wp-json\/wp\/v2\/pages\/6015","targetHints":{"allow":["GET"]}}],"collection":[{"href":"https:\/\/www.campingduvieuxmoulin.fr\/es\/wp-json\/wp\/v2\/pages"}],"about":[{"href":"https:\/\/www.campingduvieuxmoulin.fr\/es\/wp-json\/wp\/v2\/types\/page"}],"author":[{"embeddable":true,"href":"https:\/\/www.campingduvieuxmoulin.fr\/es\/wp-json\/wp\/v2\/users\/2"}],"replies":[{"embeddable":true,"href":"https:\/\/www.campingduvieuxmoulin.fr\/es\/wp-json\/wp\/v2\/comments?post=6015"}],"version-history":[{"count":2,"href":"https:\/\/www.campingduvieuxmoulin.fr\/es\/wp-json\/wp\/v2\/pages\/6015\/revisions"}],"predecessor-version":[{"id":6027,"href":"https:\/\/www.campingduvieuxmoulin.fr\/es\/wp-json\/wp\/v2\/pages\/6015\/revisions\/6027"}],"wp:featuredmedia":[{"embeddable":true,"href":"https:\/\/www.campingduvieuxmoulin.fr\/es\/wp-json\/wp\/v2\/media\/4092"}],"wp:attachment":[{"href":"https:\/\/www.campingduvieuxmoulin.fr\/es\/wp-json\/wp\/v2\/media?parent=6015"}],"curies":[{"name":"wp","href":"https:\/\/api.w.org\/{rel}","templated":true}]}}