{"id":6205,"date":"2021-07-21T16:21:44","date_gmt":"2021-07-21T14:21:44","guid":{"rendered":"https:\/\/www.campingduvieuxmoulin.fr\/achat-mobil-home-montalivet\/"},"modified":"2024-07-02T15:29:37","modified_gmt":"2024-07-02T13:29:37","slug":"comprar-casa-movil-montalivet","status":"publish","type":"page","link":"https:\/\/www.campingduvieuxmoulin.fr\/es\/comprar-casa-movil-montalivet\/","title":{"rendered":"Comprar una casa m\u00f3vil Montalivet"},"content":{"rendered":"<div class=\"bloc-texte full\"><div class=\"texte left\"><p>\u00a1Viva un camping rodeado de naturaleza gracias a la compra de una casa m\u00f3vil en Vensac en el camping Le Vieux Moulin en Gironda! Siente la libertad y la naturaleza y d\u00e9jate sorprender por el confort y un servicio excepcional durante una estancia en nuestro camping cerca de Vendays-Montalivet, a dos pasos de la playa. \u00a1Contin\u00faa leyendo para obtener m\u00e1s informaci\u00f3n!<\/p>\n<\/div><\/div>\n\n<div class=\"titre-block\"><h2 class=\"titre center\">Casas m\u00f3viles en venta en M\u00e9doc<\/h2><\/div>\n\n<div class=\"frame\"><div class=\"glider-contain glider-contain-hebergements \">\r\n\t<div >\r\n\t\t<div class=\"hebergement hebergement--init hebergement--style-1 hebergement_link\">\r\n\t\t\t<div class=\"hebergement_image\">\r\n\t\t\t\t<div class=\"slider-contain\" id=\"slider-heberg-1\">\r\n\t\t\t\t\t<img decoding=\"async\" src=\"\/wp-content\/uploads\/2021\/04\/capucine-int-800x534-1-438x329.jpg\" alt=\"mh clair de lune\" class=\"heberg_image\">\r\n\t\t\t\t<\/div>\r\n\t\t\t\t<button aria-label=\"Previous\" class=\"glider-prev-heberg-1\">\u00ab<\/button>\r\n  \t\t\t\t<button aria-label=\"Next\" class=\"glider-next-heberg-1\">\u00bb<\/button>\r\n\t\t\t<\/div>\r\n\t\t\t<div class=\"hebergement_content\">\r\n\t\t\t\t<div class=\"hebergement_titre hebergement_titre decoration\">Casa m\u00f3vil Clair de Lune<\/div>\r\n\t\t\t\t<div class=\"hebergement_infos\">IRM Habitat<\/div>\r\n\t\t\t<\/div>\r\n\t\t<\/div>\r\n\t\t<div class=\"hebergement hebergement--init hebergement--style-1 hebergement_link\">\r\n\t\t\t<div class=\"hebergement_image\">\r\n\t\t\t\t<div class=\"slider-contain\" id=\"slider-heberg-2\">\r\n\t\t\t\t\t<img decoding=\"async\" src=\"\/wp-content\/uploads\/2021\/04\/capucine-Ext-800x534-1.jpg\" alt=\"mobil home capucine ext\u00e9rieur\" class=\"heberg_image\">\r\n\t\t\t\t<\/div>\r\n\t\t\t\t<button aria-label=\"Previous\" class=\"glider-prev-heberg-2\">\u00ab<\/button>\r\n  \t\t\t\t<button aria-label=\"Next\" class=\"glider-next-heberg-2\">\u00bb<\/button>\r\n\t\t\t<\/div>\r\n\t\t\t<div class=\"hebergement_content\">\r\n\t\t\t\t<div class=\"hebergement_titre hebergement_titre decoration\">Casa m\u00f3vil Capucine<\/div>\r\n\t\t\t\t<div class=\"hebergement_infos\">IRM Habitat<\/div>\r\n\t\t\t<\/div>\r\n\t\t<\/div>\r\n\t\t<div class=\"hebergement hebergement--init hebergement--style-1 hebergement_link\">\r\n\t\t\t<div class=\"hebergement_image\">\r\n\t\t\t\t<div class=\"slider-contain\"  id=\"slider-heberg-3\">\r\n\t\t\t\t\t<img decoding=\"async\" src=\"\/wp-content\/uploads\/2021\/04\/azalee-int-800x534-1.jpg\" alt=\"mobil home azalee int\u00e9rieu\" class=\"heberg_image\">\r\n\t\t\t\t<\/div>\r\n\t\t\t\t<button aria-label=\"Previous\" class=\"glider-prev-heberg-3\">\u00ab<\/button>\r\n  \t\t\t\t<button aria-label=\"Next\" class=\"glider-next-heberg-3\">\u00bb<\/button>\r\n\t\t\t<\/div>\r\n\t\t\t<div class=\"hebergement_content\">\r\n\t\t\t\t<div class=\"hebergement_titre hebergement_titre decoration\">Casa m\u00f3vil Azal\u00e9e<\/div>\r\n\t\t\t\t<div class=\"hebergement_infos\">IRM Habitat<\/div>\r\n\t\t\t<\/div>\r\n\t\t<\/div>\r\n\t<\/div>\r\n<\/div><\/div>\n\n<div class=\"boutons-row\"><a class=\"bouton\" href=\"#form-vente\">\u00a1Pide tu cotizaci\u00f3n!<\/a><\/div>\n\n<div class=\"text-image-new style1 image-left\"><div class=\"text-image-new-colonne\"><H2 class=\"text-image-new-titre\">Venta de casas m\u00f3viles cerca de Montalivet: las marcas<\/H2><div class=\"text-image-new-content\"><p>Con los modelos de casas m\u00f3viles de IRM, establece tu objetivo, marca la diferencia. Opte por la mejor soluci\u00f3n de mobil-home para todos los profesionales que trabajan en alojamientos al aire libre cerca de la playa. De este modo, nuestros mobil-homes IRM garantizan, a\u00f1o tras a\u00f1o, rentabilidad y tranquilidad a la hora de acampar. Para IRM, la innovaci\u00f3n es un estado de \u00e1nimo. Nuestros modelos IRM reflejan el resultado de la optimizaci\u00f3n, la mejora y la ergonom\u00eda: aberturas m\u00e1s amplias, un espacio habitable m\u00e1s amplio, un interior moderno con aire vacacional.<\/p>\n<p>Por su parte, la marca Luisiana tambi\u00e9n ha sido considerada la referencia de las casas m\u00f3viles en Francia. Materiales de calidad, dise\u00f1o elegante y calidad constante de servicio han ayudado al pionero a ascender a la primera posici\u00f3n.<\/p>\n<\/div><p class=\"lire-plus\">Leer m\u00e1s<\/p><div class=\"text-image-new-content-more hide\"><p>\u00bfQuieres unas vacaciones de ensue\u00f1o aloj\u00e1ndote en Vendays-Montalivet en Gironda? Playa hasta donde alcanza la vista, actividades al aire libre, paseos, tiendas y restaurantes, realmente lo tienes todo para pasar unas vacaciones perfectas en este balneario de California. \u00a1Para hacerte la vida m\u00e1s f\u00e1cil, descubre las mejores ofertas de mobil-homes en venta cerca de Vendays-Montalivet para que pases unas estupendas vacaciones aqu\u00ed! Para obtener m\u00e1s informaci\u00f3n antes de convertirse en propietario de mobil-homes IRM en uno de nuestros campings en Gironda, \u00a1cont\u00e1ctenos!<\/p>\n<\/div><p class=\"lire-moins hide\">Leer menos<\/p><\/div><div class=\"text-image-new-colonne\"><img decoding=\"async\" src=\"https:\/\/www.campingduvieuxmoulin.fr\/wp-content\/uploads\/2021\/04\/azalee-int-800x534-1.jpg\" alt=\"venta casa m\u00f3vil Montalivet\" class=\"text-image-new-thumb\" \/><\/div><\/div>\n\n<div class=\"text-image-new style1 image-right background-marron\"><div class=\"text-image-new-colonne\"><H2 class=\"text-image-new-titre\">\u00bfPor qu\u00e9 comprar una casa m\u00f3vil cerca de Montalivet?<\/H2><div class=\"text-image-new-content\"><p>\u00bfEs inteligente invertir en una casa m\u00f3vil cerca de Vendays-Montalivet, en el coraz\u00f3n de Gironda? De hecho, comprar una casa m\u00f3vil presenta algunas ventajas bastante incre\u00edbles: como un coste de compra muy bajo, recuperaci\u00f3n del 20% del IVA en la compra, semanas de alquiler alrededor de 1.000 \u20ac en temporada alta debido a la proximidad de la playa, un m\u00e1ximo de servicios para los turistas que se alojan con car\u00e1cter general para los propietarios y futuros propietarios del camping Vieux Moulin: piscina, wifi, parque infantil, etc. Para obtener m\u00e1s informaci\u00f3n sobre c\u00f3mo convertirse en propietario de una casa m\u00f3vil en uno de los campings m\u00e1s bonitos de la Gironda, en Vendays-Montalivet, \u00a1cont\u00e1ctenos!<\/p>\n<\/div><\/div><div class=\"text-image-new-colonne\"><img decoding=\"async\" src=\"https:\/\/www.campingduvieuxmoulin.fr\/wp-content\/uploads\/2021\/04\/capucine-Ext-800x534-1.jpg\" alt=\"comprar casa m\u00f3vil Montalivet\" class=\"text-image-new-thumb\" \/><\/div><\/div>\n\n<div class=\"pt-5 pb-1\"><div class=\"titre-block\"><h2 class=\"titre center\">\u00a1Convi\u00e9rtete en propietario de tu casa m\u00f3vil!<\/h2><\/div><\/div>\n\n<div class=\"section-contact pb-5\"><div class=\"contact-left\"><div class=\"formulaire-de-contact\"><p class=\"h3\">\u00a1Cont\u00e1ctenos!<\/p>\n<div class=\"wpcf7 no-js\" id=\"wpcf7-f6428-o1\" lang=\"es-ES\" dir=\"ltr\" data-wpcf7-id=\"6428\">\n<div class=\"screen-reader-response\"><p role=\"status\" aria-live=\"polite\" aria-atomic=\"true\"><\/p> <ul><\/ul><\/div>\n<form action=\"\/es\/wp-json\/wp\/v2\/pages\/6205#wpcf7-f6428-o1\" method=\"post\" class=\"wpcf7-form init\" aria-label=\"Formulario de contacto\" novalidate=\"novalidate\" data-status=\"init\">\n<fieldset class=\"hidden-fields-container\"><input type=\"hidden\" name=\"_wpcf7\" value=\"6428\" \/><input type=\"hidden\" name=\"_wpcf7_version\" value=\"6.1.5\" \/><input type=\"hidden\" name=\"_wpcf7_locale\" value=\"es_ES\" \/><input type=\"hidden\" name=\"_wpcf7_unit_tag\" value=\"wpcf7-f6428-o1\" \/><input type=\"hidden\" name=\"_wpcf7_container_post\" value=\"0\" \/><input type=\"hidden\" name=\"_wpcf7_posted_data_hash\" value=\"\" \/><input type=\"hidden\" name=\"_wpcf7_recaptcha_response\" value=\"\" \/>\n<\/fieldset>\n<div id=\"form-vente\">\n<\/div>\n<p><span class=\"wpcf7-form-control-wrap\" data-name=\"your-name\"><input size=\"40\" maxlength=\"400\" class=\"wpcf7-form-control wpcf7-text wpcf7-validates-as-required\" aria-required=\"true\" aria-invalid=\"false\" placeholder=\"Su nombre\" value=\"\" type=\"text\" name=\"your-name\" \/><\/span><span class=\"wpcf7-form-control-wrap\" data-name=\"your-email\"><input size=\"40\" maxlength=\"400\" class=\"wpcf7-form-control wpcf7-email wpcf7-validates-as-required wpcf7-text wpcf7-validates-as-email\" aria-required=\"true\" aria-invalid=\"false\" placeholder=\"Su email\" value=\"\" type=\"email\" name=\"your-email\" \/><\/span><span class=\"wpcf7-form-control-wrap\" data-name=\"your-phone\"><input size=\"40\" maxlength=\"400\" class=\"wpcf7-form-control wpcf7-text wpcf7-validates-as-required\" aria-required=\"true\" aria-invalid=\"false\" placeholder=\"Su tel\u00e9fono\" value=\"\" type=\"text\" name=\"your-phone\" \/><\/span><span class=\"wpcf7-form-control-wrap\" data-name=\"code-postal\"><input size=\"40\" maxlength=\"400\" class=\"wpcf7-form-control wpcf7-text wpcf7-validates-as-required\" aria-required=\"true\" aria-invalid=\"false\" placeholder=\"Tu c\u00f3digo postal...\" value=\"\" type=\"text\" name=\"code-postal\" \/><\/span><span class=\"wpcf7-form-control-wrap\" data-name=\"your-message\"><textarea cols=\"40\" rows=\"10\" maxlength=\"2000\" class=\"wpcf7-form-control wpcf7-textarea\" aria-invalid=\"false\" placeholder=\"Tu mensaje (No dudes en contarnos tu presupuesto, tus deseos para poder darte el mejor asesoramiento)\" name=\"your-message\"><\/textarea><\/span><span class=\"wpcf7-form-control-wrap\" data-name=\"acceptance-553\"><span class=\"wpcf7-form-control wpcf7-acceptance\"><span class=\"wpcf7-list-item\"><label><input type=\"checkbox\" name=\"acceptance-553\" value=\"1\" aria-invalid=\"false\" \/><span class=\"wpcf7-list-item-label\">Al enviar este formulario, acepto que la informaci\u00f3n ingresada se conservar\u00e1 para permitir ser contactado o para informaci\u00f3n comercial. Acepto la <a href=\"\/es\/politica-de-confidencialidad\/\" rel=\"nofollow\" target=\"_blank\">Pol\u00edtica de Privacidad<\/a> de este sitio.<\/span><\/label><\/span><\/span><\/span>\n<span class=\"wpcf7-form-control-wrap recaptcha\" data-name=\"recaptcha\"><span data-sitekey=\"6LeqesAaAAAAAAszhLq4lBXl-h4ayi6BkQOqdsn4\" class=\"wpcf7-form-control wpcf7-recaptcha g-recaptcha\"><\/span>\r\n<noscript>\r\n\t<div class=\"grecaptcha-noscript\">\r\n\t\t<iframe loading=\"lazy\" src=\"https:\/\/www.google.com\/recaptcha\/api\/fallback?k=6LeqesAaAAAAAAszhLq4lBXl-h4ayi6BkQOqdsn4\" frameborder=\"0\" scrolling=\"no\" width=\"310\" height=\"430\">\r\n\t\t<\/iframe>\r\n\t\t<textarea name=\"g-recaptcha-response\" rows=\"3\" cols=\"40\" placeholder=\"Aqu\u00ed la respuesta de reCAPTCHA\">\r\n\t\t<\/textarea>\r\n\t<\/div>\r\n<\/noscript>\r\n<\/span><input class=\"wpcf7-form-control wpcf7-submit has-spinner\" type=\"submit\" value=\"Enviar\" \/>\n<\/p><div class=\"wpcf7-response-output\" aria-hidden=\"true\"><\/div>\n<\/form>\n<\/div>\n<\/div><\/div><div class=\"contact-right\"><div class=\"coord-col\"><p class=\"h4\">Nuestros datos de contacto<\/p><span class=\"coord-line\"><div class=\"icon\"><svg width=\"22\" height=\"28\" viewBox=\"0 0 15 21\" fill=\"none\" xmlns=\"http:\/\/www.w3.org\/2000\/svg\"><path d=\"M6.5 9.04883C7.10156 9.04883 7.61426 8.83691 8.03809 8.41309C8.46191 7.98926 8.67383 7.47656 8.67383 6.875C8.67383 6.27344 8.46191 5.76074 8.03809 5.33691C7.61426 4.91309 7.10156 4.70117 6.5 4.70117C5.89844 4.70117 5.38574 4.91309 4.96191 5.33691C4.53809 5.76074 4.32617 6.27344 4.32617 6.875C4.32617 7.47656 4.53809 7.98926 4.96191 8.41309C5.38574 8.83691 5.89844 9.04883 6.5 9.04883ZM6.5 0.763672C8.19531 0.763672 9.6377 1.3584 10.8271 2.54785C12.0166 3.7373 12.6113 5.17969 12.6113 6.875C12.6113 7.72266 12.3994 8.69336 11.9756 9.78711C11.5518 10.8809 11.0391 11.9062 10.4375 12.8633C9.83594 13.8203 9.24121 14.7158 8.65332 15.5498C8.06543 16.3838 7.56641 17.0469 7.15625 17.5391L6.5 18.2363C6.33594 18.0449 6.11719 17.792 5.84375 17.4775C5.57031 17.1631 5.07812 16.5342 4.36719 15.5908C3.65625 14.6475 3.03418 13.7314 2.50098 12.8428C1.96777 11.9541 1.48242 10.9492 1.04492 9.82812C0.607422 8.70703 0.388672 7.72266 0.388672 6.875C0.388672 5.17969 0.983398 3.7373 2.17285 2.54785C3.3623 1.3584 4.80469 0.763672 6.5 0.763672Z\" fill=\"#F76D00\"\/><\/svg><\/div>15, Route du Moulin, 33590 Vensac<\/span><span class=\"coord-line\"><div class=\"icon\"><svg width=\"25\" height=\"22\" viewBox=\"0 0 20 17\" fill=\"none\" xmlns=\"http:\/\/www.w3.org\/2000\/svg\"><path d=\"M3.91016 7.70012C5.53516 10.2398 7.92188 12.165 11.0703 13.4758L13.457 11.5506C13.7956 11.2775 14.168 11.2092 14.5742 11.3458C15.793 11.6735 17.0794 11.8373 18.4336 11.8373C18.7383 11.8373 18.9922 11.9192 19.1953 12.0831C19.3984 12.2469 19.5 12.4517 19.5 12.6975V15.7697C19.5 16.0154 19.3984 16.2203 19.1953 16.3841C18.9922 16.548 18.7383 16.6299 18.4336 16.6299C13.3555 16.6299 9.01367 15.1757 5.4082 12.2674C1.80273 9.35909 0 5.85682 0 1.7606C0 1.51482 0.101562 1.31001 0.304688 1.14616C0.507812 0.982315 0.761719 0.900391 1.06641 0.900391H4.875C5.17969 0.900391 5.43359 0.982315 5.63672 1.14616C5.83984 1.31001 5.94141 1.51482 5.94141 1.7606C5.94141 2.85292 6.14453 3.89063 6.55078 4.87373C6.6862 5.22873 6.60156 5.52912 6.29688 5.77489L3.91016 7.70012Z\" fill=\"#F76D00\"\/><\/svg><\/div><a href=\"tel:+33556094598\">05 56 09 45 98<\/a><\/span><\/div><div class=\"coord-col\"><p class=\"h4\">Fechas de apertura<\/p><span class=\"coord-line\"><div class=\"icon\"><svg width=\"22\" height=\"22\" viewBox=\"0 0 19 19\" fill=\"none\" xmlns=\"http:\/\/www.w3.org\/2000\/svg\"><path d=\"M9.95117 5.11133V9.70508L13.8887 12.043L13.2324 13.1504L8.63867 10.3613V5.11133H9.95117ZM9.5 16.5137C11.4141 16.5137 13.0615 15.8232 14.4424 14.4424C15.8232 13.0615 16.5137 11.4141 16.5137 9.5C16.5137 7.58594 15.8232 5.93848 14.4424 4.55762C13.0615 3.17676 11.4141 2.48633 9.5 2.48633C7.58594 2.48633 5.93848 3.17676 4.55762 4.55762C3.17676 5.93848 2.48633 7.58594 2.48633 9.5C2.48633 11.4141 3.17676 13.0615 4.55762 14.4424C5.93848 15.8232 7.58594 16.5137 9.5 16.5137ZM9.5 0.763672C11.9062 0.763672 13.9639 1.61816 15.6729 3.32715C17.3818 5.03613 18.2363 7.09375 18.2363 9.5C18.2363 11.9062 17.3818 13.9639 15.6729 15.6729C13.9639 17.3818 11.9062 18.2363 9.5 18.2363C7.09375 18.2363 5.03613 17.3818 3.32715 15.6729C1.61816 13.9639 0.763672 11.9062 0.763672 9.5C0.763672 7.09375 1.61816 5.03613 3.32715 3.32715C5.03613 1.61816 7.09375 0.763672 9.5 0.763672Z\" fill=\"#F76D00\"\/><\/svg><\/div><div class=\"ouverture\">Del 3 de abril de 2026 al 2 de noviembre de 2026<\/div>\n<\/span><\/div><iframe src=\"https:\/\/www.google.com\/maps\/embed?pb=!1m18!1m12!1m3!1d20552.63819650823!2d-1.0652863064242184!3d45.39721056183247!2m3!1f0!2f0!3f0!3m2!1i1024!2i768!4f13.1!3m3!1m2!1s0x480191b7122e6d5d%3A0x4344b1725ae858ee!2sCamping%20*2A*2A%20du%20vieux%20moulin!5e0!3m2!1sfr!2sfr!4v1655574763968!5m2!1sfr!2sfr\" width=\"100%\" height=\"380\" style=\"border:0;\" allowfullscreen=\"\" loading=\"lazy\" referrerpolicy=\"no-referrer-when-downgrade\"><\/iframe><\/div><\/div>","protected":false},"excerpt":{"rendered":"","protected":false},"author":2,"featured_media":7394,"parent":0,"menu_order":0,"comment_status":"closed","ping_status":"closed","template":"","meta":{"_acf_changed":false,"footnotes":""},"class_list":["post-6205","page","type-page","status-publish","has-post-thumbnail","hentry"],"acf":[],"yoast_head":"<!-- This site is optimized with the Yoast SEO plugin v27.4 - https:\/\/yoast.com\/product\/yoast-seo-wordpress\/ -->\n<title>Comprar una casa m\u00f3vil Montalivet | \u00a1Nuestras casas m\u00f3viles disponibles!<\/title>\n<meta name=\"description\" content=\"Convi\u00e9rtase en propietario de una casa m\u00f3vil en un camping de 3 estrellas cerca de Vendays-Montalivet, en el M\u00e9doc.\" \/>\n<meta name=\"robots\" content=\"index, follow, max-snippet:-1, max-image-preview:large, max-video-preview:-1\" \/>\n<link rel=\"canonical\" href=\"https:\/\/www.campingduvieuxmoulin.fr\/es\/comprar-casa-movil-montalivet\/\" \/>\n<meta property=\"og:locale\" content=\"es_ES\" \/>\n<meta property=\"og:type\" content=\"article\" \/>\n<meta property=\"og:title\" content=\"Comprar una casa m\u00f3vil Montalivet | \u00a1Nuestras casas m\u00f3viles disponibles!\" \/>\n<meta property=\"og:description\" content=\"Convi\u00e9rtase en propietario de una casa m\u00f3vil en un camping de 3 estrellas cerca de Vendays-Montalivet, en el M\u00e9doc.\" \/>\n<meta property=\"og:url\" content=\"https:\/\/www.campingduvieuxmoulin.fr\/es\/comprar-casa-movil-montalivet\/\" \/>\n<meta property=\"og:site_name\" content=\"Camping du Vieux Moulin\" \/>\n<meta property=\"article:modified_time\" content=\"2024-07-02T13:29:37+00:00\" \/>\n<meta property=\"og:image\" content=\"https:\/\/www.campingduvieuxmoulin.fr\/wp-content\/uploads\/2021\/07\/montalivet.jpg\" \/>\n\t<meta property=\"og:image:width\" content=\"1200\" \/>\n\t<meta property=\"og:image:height\" content=\"700\" \/>\n\t<meta property=\"og:image:type\" content=\"image\/jpeg\" \/>\n<meta name=\"twitter:card\" content=\"summary_large_image\" \/>\n<script type=\"application\/ld+json\" class=\"yoast-schema-graph\">{\"@context\":\"https:\\\/\\\/schema.org\",\"@graph\":[{\"@type\":\"WebPage\",\"@id\":\"https:\\\/\\\/www.campingduvieuxmoulin.fr\\\/es\\\/comprar-casa-movil-montalivet\\\/\",\"url\":\"https:\\\/\\\/www.campingduvieuxmoulin.fr\\\/es\\\/comprar-casa-movil-montalivet\\\/\",\"name\":\"Comprar una casa m\u00f3vil Montalivet | \u00a1Nuestras casas m\u00f3viles disponibles!\",\"isPartOf\":{\"@id\":\"https:\\\/\\\/www.campingduvieuxmoulin.fr\\\/es\\\/#website\"},\"primaryImageOfPage\":{\"@id\":\"https:\\\/\\\/www.campingduvieuxmoulin.fr\\\/es\\\/comprar-casa-movil-montalivet\\\/#primaryimage\"},\"image\":{\"@id\":\"https:\\\/\\\/www.campingduvieuxmoulin.fr\\\/es\\\/comprar-casa-movil-montalivet\\\/#primaryimage\"},\"thumbnailUrl\":\"https:\\\/\\\/www.campingduvieuxmoulin.fr\\\/wp-content\\\/uploads\\\/2025\\\/07\\\/20210503_172307.jpg\",\"datePublished\":\"2021-07-21T14:21:44+00:00\",\"dateModified\":\"2024-07-02T13:29:37+00:00\",\"description\":\"Convi\u00e9rtase en propietario de una casa m\u00f3vil en un camping de 3 estrellas cerca de Vendays-Montalivet, en el M\u00e9doc.\",\"breadcrumb\":{\"@id\":\"https:\\\/\\\/www.campingduvieuxmoulin.fr\\\/es\\\/comprar-casa-movil-montalivet\\\/#breadcrumb\"},\"inLanguage\":\"es\",\"potentialAction\":[{\"@type\":\"ReadAction\",\"target\":[\"https:\\\/\\\/www.campingduvieuxmoulin.fr\\\/es\\\/comprar-casa-movil-montalivet\\\/\"]}]},{\"@type\":\"ImageObject\",\"inLanguage\":\"es\",\"@id\":\"https:\\\/\\\/www.campingduvieuxmoulin.fr\\\/es\\\/comprar-casa-movil-montalivet\\\/#primaryimage\",\"url\":\"https:\\\/\\\/www.campingduvieuxmoulin.fr\\\/wp-content\\\/uploads\\\/2025\\\/07\\\/20210503_172307.jpg\",\"contentUrl\":\"https:\\\/\\\/www.campingduvieuxmoulin.fr\\\/wp-content\\\/uploads\\\/2025\\\/07\\\/20210503_172307.jpg\",\"width\":2048,\"height\":1536},{\"@type\":\"BreadcrumbList\",\"@id\":\"https:\\\/\\\/www.campingduvieuxmoulin.fr\\\/es\\\/comprar-casa-movil-montalivet\\\/#breadcrumb\",\"itemListElement\":[{\"@type\":\"ListItem\",\"position\":1,\"name\":\"Camping Gironde\",\"item\":\"https:\\\/\\\/www.campingduvieuxmoulin.fr\\\/es\\\/\"},{\"@type\":\"ListItem\",\"position\":2,\"name\":\"Comprar una casa m\u00f3vil cerca de Montalivet\"}]},{\"@type\":\"WebSite\",\"@id\":\"https:\\\/\\\/www.campingduvieuxmoulin.fr\\\/es\\\/#website\",\"url\":\"https:\\\/\\\/www.campingduvieuxmoulin.fr\\\/es\\\/\",\"name\":\"Camping du Vieux Moulin\",\"description\":\"\",\"potentialAction\":[{\"@type\":\"SearchAction\",\"target\":{\"@type\":\"EntryPoint\",\"urlTemplate\":\"https:\\\/\\\/www.campingduvieuxmoulin.fr\\\/es\\\/?s={search_term_string}\"},\"query-input\":{\"@type\":\"PropertyValueSpecification\",\"valueRequired\":true,\"valueName\":\"search_term_string\"}}],\"inLanguage\":\"es\"}]}<\/script>\n<!-- \/ Yoast SEO plugin. -->","yoast_head_json":{"title":"Comprar una casa m\u00f3vil Montalivet | \u00a1Nuestras casas m\u00f3viles disponibles!","description":"Convi\u00e9rtase en propietario de una casa m\u00f3vil en un camping de 3 estrellas cerca de Vendays-Montalivet, en el M\u00e9doc.","robots":{"index":"index","follow":"follow","max-snippet":"max-snippet:-1","max-image-preview":"max-image-preview:large","max-video-preview":"max-video-preview:-1"},"canonical":"https:\/\/www.campingduvieuxmoulin.fr\/es\/comprar-casa-movil-montalivet\/","og_locale":"es_ES","og_type":"article","og_title":"Comprar una casa m\u00f3vil Montalivet | \u00a1Nuestras casas m\u00f3viles disponibles!","og_description":"Convi\u00e9rtase en propietario de una casa m\u00f3vil en un camping de 3 estrellas cerca de Vendays-Montalivet, en el M\u00e9doc.","og_url":"https:\/\/www.campingduvieuxmoulin.fr\/es\/comprar-casa-movil-montalivet\/","og_site_name":"Camping du Vieux Moulin","article_modified_time":"2024-07-02T13:29:37+00:00","og_image":[{"width":1200,"height":700,"url":"https:\/\/www.campingduvieuxmoulin.fr\/wp-content\/uploads\/2021\/07\/montalivet.jpg","type":"image\/jpeg"}],"twitter_card":"summary_large_image","schema":{"@context":"https:\/\/schema.org","@graph":[{"@type":"WebPage","@id":"https:\/\/www.campingduvieuxmoulin.fr\/es\/comprar-casa-movil-montalivet\/","url":"https:\/\/www.campingduvieuxmoulin.fr\/es\/comprar-casa-movil-montalivet\/","name":"Comprar una casa m\u00f3vil Montalivet | \u00a1Nuestras casas m\u00f3viles disponibles!","isPartOf":{"@id":"https:\/\/www.campingduvieuxmoulin.fr\/es\/#website"},"primaryImageOfPage":{"@id":"https:\/\/www.campingduvieuxmoulin.fr\/es\/comprar-casa-movil-montalivet\/#primaryimage"},"image":{"@id":"https:\/\/www.campingduvieuxmoulin.fr\/es\/comprar-casa-movil-montalivet\/#primaryimage"},"thumbnailUrl":"https:\/\/www.campingduvieuxmoulin.fr\/wp-content\/uploads\/2025\/07\/20210503_172307.jpg","datePublished":"2021-07-21T14:21:44+00:00","dateModified":"2024-07-02T13:29:37+00:00","description":"Convi\u00e9rtase en propietario de una casa m\u00f3vil en un camping de 3 estrellas cerca de Vendays-Montalivet, en el M\u00e9doc.","breadcrumb":{"@id":"https:\/\/www.campingduvieuxmoulin.fr\/es\/comprar-casa-movil-montalivet\/#breadcrumb"},"inLanguage":"es","potentialAction":[{"@type":"ReadAction","target":["https:\/\/www.campingduvieuxmoulin.fr\/es\/comprar-casa-movil-montalivet\/"]}]},{"@type":"ImageObject","inLanguage":"es","@id":"https:\/\/www.campingduvieuxmoulin.fr\/es\/comprar-casa-movil-montalivet\/#primaryimage","url":"https:\/\/www.campingduvieuxmoulin.fr\/wp-content\/uploads\/2025\/07\/20210503_172307.jpg","contentUrl":"https:\/\/www.campingduvieuxmoulin.fr\/wp-content\/uploads\/2025\/07\/20210503_172307.jpg","width":2048,"height":1536},{"@type":"BreadcrumbList","@id":"https:\/\/www.campingduvieuxmoulin.fr\/es\/comprar-casa-movil-montalivet\/#breadcrumb","itemListElement":[{"@type":"ListItem","position":1,"name":"Camping Gironde","item":"https:\/\/www.campingduvieuxmoulin.fr\/es\/"},{"@type":"ListItem","position":2,"name":"Comprar una casa m\u00f3vil cerca de Montalivet"}]},{"@type":"WebSite","@id":"https:\/\/www.campingduvieuxmoulin.fr\/es\/#website","url":"https:\/\/www.campingduvieuxmoulin.fr\/es\/","name":"Camping du Vieux Moulin","description":"","potentialAction":[{"@type":"SearchAction","target":{"@type":"EntryPoint","urlTemplate":"https:\/\/www.campingduvieuxmoulin.fr\/es\/?s={search_term_string}"},"query-input":{"@type":"PropertyValueSpecification","valueRequired":true,"valueName":"search_term_string"}}],"inLanguage":"es"}]}},"_links":{"self":[{"href":"https:\/\/www.campingduvieuxmoulin.fr\/es\/wp-json\/wp\/v2\/pages\/6205","targetHints":{"allow":["GET"]}}],"collection":[{"href":"https:\/\/www.campingduvieuxmoulin.fr\/es\/wp-json\/wp\/v2\/pages"}],"about":[{"href":"https:\/\/www.campingduvieuxmoulin.fr\/es\/wp-json\/wp\/v2\/types\/page"}],"author":[{"embeddable":true,"href":"https:\/\/www.campingduvieuxmoulin.fr\/es\/wp-json\/wp\/v2\/users\/2"}],"replies":[{"embeddable":true,"href":"https:\/\/www.campingduvieuxmoulin.fr\/es\/wp-json\/wp\/v2\/comments?post=6205"}],"version-history":[{"count":4,"href":"https:\/\/www.campingduvieuxmoulin.fr\/es\/wp-json\/wp\/v2\/pages\/6205\/revisions"}],"predecessor-version":[{"id":6444,"href":"https:\/\/www.campingduvieuxmoulin.fr\/es\/wp-json\/wp\/v2\/pages\/6205\/revisions\/6444"}],"wp:featuredmedia":[{"embeddable":true,"href":"https:\/\/www.campingduvieuxmoulin.fr\/es\/wp-json\/wp\/v2\/media\/7394"}],"wp:attachment":[{"href":"https:\/\/www.campingduvieuxmoulin.fr\/es\/wp-json\/wp\/v2\/media?parent=6205"}],"curies":[{"name":"wp","href":"https:\/\/api.w.org\/{rel}","templated":true}]}}