{"id":6243,"date":"2021-04-15T17:10:30","date_gmt":"2021-04-15T15:10:30","guid":{"rendered":"https:\/\/www.campingduvieuxmoulin.fr\/a-voir\/"},"modified":"2024-06-13T15:20:05","modified_gmt":"2024-06-13T13:20:05","slug":"a-ver","status":"publish","type":"page","link":"https:\/\/www.campingduvieuxmoulin.fr\/es\/a-ver\/","title":{"rendered":"A ver &#8211; hacer"},"content":{"rendered":"<div class=\"bloc-texte full\"><div class=\"texte center\"><p>Un entorno preservado en el coraz\u00f3n de un parque natural regional protegido, un pa\u00eds entre tierra y oc\u00e9ano conocido por sus impresionantes paisajes y sus playas hasta donde alcanza la vista, sus dunas salvajes, sus inmensos pinares atravesados \u200b\u200bpor carriles bici y rutas de senderismo. , sus lagos que parecen mares interiores&#8230; El M\u00e9doc desprende un aroma de autenticidad apreciado tanto por los deportistas como por los amantes de la naturaleza y los gastr\u00f3nomos.<\/p>\n<\/div><\/div>\n\n<div class=\"text-image-new style1 image-left\"><div class=\"text-image-new-colonne\"><H2 class=\"text-image-new-titre\">Visita el pueblo de Vensac<\/H2><div class=\"text-image-new-content\"><p>El pueblo de Vensac se encuentra a unos cientos de metros de nuestro camping en Gironda. Hay un minimercado donde podr\u00e1s conseguir todos los art\u00edculos de primera necesidad y la oficina de correos para asegurar tus conexiones de vacaciones, pero tambi\u00e9n:<\/p>\n<ul>\n<li>un veterinario,<\/li>\n<li>1 restaurante,<\/li>\n<li>1 consultorio de tratamiento y est\u00e9tica,<\/li>\n<li>1 tocador,<\/li>\n<li>1 fisioterapeuta.<\/li>\n<\/ul>\n<p>Este pueblo tambi\u00e9n es conocido por su molino de viento.<\/p>\n<\/div><\/div><div class=\"text-image-new-colonne\"><img decoding=\"async\" src=\"https:\/\/www.campingduvieuxmoulin.fr\/wp-content\/uploads\/2021\/04\/vensac.jpg\" alt=\"pueblo de vensac\" class=\"text-image-new-thumb\" \/><\/div><\/div>\n\n<div class=\"text-image-new style1 image-right background-marron\"><div class=\"text-image-new-colonne\"><H2 class=\"text-image-new-titre\">Ir al mercado de los sabores (julio\/agosto) en Vensac<\/H2><div class=\"text-image-new-content\"><p>El March\u00e9 aux Saveurs est\u00e1 abierto durante la temporada de verano, en julio y agosto (mercado nocturno todos los jueves por la noche). \u00a1Haga sus compras y deguste in situ en un ambiente agradable y musical!<\/p>\n<p>\u00a1Por \u00faltimo, los Mounaques de Vensac har\u00e1n las delicias de grandes y peque\u00f1os este verano!<\/p>\n<\/div><\/div><div class=\"text-image-new-colonne\"><img decoding=\"async\" src=\"https:\/\/www.campingduvieuxmoulin.fr\/wp-content\/uploads\/2021\/04\/marche-des-saveurs-soulac-medoc-atlantique-1600x900-1.jpg\" alt=\"\" class=\"text-image-new-thumb\" \/><\/div><\/div>\n\n<div class=\"text-image-new style1 image-left\"><div class=\"text-image-new-colonne\"><H2 class=\"text-image-new-titre\">Escalada de \u00e1rboles en \u201cLa For\u00eat de L\u2019Aventure de Montalivet\u201d<\/H2><div class=\"text-image-new-content\"><p>Est\u00e1 situado a la entrada del pueblo de Montalivet, a 10 km del camping. Una actividad ideal al aire libre. Descubre el bosque cruzando puentes de monos, escaleras de cuerda, redes, tirolinas\u2026<br \/>\nPero tambi\u00e9n disfruta de otros juegos: carreras de karts, lucha de sumo, mini golf, tiro con arco, b\u00fasqueda del tesoro&#8230;<br \/>\nUn parque de aventuras situado en el pinar del M\u00e9doc.<br \/>\nTel\u00e9fono: 05 56 09 07 88<br \/>\nSitio web: www.laforet-aventure.com<\/p>\n<\/div><\/div><div class=\"text-image-new-colonne\"><img decoding=\"async\" src=\"https:\/\/www.campingduvieuxmoulin.fr\/wp-content\/uploads\/2023\/01\/A-VOIR-A-FAIRE-5-1-scaled.jpg\" alt=\"\" class=\"text-image-new-thumb\" \/><\/div><\/div>\n\n<div class=\"text-image-new style1 image-right background-marron\"><div class=\"text-image-new-colonne\"><H2 class=\"text-image-new-titre\">Paseo por el estuario de la Gironda<\/H2><div class=\"text-image-new-content\"><p>\u00a1El estuario de la Gironda es el m\u00e1s grande de Europa!<\/p>\n<p>Aprovecha este lugar tranquilo y pac\u00edfico para tomar un soplo de aire fresco junto al Oc\u00e9ano Atl\u00e1ntico.Faros, plazas coloridas, mercados y patrimonio gastron\u00f3mico, con ostras y gambas del M\u00e9doc o incluso tabernas, peque\u00f1os puertos pesqueros y marismas, no esperes m\u00e1s para hacer un viaje all\u00ed.<\/p>\n<\/div><a class=\"bouton\" href=\"https:\/\/www.medoc-atlantique.com\/activites\/randos-et-balades\/balade-sur-lestuaire\/\" target=\"_blank\" rel=\"noopener\">Descubro lo esencial de la r\u00eda<\/a><\/div><div class=\"text-image-new-colonne\"><img decoding=\"async\" src=\"https:\/\/www.campingduvieuxmoulin.fr\/wp-content\/uploads\/2023\/01\/A-VOIR-A-FAIRE-2-scaled.jpg\" alt=\"\" class=\"text-image-new-thumb\" \/><\/div><\/div>\n\n<div class=\"text-image-new style1 image-left\"><div class=\"text-image-new-colonne\"><H2 class=\"text-image-new-titre\">Carril bici alrededor del camping<\/H2><div class=\"text-image-new-content\"><p>600 km de carriles bici exclusivos, 435 km de carriles bici y carriles urbanos, 2.000 km de senderos se\u00f1alizados, la mayor\u00eda abiertos a los ciclistas de monta\u00f1a&#8230; La Gironda es uno de los principales destinos ciclistas de Francia.<br \/>\nLa red de carriles bici crece cada a\u00f1o en Gironda.<\/p>\n<p>Hoy en d\u00eda, cerca de 600 km de senderos (incluidos 300 km de senderos departamentales) conducen a los caminantes hasta la costa, en el \u00e1rea metropolitana de Burdeos, a trav\u00e9s de vi\u00f1edos o espacios naturales. Construidos principalmente en su propio sitio, garantizan una seguridad total.<\/p>\n<\/div><p class=\"lire-plus\">Leer m\u00e1s<\/p><div class=\"text-image-new-content-more hide\"><p>Entre el r\u00edo y la costa atl\u00e1ntica, aqu\u00ed no bromeamos con las cosas buenas: una gastronom\u00eda con m\u00faltiples refinamientos basada en productos locales, denominaciones de origen de vino de renombre internacional, un patrimonio arquitect\u00f3nico de calidad, un litoral bordeado de largas playas de arena y bosques.<\/p>\n<p>Esta es, sin duda, la raz\u00f3n por la que Gironda se encuentra entre los principales destinos ciclistas de Francia, con 500 km de senderos sin coches y casi la misma cantidad de desarrollos en zonas urbanas. El litoral est\u00e1 ahora completamente cubierto de carriles bici desde Pointe de Grave hasta Arcachon, parte integrante de la Eurov\u00e9loroute 1. Hermosas sorpresas para descubrir tambi\u00e9n en el interior.<br \/>\nPuedes consultar los mapas de los carriles bici de la Gironda en el sitio web del Comit\u00e9 Departamental de Turismo.<\/p>\n<\/div><p class=\"lire-moins hide\">Leer menos<\/p><\/div><div class=\"text-image-new-colonne\"><img decoding=\"async\" src=\"https:\/\/www.campingduvieuxmoulin.fr\/wp-content\/uploads\/2023\/01\/A-VOIR-A-FAIRE-8-1-scaled.jpg\" alt=\"\" class=\"text-image-new-thumb\" \/><\/div><\/div>\n\n<div class=\"text-image-new style1 image-right background-marron\"><div class=\"text-image-new-colonne\"><H2 class=\"text-image-new-titre\">Montar a caballo en el M\u00e9doc<\/H2><div class=\"text-image-new-content\"><p>Entre el estuario de la Gironda y el oc\u00e9ano Atl\u00e1ntico, venga a descubrir la punta del M\u00e9doc, su historia, sus curiosidades, su fauna y su flora en m\u00faltiples colores dignos de la peque\u00f1a Camarga de Burdeos.<\/p>\n<p>Tierra de contrastes, el M\u00e9doc es fascinante, ofrece un cambio total de escenario; al este nos movemos entre diques y p\u00f3lderes, barriles de pato y redes de pesca, las llamadas marismas \u201cmate\u201d, tierras cultivadas cuyo nivel es inferior al del mar. Al oeste, su vertiente oce\u00e1nica que nos ofrece m\u00e1s de 40 km. De playas transitables, estos cuidados vi\u00f1edos que bordean el r\u00edo hacen del M\u00e9doc este diamante mundialmente conocido por sus grandes vinos.<\/p>\n<p>Haras de Saint-Vivien<br \/>\n12 carretera del puerto<br \/>\n33590 Saint-Vivien de M\u00e9doc<br \/>\nTel\u00e9fono: 05 57 75 08 15 M\u00f3vil: 06 16 57 07 90<\/p>\n<\/div><\/div><div class=\"text-image-new-colonne\"><img decoding=\"async\" src=\"https:\/\/www.campingduvieuxmoulin.fr\/wp-content\/uploads\/2023\/01\/A-VOIR-A-FAIRE-4-scaled.jpg\" alt=\"\" class=\"text-image-new-thumb\" \/><\/div><\/div>\n\n<div class=\"text-image-new style1 image-left\"><div class=\"text-image-new-colonne\"><H2 class=\"text-image-new-titre\">Surf, esqu\u00ed acu\u00e1tico, kitesurf: pruebe las actividades acu\u00e1ticas en Gironda<\/H2><div class=\"text-image-new-content\"><p>Escuela de deslizamiento y aventura: clases de kitesurf, wakeboard (esqu\u00ed acu\u00e1tico), foiling, kitesurf, windsurf, catamar\u00e1n, surf&#8230; para todos los niveles. Cursos junior de kitesurf y wakeboard. Alquiler y paseos en canoa hawaiana, tabla de paddle surf.<\/p>\n<p>Centro de Kite y Wake Evolution 2 Lacanau<br \/>\n41 Avenue du Docteur Arnou Laujeac<br \/>\n33680 LACANAU<br \/>\nSemejante. : +33 6 08 34 59 07<\/p>\n<\/div><\/div><div class=\"text-image-new-colonne\"><img decoding=\"async\" src=\"https:\/\/www.campingduvieuxmoulin.fr\/wp-content\/uploads\/2023\/01\/A-VOIR-A-FAIRE-7-2-scaled.jpg\" alt=\"\" class=\"text-image-new-thumb\" \/><\/div><\/div>\n\n<div class=\"text-image-new style1 image-right background-marron\"><div class=\"text-image-new-colonne\"><H2 class=\"text-image-new-titre\">Practica paseos en carro vela y navegaci\u00f3n r\u00e1pida en las playas de Gironda<\/H2><div class=\"text-image-new-content\"><p>En las inmensas playas de Aquitania, este club le invita a descubrir la pr\u00e1ctica del carrovelismo y de la vela r\u00e1pida.Un deporte al aire libre y de conducci\u00f3n, accesible a todos, el carrovelismo agudizar\u00e1 sus reflejos y activar\u00e1 todos sus sentidos.<\/p>\n<p>Cabo Montalivet<br \/>\nCalle de Soulac \u2013 Explanada Norte<br \/>\n33930 VENDAYS-MONTALIVET<br \/>\nTel\u00e9fono: 06 45 72 04 02<\/p>\n<\/div><\/div><div class=\"text-image-new-colonne\"><img decoding=\"async\" src=\"https:\/\/www.campingduvieuxmoulin.fr\/wp-content\/uploads\/2023\/01\/A-VOIR-A-FAIRE-6-scaled.jpg\" alt=\"\" class=\"text-image-new-thumb\" \/><\/div><\/div>\n\n<div class=\"liste-de-page-home\"><h2 class=\"liste-de-page-home-titre\">Descubre otras actividades para hacer en Gironda<\/h2><ul class=\"liste-de-page-articles\"><li><a href=\"https:\/\/www.campingduvieuxmoulin.fr\/es\/noticias\/playas-medoc\/\"><div class=\"cta-img\"><img decoding=\"async\" src=\"https:\/\/www.campingduvieuxmoulin.fr\/wp-content\/uploads\/2023\/09\/plages-medoc.jpg\" alt=\"\"><\/div><div class=\"cta-titre\">Playas del M\u00e9doc: descubra las m\u00e1s bellas extensiones de arena fina para unas vacaciones inolvidables<\/div><\/a><\/li><li><a href=\"https:\/\/www.campingduvieuxmoulin.fr\/es\/noticias\/fuerte-medoc\/\"><div class=\"cta-img\"><img decoding=\"async\" src=\"https:\/\/www.campingduvieuxmoulin.fr\/wp-content\/uploads\/2023\/09\/fort-medoc.jpg\" alt=\"\"><\/div><div class=\"cta-titre\">Fort M\u00e9doc, un sitio patrimonial para visitar durante una estancia en Gironda<\/div><\/a><\/li><li><a href=\"https:\/\/www.campingduvieuxmoulin.fr\/es\/noticias\/ostras-medoc\/\"><div class=\"cta-img\"><img decoding=\"async\" src=\"https:\/\/www.campingduvieuxmoulin.fr\/wp-content\/uploads\/2023\/09\/huitres-medoc.jpg\" alt=\"\"><\/div><div class=\"cta-titre\">Descubriendo las ostras del M\u00e9doc<\/div><\/a><\/li><li><a href=\"https:\/\/www.campingduvieuxmoulin.fr\/es\/noticias\/carril-bici-soulac-sur-mer\/\"><div class=\"cta-img\"><img decoding=\"async\" src=\"https:\/\/www.campingduvieuxmoulin.fr\/wp-content\/uploads\/2023\/09\/piste-cyclable-soulac-sur-mer.jpg\" alt=\"\"><\/div><div class=\"cta-titre\">Soulac-sur-Mer en bicicleta: senderos para descubrir<\/div><\/a><\/li><\/ul><\/div>","protected":false},"excerpt":{"rendered":"","protected":false},"author":1,"featured_media":4596,"parent":0,"menu_order":0,"comment_status":"closed","ping_status":"closed","template":"","meta":{"_acf_changed":false,"footnotes":""},"class_list":["post-6243","page","type-page","status-publish","has-post-thumbnail","hentry"],"acf":[],"yoast_head":"<!-- This site is optimized with the Yoast SEO plugin v27.4 - https:\/\/yoast.com\/product\/yoast-seo-wordpress\/ -->\n<title>\u00bfQu\u00e9 ver y hacer durante unas vacaciones en camping en Gironda?<\/title>\n<meta name=\"robots\" content=\"index, follow, max-snippet:-1, max-image-preview:large, max-video-preview:-1\" \/>\n<link rel=\"canonical\" href=\"https:\/\/www.campingduvieuxmoulin.fr\/es\/a-ver\/\" \/>\n<meta property=\"og:locale\" content=\"es_ES\" \/>\n<meta property=\"og:type\" content=\"article\" \/>\n<meta property=\"og:title\" content=\"\u00bfQu\u00e9 ver y hacer durante unas vacaciones en camping en Gironda?\" \/>\n<meta property=\"og:url\" content=\"https:\/\/www.campingduvieuxmoulin.fr\/es\/a-ver\/\" \/>\n<meta property=\"og:site_name\" content=\"Camping du Vieux Moulin\" \/>\n<meta property=\"article:modified_time\" content=\"2024-06-13T13:20:05+00:00\" \/>\n<meta property=\"og:image\" content=\"https:\/\/www.campingduvieuxmoulin.fr\/wp-content\/uploads\/2023\/01\/RESERVER-MON-MH-3-scaled.jpg\" \/>\n\t<meta property=\"og:image:width\" content=\"2560\" \/>\n\t<meta property=\"og:image:height\" content=\"1297\" \/>\n\t<meta property=\"og:image:type\" content=\"image\/jpeg\" \/>\n<meta name=\"twitter:card\" content=\"summary_large_image\" \/>\n<script type=\"application\/ld+json\" class=\"yoast-schema-graph\">{\"@context\":\"https:\\\/\\\/schema.org\",\"@graph\":[{\"@type\":\"WebPage\",\"@id\":\"https:\\\/\\\/www.campingduvieuxmoulin.fr\\\/es\\\/a-ver\\\/\",\"url\":\"https:\\\/\\\/www.campingduvieuxmoulin.fr\\\/es\\\/a-ver\\\/\",\"name\":\"\u00bfQu\u00e9 ver y hacer durante unas vacaciones en camping en Gironda?\",\"isPartOf\":{\"@id\":\"https:\\\/\\\/www.campingduvieuxmoulin.fr\\\/es\\\/#website\"},\"primaryImageOfPage\":{\"@id\":\"https:\\\/\\\/www.campingduvieuxmoulin.fr\\\/es\\\/a-ver\\\/#primaryimage\"},\"image\":{\"@id\":\"https:\\\/\\\/www.campingduvieuxmoulin.fr\\\/es\\\/a-ver\\\/#primaryimage\"},\"thumbnailUrl\":\"https:\\\/\\\/www.campingduvieuxmoulin.fr\\\/wp-content\\\/uploads\\\/2023\\\/01\\\/RESERVER-MON-MH-3-scaled.jpg\",\"datePublished\":\"2021-04-15T15:10:30+00:00\",\"dateModified\":\"2024-06-13T13:20:05+00:00\",\"breadcrumb\":{\"@id\":\"https:\\\/\\\/www.campingduvieuxmoulin.fr\\\/es\\\/a-ver\\\/#breadcrumb\"},\"inLanguage\":\"es\",\"potentialAction\":[{\"@type\":\"ReadAction\",\"target\":[\"https:\\\/\\\/www.campingduvieuxmoulin.fr\\\/es\\\/a-ver\\\/\"]}]},{\"@type\":\"ImageObject\",\"inLanguage\":\"es\",\"@id\":\"https:\\\/\\\/www.campingduvieuxmoulin.fr\\\/es\\\/a-ver\\\/#primaryimage\",\"url\":\"https:\\\/\\\/www.campingduvieuxmoulin.fr\\\/wp-content\\\/uploads\\\/2023\\\/01\\\/RESERVER-MON-MH-3-scaled.jpg\",\"contentUrl\":\"https:\\\/\\\/www.campingduvieuxmoulin.fr\\\/wp-content\\\/uploads\\\/2023\\\/01\\\/RESERVER-MON-MH-3-scaled.jpg\",\"width\":2560,\"height\":1297},{\"@type\":\"BreadcrumbList\",\"@id\":\"https:\\\/\\\/www.campingduvieuxmoulin.fr\\\/es\\\/a-ver\\\/#breadcrumb\",\"itemListElement\":[{\"@type\":\"ListItem\",\"position\":1,\"name\":\"Camping Gironde\",\"item\":\"https:\\\/\\\/www.campingduvieuxmoulin.fr\\\/es\\\/\"},{\"@type\":\"ListItem\",\"position\":2,\"name\":\"Turismo en Gironda\"}]},{\"@type\":\"WebSite\",\"@id\":\"https:\\\/\\\/www.campingduvieuxmoulin.fr\\\/es\\\/#website\",\"url\":\"https:\\\/\\\/www.campingduvieuxmoulin.fr\\\/es\\\/\",\"name\":\"Camping du Vieux Moulin\",\"description\":\"\",\"potentialAction\":[{\"@type\":\"SearchAction\",\"target\":{\"@type\":\"EntryPoint\",\"urlTemplate\":\"https:\\\/\\\/www.campingduvieuxmoulin.fr\\\/es\\\/?s={search_term_string}\"},\"query-input\":{\"@type\":\"PropertyValueSpecification\",\"valueRequired\":true,\"valueName\":\"search_term_string\"}}],\"inLanguage\":\"es\"}]}<\/script>\n<!-- \/ Yoast SEO plugin. -->","yoast_head_json":{"title":"\u00bfQu\u00e9 ver y hacer durante unas vacaciones en camping en Gironda?","robots":{"index":"index","follow":"follow","max-snippet":"max-snippet:-1","max-image-preview":"max-image-preview:large","max-video-preview":"max-video-preview:-1"},"canonical":"https:\/\/www.campingduvieuxmoulin.fr\/es\/a-ver\/","og_locale":"es_ES","og_type":"article","og_title":"\u00bfQu\u00e9 ver y hacer durante unas vacaciones en camping en Gironda?","og_url":"https:\/\/www.campingduvieuxmoulin.fr\/es\/a-ver\/","og_site_name":"Camping du Vieux Moulin","article_modified_time":"2024-06-13T13:20:05+00:00","og_image":[{"width":2560,"height":1297,"url":"https:\/\/www.campingduvieuxmoulin.fr\/wp-content\/uploads\/2023\/01\/RESERVER-MON-MH-3-scaled.jpg","type":"image\/jpeg"}],"twitter_card":"summary_large_image","schema":{"@context":"https:\/\/schema.org","@graph":[{"@type":"WebPage","@id":"https:\/\/www.campingduvieuxmoulin.fr\/es\/a-ver\/","url":"https:\/\/www.campingduvieuxmoulin.fr\/es\/a-ver\/","name":"\u00bfQu\u00e9 ver y hacer durante unas vacaciones en camping en Gironda?","isPartOf":{"@id":"https:\/\/www.campingduvieuxmoulin.fr\/es\/#website"},"primaryImageOfPage":{"@id":"https:\/\/www.campingduvieuxmoulin.fr\/es\/a-ver\/#primaryimage"},"image":{"@id":"https:\/\/www.campingduvieuxmoulin.fr\/es\/a-ver\/#primaryimage"},"thumbnailUrl":"https:\/\/www.campingduvieuxmoulin.fr\/wp-content\/uploads\/2023\/01\/RESERVER-MON-MH-3-scaled.jpg","datePublished":"2021-04-15T15:10:30+00:00","dateModified":"2024-06-13T13:20:05+00:00","breadcrumb":{"@id":"https:\/\/www.campingduvieuxmoulin.fr\/es\/a-ver\/#breadcrumb"},"inLanguage":"es","potentialAction":[{"@type":"ReadAction","target":["https:\/\/www.campingduvieuxmoulin.fr\/es\/a-ver\/"]}]},{"@type":"ImageObject","inLanguage":"es","@id":"https:\/\/www.campingduvieuxmoulin.fr\/es\/a-ver\/#primaryimage","url":"https:\/\/www.campingduvieuxmoulin.fr\/wp-content\/uploads\/2023\/01\/RESERVER-MON-MH-3-scaled.jpg","contentUrl":"https:\/\/www.campingduvieuxmoulin.fr\/wp-content\/uploads\/2023\/01\/RESERVER-MON-MH-3-scaled.jpg","width":2560,"height":1297},{"@type":"BreadcrumbList","@id":"https:\/\/www.campingduvieuxmoulin.fr\/es\/a-ver\/#breadcrumb","itemListElement":[{"@type":"ListItem","position":1,"name":"Camping Gironde","item":"https:\/\/www.campingduvieuxmoulin.fr\/es\/"},{"@type":"ListItem","position":2,"name":"Turismo en Gironda"}]},{"@type":"WebSite","@id":"https:\/\/www.campingduvieuxmoulin.fr\/es\/#website","url":"https:\/\/www.campingduvieuxmoulin.fr\/es\/","name":"Camping du Vieux Moulin","description":"","potentialAction":[{"@type":"SearchAction","target":{"@type":"EntryPoint","urlTemplate":"https:\/\/www.campingduvieuxmoulin.fr\/es\/?s={search_term_string}"},"query-input":{"@type":"PropertyValueSpecification","valueRequired":true,"valueName":"search_term_string"}}],"inLanguage":"es"}]}},"_links":{"self":[{"href":"https:\/\/www.campingduvieuxmoulin.fr\/es\/wp-json\/wp\/v2\/pages\/6243","targetHints":{"allow":["GET"]}}],"collection":[{"href":"https:\/\/www.campingduvieuxmoulin.fr\/es\/wp-json\/wp\/v2\/pages"}],"about":[{"href":"https:\/\/www.campingduvieuxmoulin.fr\/es\/wp-json\/wp\/v2\/types\/page"}],"author":[{"embeddable":true,"href":"https:\/\/www.campingduvieuxmoulin.fr\/es\/wp-json\/wp\/v2\/users\/1"}],"replies":[{"embeddable":true,"href":"https:\/\/www.campingduvieuxmoulin.fr\/es\/wp-json\/wp\/v2\/comments?post=6243"}],"version-history":[{"count":2,"href":"https:\/\/www.campingduvieuxmoulin.fr\/es\/wp-json\/wp\/v2\/pages\/6243\/revisions"}],"predecessor-version":[{"id":6246,"href":"https:\/\/www.campingduvieuxmoulin.fr\/es\/wp-json\/wp\/v2\/pages\/6243\/revisions\/6246"}],"wp:featuredmedia":[{"embeddable":true,"href":"https:\/\/www.campingduvieuxmoulin.fr\/es\/wp-json\/wp\/v2\/media\/4596"}],"wp:attachment":[{"href":"https:\/\/www.campingduvieuxmoulin.fr\/es\/wp-json\/wp\/v2\/media?parent=6243"}],"curies":[{"name":"wp","href":"https:\/\/api.w.org\/{rel}","templated":true}]}}